{"id":947227,"date":"2024-01-12T16:05:29","date_gmt":"2024-01-12T15:05:29","guid":{"rendered":"https:\/\/www.claret.cat\/llibre\/pau-pinyo-detectiu-en-accio-9788466157087\/"},"modified":"2026-02-27T19:16:51","modified_gmt":"2026-02-27T18:16:51","slug":"pau-pinyo-detectiu-en-accio-9788466157087","status":"publish","type":"product","link":"https:\/\/www.claret.cat\/es\/libro\/pau-pinyo-detectiu-en-accio-9788466157087\/","title":{"rendered":"PAU PINY\u00d3 DETECTIU EN ACCI\u00d3"},"content":{"rendered":"<p>El Pau Piny\u00f3 \u00e9s un l\u00e8mming una mica esverat i maldestre, que sempre t\u00e9 unes idees for\u00e7a\u00a0ximples. Ensopegnt per aqu\u00ed i entrebancant-se per all\u00e0, passa tota mena de perip\u00e8cies.En aquest cas, es posa a fer de detectiu per trobar la galleda de la seva \u00e0via. Recorre tot el bosc per\u00f2 no t\u00e9 gens d&#8221;\u00e8xit. \u00e9s un detectiu de pega!<\/p>\n","protected":false},"excerpt":{"rendered":"<p>PINTADERA , FRAN<\/p>\n","protected":false},"featured_media":947228,"template":"","meta":{"_acf_changed":false,"om_disable_all_campaigns":false,"rs_blank_template":"","rs_page_bg_color":"","slide_template_v7":"","inline_featured_image":false,"_monsterinsights_skip_tracking":false,"_monsterinsights_sitenote_active":false,"_monsterinsights_sitenote_note":"","_monsterinsights_sitenote_category":0},"product_brand":[],"product_cat":[131,361],"product_tag":[],"class_list":{"0":"post-947227","1":"product","2":"type-product","3":"status-publish","4":"has-post-thumbnail","6":"product_cat-contes-per-infants-0-6-anys","7":"product_cat-cuentos-para-ninos-0-6-anos","9":"first","10":"instock","11":"taxable","12":"shipping-taxable","13":"purchasable","14":"product-type-simple"},"acf":{"autor":"PINTADERA , FRAN","codart":"846615708","libros-coleccion":"FORA DE COL.LECCI\u00d3","ediciones":"1","encuadernacion":"Carton\u00e9","fecha_de_publicacion":"08\/02\/2024","novedad":"1","paginas":"40","subtitulo":"","orden":"0","portada":"0","idioma":"cat","editorial":[{"ID":147679,"post_author":"3","post_date":"2022-10-14 11:52:25","post_date_gmt":"2022-10-14 09:52:25","post_content":"","post_title":"CRUILLA \/SM-EDICIONS -VALENCIANO\/CATALAN","post_excerpt":"","post_status":"publish","comment_status":"closed","ping_status":"closed","post_password":"","post_name":"cruilla-sm-edicions-valenciano-catalan","to_ping":"","pinged":"","post_modified":"2022-10-14 11:52:25","post_modified_gmt":"2022-10-14 09:52:25","post_content_filtered":"","post_parent":0,"guid":"http:\/\/dev.claret.cat\/editorial\/cruilla-sm-edicions-valenciano-catalan\/","menu_order":0,"post_type":"editorial","post_mime_type":"","comment_count":"0","filter":"raw"}],"autores-libros":[{"ID":156047,"post_author":"3","post_date":"2022-10-14 15:17:42","post_date_gmt":"2022-10-14 13:17:42","post_content":"","post_title":"FRAN PINTADERA","post_excerpt":"","post_status":"publish","comment_status":"closed","ping_status":"closed","post_password":"","post_name":"fran-pintadera","to_ping":"","pinged":"","post_modified":"2022-10-14 15:17:42","post_modified_gmt":"2022-10-14 13:17:42","post_content_filtered":"","post_parent":0,"guid":"http:\/\/dev.claret.cat\/autor\/fran-pintadera\/","menu_order":0,"post_type":"autor","post_mime_type":"","comment_count":"0","filter":"raw"}],"booktrailer":"","resenas":""},"aioseo_notices":[],"_links":{"self":[{"href":"https:\/\/www.claret.cat\/es\/wp-json\/wp\/v2\/product\/947227","targetHints":{"allow":["GET"]}}],"collection":[{"href":"https:\/\/www.claret.cat\/es\/wp-json\/wp\/v2\/product"}],"about":[{"href":"https:\/\/www.claret.cat\/es\/wp-json\/wp\/v2\/types\/product"}],"wp:featuredmedia":[{"embeddable":true,"href":"https:\/\/www.claret.cat\/es\/wp-json\/wp\/v2\/media\/947228"}],"wp:attachment":[{"href":"https:\/\/www.claret.cat\/es\/wp-json\/wp\/v2\/media?parent=947227"}],"wp:term":[{"taxonomy":"product_brand","embeddable":true,"href":"https:\/\/www.claret.cat\/es\/wp-json\/wp\/v2\/product_brand?post=947227"},{"taxonomy":"product_cat","embeddable":true,"href":"https:\/\/www.claret.cat\/es\/wp-json\/wp\/v2\/product_cat?post=947227"},{"taxonomy":"product_tag","embeddable":true,"href":"https:\/\/www.claret.cat\/es\/wp-json\/wp\/v2\/product_tag?post=947227"}],"curies":[{"name":"wp","href":"https:\/\/api.w.org\/{rel}","templated":true}]}}