{"id":947241,"date":"2024-01-12T16:11:28","date_gmt":"2024-01-12T15:11:28","guid":{"rendered":"https:\/\/www.claret.cat\/llibre\/lot-pau-pinyo-una-aventura-sense-pantalons-nino-9788466156912\/"},"modified":"2026-01-20T13:45:42","modified_gmt":"2026-01-20T12:45:42","slug":"lot-pau-pinyo-una-aventura-sense-pantalons-nino-9788466156912","status":"publish","type":"product","link":"https:\/\/www.claret.cat\/es\/libro\/lot-pau-pinyo-una-aventura-sense-pantalons-nino-9788466156912\/","title":{"rendered":"LOT PAU PINY\u00d3 (UNA AVENTURA SENSE PANTALONS + NINO)"},"content":{"rendered":"<p>El Pau Piny\u00f3 \u00e9s\u00a0un l\u00e8mming que sempre va esverat. Entrebancant-se per aqu\u00ed i ensopegant per all\u00e0, passar\u00e0 tota mena de perip\u00e8cies. Segur que amb aquest llibre et far\u00e0s un fart de riure.En aquesta ocasi\u00f3 vol trobar una rosella groga per regalar-la a la seva \u00e0via. Per\u00f2 tot plegat \u00e9s una mica dif\u00edcil&#8230; Ho aconseguir\u00e0?Lot amb el\u00a0llibre &#8216;Una aventura sense pantalons&#8217;\u00a0\u00a0i nino del Pau Piny\u00f3<\/p>\n","protected":false},"excerpt":{"rendered":"<p>ANDR\u00c9S, JOS\u00c9 CARLOS<\/p>\n","protected":false},"featured_media":1074789,"template":"","meta":{"_acf_changed":false,"om_disable_all_campaigns":false,"rs_blank_template":"","rs_page_bg_color":"","slide_template_v7":"","inline_featured_image":false,"_monsterinsights_skip_tracking":false,"_monsterinsights_sitenote_active":false,"_monsterinsights_sitenote_note":"","_monsterinsights_sitenote_category":0},"product_brand":[],"product_cat":[131,361],"product_tag":[],"class_list":{"0":"post-947241","1":"product","2":"type-product","3":"status-publish","4":"has-post-thumbnail","6":"product_cat-contes-per-infants-0-6-anys","7":"product_cat-cuentos-para-ninos-0-6-anos","9":"first","10":"instock","11":"taxable","12":"shipping-taxable","13":"purchasable","14":"product-type-simple"},"acf":{"autor":"ANDR\u00c9S, JOS\u00c9 CARLOS","codart":"846615691","libros-coleccion":"FORA DE COL.LECCI\u00d3","ediciones":"1","encuadernacion":"Carton\u00e9","fecha_de_publicacion":"08\/02\/2024","novedad":"1","paginas":"40","subtitulo":"","orden":"0","portada":"0","idioma":"cat","editorial":[{"ID":147679,"post_author":"3","post_date":"2022-10-14 11:52:25","post_date_gmt":"2022-10-14 09:52:25","post_content":"","post_title":"CRUILLA \/SM-EDICIONS -VALENCIANO\/CATALAN","post_excerpt":"","post_status":"publish","comment_status":"closed","ping_status":"closed","post_password":"","post_name":"cruilla-sm-edicions-valenciano-catalan","to_ping":"","pinged":"","post_modified":"2022-10-14 11:52:25","post_modified_gmt":"2022-10-14 09:52:25","post_content_filtered":"","post_parent":0,"guid":"http:\/\/dev.claret.cat\/editorial\/cruilla-sm-edicions-valenciano-catalan\/","menu_order":0,"post_type":"editorial","post_mime_type":"","comment_count":"0","filter":"raw"}],"autores-libros":[{"ID":160204,"post_author":"3","post_date":"2022-10-14 15:51:08","post_date_gmt":"2022-10-14 13:51:08","post_content":"","post_title":"JOS\u00c9 CARLOS ANDR\u00c9S","post_excerpt":"","post_status":"publish","comment_status":"closed","ping_status":"closed","post_password":"","post_name":"jose-carlos-andres","to_ping":"","pinged":"","post_modified":"2022-10-14 15:51:08","post_modified_gmt":"2022-10-14 13:51:08","post_content_filtered":"","post_parent":0,"guid":"http:\/\/dev.claret.cat\/autor\/jose-carlos-andres\/","menu_order":0,"post_type":"autor","post_mime_type":"","comment_count":"0","filter":"raw"}],"booktrailer":"","resenas":""},"aioseo_notices":[],"_links":{"self":[{"href":"https:\/\/www.claret.cat\/es\/wp-json\/wp\/v2\/product\/947241","targetHints":{"allow":["GET"]}}],"collection":[{"href":"https:\/\/www.claret.cat\/es\/wp-json\/wp\/v2\/product"}],"about":[{"href":"https:\/\/www.claret.cat\/es\/wp-json\/wp\/v2\/types\/product"}],"wp:featuredmedia":[{"embeddable":true,"href":"https:\/\/www.claret.cat\/es\/wp-json\/wp\/v2\/media\/1074789"}],"wp:attachment":[{"href":"https:\/\/www.claret.cat\/es\/wp-json\/wp\/v2\/media?parent=947241"}],"wp:term":[{"taxonomy":"product_brand","embeddable":true,"href":"https:\/\/www.claret.cat\/es\/wp-json\/wp\/v2\/product_brand?post=947241"},{"taxonomy":"product_cat","embeddable":true,"href":"https:\/\/www.claret.cat\/es\/wp-json\/wp\/v2\/product_cat?post=947241"},{"taxonomy":"product_tag","embeddable":true,"href":"https:\/\/www.claret.cat\/es\/wp-json\/wp\/v2\/product_tag?post=947241"}],"curies":[{"name":"wp","href":"https:\/\/api.w.org\/{rel}","templated":true}]}}