{"id":947598,"date":"2024-01-16T16:40:43","date_gmt":"2024-01-16T15:40:43","guid":{"rendered":"https:\/\/www.claret.cat\/llibre\/drila-cocodrila-4-viajera-galactica-aprendo-a-leer-9788408279570\/"},"modified":"2024-02-01T18:50:28","modified_gmt":"2024-02-01T17:50:28","slug":"drila-cocodrila-4-viajera-galactica-aprendo-a-leer-9788408279570","status":"publish","type":"product","link":"https:\/\/www.claret.cat\/es\/libro\/drila-cocodrila-4-viajera-galactica-aprendo-a-leer-9788408279570\/","title":{"rendered":"DRILA COCODRILA 4. VIAJERA GAL\u00c1CTICA. APRENDO A LEER"},"content":{"rendered":"<p>DRILA COCODRILA es una colecci\u00f3n de libros en letra may\u00fascula para aprender a leer protagonizada por cinco peculiares animales que viven en un prado muy especial.<br \/> Drila vive junto a sus amigos Mapi, Lombriz y las Ovejas en Pradoverde, un lugar min\u00fasculo donde tienen lugar aventuras MAY\u00daSCULAS.<br \/> En VIAJERA ESPACIAL, Drila y Mapi salen por primera vez de Pradoverde y emprenden un viaje gal\u00e1ctico hasta un misterioso planeta donde vive una temible Lombriz gigante. \u00bfPodr\u00e1n vencerla? \u00bfY si resulta que la mejor arma para combatirla no es otra que la AMABILIDAD?<br \/> \u00bfPOR QU\u00c9 ES PERFECTA PARA QUE SE LANCEN A LEER SOLOS?<br \/> -Con 4 vi\u00f1etas en cada p\u00e1gina y poco texto, permite pasar de p\u00e1gina con rapidez, lo que da sensaci\u00f3n de avanzar en la lectura,\u00a0refuerza la motivaci\u00f3n y evita la frustraci\u00f3n.\u00a0<br \/> -La letra may\u00fascula es m\u00e1s f\u00e1cil de reconocer para los aprendices de lector.<br \/> -El formato en vi\u00f1etas\u00a0les permite entrar en una historia con una trama y un sentido del humor ajustados a su nivel, y a la vez les permite leer solos con facilidad.<br \/> -La ilustraci\u00f3n apoya la lectura: les permite reconocer emociones gracias a las expresiones de los personajes, y adem\u00e1s aporta muchos detalles que invitan a explorar y descubrir nuevos elementos en cada lectura.\u00a0<\/p>\n<p> \u00bfPOR QU\u00c9 LES ENCANTAR\u00c1N LAS AVENTURAS DE DRILA Y SUS AMIGOS?<br \/> -En cada libro, encontrar\u00e1n situaciones que se parecen mucho a las que se pueden encontrar en el patio de un colegio: amistad, ri\u00f1as, juegos y trampas, gesti\u00f3n de la frustraci\u00f3n, descubrir los propios talentos&#8230;<br \/> -Drila, Mapi, Lombriz y las ovejas son cinco personajes entra\u00f1ables y divertid\u00edsimos, todos con una personalidad \u00fanica que les robar\u00e1 el coraz\u00f3n.<br \/> -Se sumergir\u00e1n en un mundo de diversi\u00f3n, amistad y descubrimientos mientras aprenden a conocerse a s\u00ed mismos y el entorno en el que viven.<\/p>\n","protected":false},"excerpt":{"rendered":"<p>G\u00d3MEZ<\/p>\n","protected":false},"featured_media":947733,"template":"","meta":{"_acf_changed":false,"om_disable_all_campaigns":false,"rs_blank_template":"","rs_page_bg_color":"","slide_template_v7":"","inline_featured_image":false,"_monsterinsights_skip_tracking":false,"_monsterinsights_sitenote_active":false,"_monsterinsights_sitenote_note":"","_monsterinsights_sitenote_category":0},"product_brand":[],"product_cat":[131,361],"product_tag":[],"class_list":{"0":"post-947598","1":"product","2":"type-product","3":"status-publish","4":"has-post-thumbnail","6":"product_cat-contes-per-infants-0-6-anys","7":"product_cat-cuentos-para-ninos-0-6-anos","9":"first","10":"instock","11":"taxable","12":"shipping-taxable","13":"purchasable","14":"product-type-simple"},"acf":{"autor":"G\u00d3MEZ","codart":"840827957","libros-coleccion":"FORA DE COL.LECCI\u00d3","ediciones":"1","encuadernacion":"Carton\u00e9","fecha_de_publicacion":"01\/01\/2024","novedad":"1","paginas":"66","subtitulo":"","orden":"0","portada":"0","idioma":"spa","editorial":[{"ID":6233,"post_author":"3","post_date":"2022-07-28 17:47:48","post_date_gmt":"2022-07-28 15:47:48","post_content":"","post_title":"EDITORIAL PLANETA","post_excerpt":"","post_status":"publish","comment_status":"closed","ping_status":"closed","post_password":"","post_name":"editorial-planeta","to_ping":"","pinged":"","post_modified":"2022-07-28 17:47:48","post_modified_gmt":"2022-07-28 15:47:48","post_content_filtered":"","post_parent":0,"guid":"http:\/\/dev.claret.cat\/editorial\/editorial-planeta\/","menu_order":0,"post_type":"editorial","post_mime_type":"","comment_count":"0","filter":"raw"}],"autores-libros":[{"ID":157019,"post_author":"3","post_date":"2022-10-14 15:25:28","post_date_gmt":"2022-10-14 13:25:28","post_content":"","post_title":"G\u00d3MEZ","post_excerpt":"","post_status":"publish","comment_status":"closed","ping_status":"closed","post_password":"","post_name":"gomez","to_ping":"","pinged":"","post_modified":"2022-10-14 15:25:28","post_modified_gmt":"2022-10-14 13:25:28","post_content_filtered":"","post_parent":0,"guid":"http:\/\/dev.claret.cat\/autor\/gomez\/","menu_order":0,"post_type":"autor","post_mime_type":"","comment_count":"0","filter":"raw"}]},"aioseo_notices":[],"_links":{"self":[{"href":"https:\/\/www.claret.cat\/es\/wp-json\/wp\/v2\/product\/947598","targetHints":{"allow":["GET"]}}],"collection":[{"href":"https:\/\/www.claret.cat\/es\/wp-json\/wp\/v2\/product"}],"about":[{"href":"https:\/\/www.claret.cat\/es\/wp-json\/wp\/v2\/types\/product"}],"wp:featuredmedia":[{"embeddable":true,"href":"https:\/\/www.claret.cat\/es\/wp-json\/wp\/v2\/media\/947733"}],"wp:attachment":[{"href":"https:\/\/www.claret.cat\/es\/wp-json\/wp\/v2\/media?parent=947598"}],"wp:term":[{"taxonomy":"product_brand","embeddable":true,"href":"https:\/\/www.claret.cat\/es\/wp-json\/wp\/v2\/product_brand?post=947598"},{"taxonomy":"product_cat","embeddable":true,"href":"https:\/\/www.claret.cat\/es\/wp-json\/wp\/v2\/product_cat?post=947598"},{"taxonomy":"product_tag","embeddable":true,"href":"https:\/\/www.claret.cat\/es\/wp-json\/wp\/v2\/product_tag?post=947598"}],"curies":[{"name":"wp","href":"https:\/\/api.w.org\/{rel}","templated":true}]}}