{"id":947616,"date":"2024-01-16T16:45:44","date_gmt":"2024-01-16T15:45:44","guid":{"rendered":"https:\/\/www.claret.cat\/llibre\/iku-en-la-granja-libro-con-sonidos-9788408276456\/"},"modified":"2024-01-17T15:55:21","modified_gmt":"2024-01-17T14:55:21","slug":"iku-en-la-granja-libro-con-sonidos-9788408276456","status":"publish","type":"product","link":"https:\/\/www.claret.cat\/es\/libro\/iku-en-la-granja-libro-con-sonidos-9788408276456\/","title":{"rendered":"IKU EN LA GRANJA. LIBRO CON SONIDOS"},"content":{"rendered":"<p>Un libro con sonidos de animales de la granja que tiene como protagonista a Iku.\u00a1Un libro con 5 sonidos divertid\u00edsimos\u00a0de la granja!<br \/> Hoy Iku ir\u00e1 a la granja, \u00a1hay tanto que hacer! Saludar\u00e1 a los cerditos, dar\u00e1 de comer a la ovejita, y luego ir\u00e1 al prado a ver las vacas. A las criaturas les encantar\u00e1 ver c\u00f3mo sus botas se quedan atrapadas en el barro\u2026 \u00a1y o\u00edr el divertido sonido que hacen! \u00a1Oh, oh!<br \/> Un libro sonoro ideal para compartir con peques a quienes les fascinen los animales. Adem\u00e1s, repasar\u00e1n distintos colores en cada p\u00e1gina: el rojo del tractor, el rosa de los cerditos, el blanco de la leche, el verde de la hierba&#8230;\u00a0Con un peque\u00f1o mensaje de resiliencia al final, este libro est\u00e1 pensado para peques a partir de 1 a\u00f1o.<br \/> Los botones est\u00e1n adaptados a peque\u00f1as manos e invitan a interactuar con el libro. Los peques apretar\u00e1n los botones una y otra vez, fascinados por los sonidos. Les encantar\u00e1 escuchar el tractor, la ovejita bebiendo leche, la vaca mugiendo, una ca\u00edda en el barro y el canto del gallo al despedirse de su gran d\u00eda en la granja.<br \/> Las ilustraciones de Nicola Slater son, a parte de\u00a0adorables, muy detalladas, lo\u00a0que permite hacer muchos comentarios sobre lo que est\u00e1 sucediendo en cada p\u00e1gina.<br \/> Con un enfoque moderno que sirve tanto para ni\u00f1as como para ni\u00f1os ya que est\u00e1 libre de estereotipos de g\u00e9nero.<br \/> Recomendado a partir de 1 a\u00f1o.<br \/> Ilustrado por Nicola Slater.<br \/> T\u00edtulos de la colecci\u00f3n Iku:<\/p>\n<p> Iku en la granja<br \/> Iku va al cole<br \/> Iku se va a dormir<br \/> Iku ya no lleva pa\u00f1al<\/p>\n","protected":false},"excerpt":{"rendered":"<p>SLATER, NICOLA \/ REID, CAMILLA<\/p>\n","protected":false},"featured_media":947739,"template":"","meta":{"_acf_changed":false,"om_disable_all_campaigns":false,"rs_blank_template":"","rs_page_bg_color":"","slide_template_v7":"","inline_featured_image":false,"_monsterinsights_skip_tracking":false,"_monsterinsights_sitenote_active":false,"_monsterinsights_sitenote_note":"","_monsterinsights_sitenote_category":0},"product_brand":[],"product_cat":[131,361],"product_tag":[],"class_list":{"0":"post-947616","1":"product","2":"type-product","3":"status-publish","4":"has-post-thumbnail","6":"product_cat-contes-per-infants-0-6-anys","7":"product_cat-cuentos-para-ninos-0-6-anos","9":"first","10":"instock","11":"taxable","12":"shipping-taxable","13":"purchasable","14":"product-type-simple"},"acf":{"autor":"SLATER, NICOLA \/ REID, CAMILLA","codart":"840827645","libros-coleccion":"Libros con sonido","ediciones":"1","encuadernacion":"Carpeta","fecha_de_publicacion":"01\/01\/2024","novedad":"1","paginas":"10","subtitulo":"","orden":"0","portada":"0","idioma":"spa","editorial":[{"ID":6233,"post_author":"3","post_date":"2022-07-28 17:47:48","post_date_gmt":"2022-07-28 15:47:48","post_content":"","post_title":"EDITORIAL PLANETA","post_excerpt":"","post_status":"publish","comment_status":"closed","ping_status":"closed","post_password":"","post_name":"editorial-planeta","to_ping":"","pinged":"","post_modified":"2022-07-28 17:47:48","post_modified_gmt":"2022-07-28 15:47:48","post_content_filtered":"","post_parent":0,"guid":"http:\/\/dev.claret.cat\/editorial\/editorial-planeta\/","menu_order":0,"post_type":"editorial","post_mime_type":"","comment_count":"0","filter":"raw"}],"autores-libros":[{"ID":165815,"post_author":"3","post_date":"2022-10-14 17:58:10","post_date_gmt":"2022-10-14 15:58:10","post_content":"","post_title":"NICOLA SLATER","post_excerpt":"","post_status":"publish","comment_status":"closed","ping_status":"closed","post_password":"","post_name":"nicola-slater","to_ping":"","pinged":"","post_modified":"2022-10-14 17:58:10","post_modified_gmt":"2022-10-14 15:58:10","post_content_filtered":"","post_parent":0,"guid":"http:\/\/dev.claret.cat\/autor\/nicola-slater\/","menu_order":0,"post_type":"autor","post_mime_type":"","comment_count":"0","filter":"raw"},{"ID":152031,"post_author":"3","post_date":"2022-10-14 14:45:33","post_date_gmt":"2022-10-14 12:45:33","post_content":"","post_title":"CAMILLA REID","post_excerpt":"","post_status":"publish","comment_status":"closed","ping_status":"closed","post_password":"","post_name":"camilla-reid","to_ping":"","pinged":"","post_modified":"2022-10-14 14:45:33","post_modified_gmt":"2022-10-14 12:45:33","post_content_filtered":"","post_parent":0,"guid":"http:\/\/dev.claret.cat\/autor\/camilla-reid\/","menu_order":0,"post_type":"autor","post_mime_type":"","comment_count":"0","filter":"raw"}]},"aioseo_notices":[],"_links":{"self":[{"href":"https:\/\/www.claret.cat\/es\/wp-json\/wp\/v2\/product\/947616","targetHints":{"allow":["GET"]}}],"collection":[{"href":"https:\/\/www.claret.cat\/es\/wp-json\/wp\/v2\/product"}],"about":[{"href":"https:\/\/www.claret.cat\/es\/wp-json\/wp\/v2\/types\/product"}],"wp:featuredmedia":[{"embeddable":true,"href":"https:\/\/www.claret.cat\/es\/wp-json\/wp\/v2\/media\/947739"}],"wp:attachment":[{"href":"https:\/\/www.claret.cat\/es\/wp-json\/wp\/v2\/media?parent=947616"}],"wp:term":[{"taxonomy":"product_brand","embeddable":true,"href":"https:\/\/www.claret.cat\/es\/wp-json\/wp\/v2\/product_brand?post=947616"},{"taxonomy":"product_cat","embeddable":true,"href":"https:\/\/www.claret.cat\/es\/wp-json\/wp\/v2\/product_cat?post=947616"},{"taxonomy":"product_tag","embeddable":true,"href":"https:\/\/www.claret.cat\/es\/wp-json\/wp\/v2\/product_tag?post=947616"}],"curies":[{"name":"wp","href":"https:\/\/api.w.org\/{rel}","templated":true}]}}