{"id":947666,"date":"2024-01-17T12:50:13","date_gmt":"2024-01-17T11:50:13","guid":{"rendered":"https:\/\/www.claret.cat\/llibre\/urgell-la-febre-daigua-9788419657541\/"},"modified":"2024-04-23T20:01:20","modified_gmt":"2024-04-23T18:01:20","slug":"urgell-la-febre-daigua-9788419657541","status":"publish","type":"product","link":"https:\/\/www.claret.cat\/es\/libro\/urgell-la-febre-daigua-9788419657541\/","title":{"rendered":"URGELL. LA FEBRE D&#8217;AIGUA"},"content":{"rendered":"<p>Una novel\u00b7la sobre l&#8217;apassionant epopeia humana de la construcci\u00f3 del Canal d&#8217;Urgell.Una novel\u00b7la sobre la gran epopeia humana que va representar a mitjans del segle XIX la construcci\u00f3 del Canal d&#8217;Urgell, una de les obres m\u00e9s ambicioses de la seva \u00e8poca a tot Europa. La ci\u00e8ncia, el progr\u00e9s i la ra\u00f3 havien de servir per dur l&#8217;aigua al desert d&#8217;Urgell, una terra eixuta, pobra i desolada per les guerres carlines. La seva construcci\u00f3, amb capitals catalans i fent servir presidiaris, va trasbalsar els habitants de la zona. L&#8217;obra era alhora un prodigi t\u00e8cnic i un drama hum\u00e0. L&#8217;endem\u00e0 de l&#8217;obra els resultats no van ser els esperats: un frac\u00e0s, una derrota. Nom\u00e9s un segle m\u00e9s tard l&#8217;efecte del Canal va fer un tomb sencer i va canviar totalment la plana, que es transformar\u00e0\u00a0 en verda i f\u00e8rtil.<\/p>\n<p>M\u00e9s enll\u00e0 de la hist\u00f2ria concreta, la novel\u00b7la esdev\u00e9 una met\u00e0fora de tots aquells episodis hist\u00f2rics \u2014alguns de ben pr\u00f2xims\u2014 en qu\u00e8 la gent es revolta espont\u00e0niament contra una situaci\u00f3 injusta i hostil i somia una revoluci\u00f3 per canviar-la. Amb esperan\u00e7a i sacrificis, amb errors, contradiccions i heroisme i una sensaci\u00f3 de decepci\u00f3 i de frac\u00e0s. Nom\u00e9s despr\u00e9s de molt temps sabrem si aquesta gesta, que semblava fracassada, \u00e9s o no la llavor d&#8217;un canvi positiu. No pas d&#8217;un parad\u00eds a la terra, per\u00f2 s\u00ed d&#8217;un m\u00f3n millor.<\/p>\n","protected":false},"excerpt":{"rendered":"<p>VILLATORO, VICEN\u00c7<\/p>\n","protected":false},"featured_media":948160,"template":"","meta":{"_acf_changed":false,"om_disable_all_campaigns":false,"rs_blank_template":"","rs_page_bg_color":"","slide_template_v7":"","inline_featured_image":false,"_monsterinsights_skip_tracking":false,"_monsterinsights_sitenote_active":false,"_monsterinsights_sitenote_note":"","_monsterinsights_sitenote_category":0},"product_brand":[],"product_cat":[127,357],"product_tag":[],"class_list":{"0":"post-947666","1":"product","2":"type-product","3":"status-publish","4":"has-post-thumbnail","6":"product_cat-novella-contemporania","7":"product_cat-novela-contemporanea","9":"first","10":"instock","11":"taxable","12":"shipping-taxable","13":"purchasable","14":"product-type-simple"},"acf":{"autor":"VILLATORO, VICEN\u00c7","codart":"841965754","libros-coleccion":"A TOT VENT","ediciones":"1","encuadernacion":"Carpeta","fecha_de_publicacion":"01\/01\/2024","novedad":"1","paginas":"608","subtitulo":"","orden":"0","portada":"1","idioma":"cat","editorial":[{"ID":6336,"post_author":"3","post_date":"2022-07-28 17:50:00","post_date_gmt":"2022-07-28 15:50:00","post_content":"","post_title":"Proa","post_excerpt":"","post_status":"publish","comment_status":"closed","ping_status":"closed","post_password":"","post_name":"proa","to_ping":"","pinged":"","post_modified":"2022-07-28 17:50:00","post_modified_gmt":"2022-07-28 15:50:00","post_content_filtered":"","post_parent":0,"guid":"http:\/\/dev.claret.cat\/editorial\/proa\/","menu_order":0,"post_type":"editorial","post_mime_type":"","comment_count":"0","filter":"raw"}],"autores-libros":[{"ID":170923,"post_author":"3","post_date":"2022-10-14 22:39:16","post_date_gmt":"2022-10-14 20:39:16","post_content":"","post_title":"VICEN\u00c7 VILLATORO","post_excerpt":"","post_status":"publish","comment_status":"closed","ping_status":"closed","post_password":"","post_name":"vicenc-villatoro","to_ping":"","pinged":"","post_modified":"2022-10-14 22:39:16","post_modified_gmt":"2022-10-14 20:39:16","post_content_filtered":"","post_parent":0,"guid":"http:\/\/dev.claret.cat\/autor\/vicenc-villatoro\/","menu_order":0,"post_type":"autor","post_mime_type":"","comment_count":"0","filter":"raw"}]},"aioseo_notices":[],"_links":{"self":[{"href":"https:\/\/www.claret.cat\/es\/wp-json\/wp\/v2\/product\/947666","targetHints":{"allow":["GET"]}}],"collection":[{"href":"https:\/\/www.claret.cat\/es\/wp-json\/wp\/v2\/product"}],"about":[{"href":"https:\/\/www.claret.cat\/es\/wp-json\/wp\/v2\/types\/product"}],"wp:featuredmedia":[{"embeddable":true,"href":"https:\/\/www.claret.cat\/es\/wp-json\/wp\/v2\/media\/948160"}],"wp:attachment":[{"href":"https:\/\/www.claret.cat\/es\/wp-json\/wp\/v2\/media?parent=947666"}],"wp:term":[{"taxonomy":"product_brand","embeddable":true,"href":"https:\/\/www.claret.cat\/es\/wp-json\/wp\/v2\/product_brand?post=947666"},{"taxonomy":"product_cat","embeddable":true,"href":"https:\/\/www.claret.cat\/es\/wp-json\/wp\/v2\/product_cat?post=947666"},{"taxonomy":"product_tag","embeddable":true,"href":"https:\/\/www.claret.cat\/es\/wp-json\/wp\/v2\/product_tag?post=947666"}],"curies":[{"name":"wp","href":"https:\/\/api.w.org\/{rel}","templated":true}]}}