{"id":947693,"date":"2024-01-17T13:05:28","date_gmt":"2024-01-17T12:05:28","guid":{"rendered":"https:\/\/www.claret.cat\/llibre\/liku-a-la-granja-llibre-amb-sons-9788413896410\/"},"modified":"2025-10-20T19:44:36","modified_gmt":"2025-10-20T17:44:36","slug":"liku-a-la-granja-llibre-amb-sons-9788413896410","status":"publish","type":"product","link":"https:\/\/www.claret.cat\/es\/libro\/liku-a-la-granja-llibre-amb-sons-9788413896410\/","title":{"rendered":"L&#8217;IKU A LA GRANJA. LLIBRE AMB SONS"},"content":{"rendered":"<p>Un llibre amb sons d&#8217;animals de la granja que t\u00e9 com a protagonista l&#8217;Iku.Un llibre amb\u00a05 sons divertid\u00edssims relacionats amb la granja!<br \/> Avui l&#8217;Iku va de visita a la granja, hi ha tantes coses a fer! Saludrar\u00e0 els porquets, donar\u00e0 menjar al xai, i despr\u00e9s anir\u00e0 al prat a veure les vaques. Als infants els encantar\u00e0 veure com les seves botes\u00a0queden atrapades al fang&#8230; i sentir el soroll que fan! Oh, oh! Amb un senzill missatge de resili\u00e8ncia al final, aquest llibre est\u00e0 pensat per criatures a partir d&#8217;1 any.<br \/> Un llibre sonor\u00a0ideal per compartir amb infants a qui els fascinin els animals. A m\u00e9s a m\u00e9s, repassaran els diferents colors a cada p\u00e0gina: el vermell del tractor, el rosa dels porquets, el blanc de la llet, el verd de l&#8217;herba&#8230;<br \/> Els botons estan adaptats a mans petites i conviden a interactuar amb el llibre. Els infants premeran els botons una i altra vegada, fascinats pels sons. Els encantar\u00e0 escoltar el so del tractor, el xai bebent llet, la vaca mugint, una caiguda al fang i el cant del gall a l&#8217;acomiadar-se del seu gran dia a la granja.<br \/> Les il\u00b7lustracions de Nicola Slater s\u00f3n, a part d&#8217;adorables, molt detallades, cosa que permet fer molts comentaris sobre qu\u00e8 succeeix a cada escena.\u00a0<br \/> Des d&#8217;un punt de vista modern que serveix tant per a nens com per a nenes ja que est\u00e0 lliure d&#8217;estereotips de g\u00e8nere.<br \/> Recomanat a partir d&#8217;1 any.<br \/> T\u00edtols de la col\u00b7lecci\u00f3 Iku:<\/p>\n<p> L&#8217;Iku ja no porta bolquer<br \/> L&#8217;Iku va a l&#8217;escola<br \/> L&#8217;Iku se&#8221;n va a dormir<br \/> L&#8217;Iku a la granja<\/p>\n","protected":false},"excerpt":{"rendered":"<p>SLATER, NICOLA \/ REID, CAMILLA<\/p>\n","protected":false},"featured_media":947721,"template":"","meta":{"_acf_changed":false,"om_disable_all_campaigns":false,"rs_blank_template":"","rs_page_bg_color":"","slide_template_v7":"","inline_featured_image":false,"_monsterinsights_skip_tracking":false,"_monsterinsights_sitenote_active":false,"_monsterinsights_sitenote_note":"","_monsterinsights_sitenote_category":0},"product_brand":[],"product_cat":[131,361],"product_tag":[],"class_list":{"0":"post-947693","1":"product","2":"type-product","3":"status-publish","4":"has-post-thumbnail","6":"product_cat-contes-per-infants-0-6-anys","7":"product_cat-cuentos-para-ninos-0-6-anos","9":"first","10":"instock","11":"taxable","12":"shipping-taxable","13":"purchasable","14":"product-type-simple"},"acf":{"autor":"SLATER, NICOLA \/ REID, CAMILLA","codart":"841389641","libros-coleccion":"FORA DE COL.LECCI\u00d3","ediciones":"1","encuadernacion":"Carpeta","fecha_de_publicacion":"01\/01\/2024","novedad":"1","paginas":"10","subtitulo":"","orden":"0","portada":"0","idioma":"cat","editorial":[{"ID":6249,"post_author":"3","post_date":"2022-07-28 17:48:09","post_date_gmt":"2022-07-28 15:48:09","post_content":"","post_title":"Estrella Polar","post_excerpt":"","post_status":"publish","comment_status":"closed","ping_status":"closed","post_password":"","post_name":"estrella-polar","to_ping":"","pinged":"","post_modified":"2022-07-28 17:48:09","post_modified_gmt":"2022-07-28 15:48:09","post_content_filtered":"","post_parent":0,"guid":"http:\/\/dev.claret.cat\/editorial\/estrella-polar\/","menu_order":0,"post_type":"editorial","post_mime_type":"","comment_count":"0","filter":"raw"}],"autores-libros":[{"ID":165815,"post_author":"3","post_date":"2022-10-14 17:58:10","post_date_gmt":"2022-10-14 15:58:10","post_content":"","post_title":"NICOLA SLATER","post_excerpt":"","post_status":"publish","comment_status":"closed","ping_status":"closed","post_password":"","post_name":"nicola-slater","to_ping":"","pinged":"","post_modified":"2022-10-14 17:58:10","post_modified_gmt":"2022-10-14 15:58:10","post_content_filtered":"","post_parent":0,"guid":"http:\/\/dev.claret.cat\/autor\/nicola-slater\/","menu_order":0,"post_type":"autor","post_mime_type":"","comment_count":"0","filter":"raw"},{"ID":152031,"post_author":"3","post_date":"2022-10-14 14:45:33","post_date_gmt":"2022-10-14 12:45:33","post_content":"","post_title":"CAMILLA REID","post_excerpt":"","post_status":"publish","comment_status":"closed","ping_status":"closed","post_password":"","post_name":"camilla-reid","to_ping":"","pinged":"","post_modified":"2022-10-14 14:45:33","post_modified_gmt":"2022-10-14 12:45:33","post_content_filtered":"","post_parent":0,"guid":"http:\/\/dev.claret.cat\/autor\/camilla-reid\/","menu_order":0,"post_type":"autor","post_mime_type":"","comment_count":"0","filter":"raw"}],"booktrailer":"","resenas":""},"aioseo_notices":[],"_links":{"self":[{"href":"https:\/\/www.claret.cat\/es\/wp-json\/wp\/v2\/product\/947693","targetHints":{"allow":["GET"]}}],"collection":[{"href":"https:\/\/www.claret.cat\/es\/wp-json\/wp\/v2\/product"}],"about":[{"href":"https:\/\/www.claret.cat\/es\/wp-json\/wp\/v2\/types\/product"}],"wp:featuredmedia":[{"embeddable":true,"href":"https:\/\/www.claret.cat\/es\/wp-json\/wp\/v2\/media\/947721"}],"wp:attachment":[{"href":"https:\/\/www.claret.cat\/es\/wp-json\/wp\/v2\/media?parent=947693"}],"wp:term":[{"taxonomy":"product_brand","embeddable":true,"href":"https:\/\/www.claret.cat\/es\/wp-json\/wp\/v2\/product_brand?post=947693"},{"taxonomy":"product_cat","embeddable":true,"href":"https:\/\/www.claret.cat\/es\/wp-json\/wp\/v2\/product_cat?post=947693"},{"taxonomy":"product_tag","embeddable":true,"href":"https:\/\/www.claret.cat\/es\/wp-json\/wp\/v2\/product_tag?post=947693"}],"curies":[{"name":"wp","href":"https:\/\/api.w.org\/{rel}","templated":true}]}}