{"id":94778,"date":"2022-10-12T06:35:35","date_gmt":"2022-10-12T04:35:35","guid":{"rendered":"http:\/\/dev.claret.cat\/producte\/el-club-de-les-quatre-emes-premi-edebe-de-literatura-infantil-2021\/"},"modified":"2024-02-08T12:38:25","modified_gmt":"2024-02-08T11:38:25","slug":"el-club-de-les-quatre-emes-premi-edebe-de-literatura-infantil-2021-9788468352732","status":"publish","type":"product","link":"https:\/\/www.claret.cat\/es\/libro\/el-club-de-les-quatre-emes-premi-edebe-de-literatura-infantil-2021-9788468352732\/","title":{"rendered":"EL CLUB DE LES QUATRE EMES (PREMI EDEB\u00c9 DE LITERATURA INFANTIL 2021)"},"content":{"rendered":"<p>Madam Llam\u00ed t\u00e9 un costum molt lleig: jugar males passades als petits clients de la seva botiga de llaminadures, que \u00e9s al davant del parc, l?indret on gaireb\u00e9 cada dia va tota la canalla de Pomares. La Matilde, en Manel i les dues Maries decideixen escarmentar-la i creen una associaci\u00f3 secret\u00edssima, el Club de les Quatre Emes. Mentre planegen la venjan\u00e7a, esbrinen que Madam Llam\u00ed t\u00e9 un problema familiar greu que els far\u00e0 canviar de plans per provar d?ajudar-la, en una aventura en qu\u00e8 comptaran amb l?ap\u00e0tica complicitat de la gosseta Lul\u00fa i que els far\u00e0 descobrir que les coses no sempre s\u00f3n el que semblen i que hi ha jocs que m\u00e9s val no jugar-los.<\/p>\n","protected":false},"excerpt":{"rendered":"<p>SNTOS DELGADO, JUAN RAM\u00d3N<\/p>\n","protected":false},"featured_media":94779,"template":"","meta":{"_acf_changed":false,"om_disable_all_campaigns":false,"rs_blank_template":"","rs_page_bg_color":"","slide_template_v7":"","inline_featured_image":false,"_monsterinsights_skip_tracking":false,"_monsterinsights_sitenote_active":false,"_monsterinsights_sitenote_note":"","_monsterinsights_sitenote_category":0},"product_brand":[],"product_cat":[132,362],"product_tag":[],"class_list":{"0":"post-94778","1":"product","2":"type-product","3":"status-publish","4":"has-post-thumbnail","6":"product_cat-lectures-per-preadolescents-6-12-anys","7":"product_cat-libros-preadolescentes-6-12-anos","9":"first","10":"instock","11":"taxable","12":"shipping-taxable","13":"purchasable","14":"product-type-simple"},"acf":{"editorial":[{"ID":6193,"post_author":"3","post_date":"2022-07-28 17:46:53","post_date_gmt":"2022-07-28 15:46:53","post_content":"","post_title":"EDEBE GUADIEL","post_excerpt":"","post_status":"publish","comment_status":"closed","ping_status":"closed","post_password":"","post_name":"edebe-guadiel","to_ping":"","pinged":"","post_modified":"2022-07-28 17:46:53","post_modified_gmt":"2022-07-28 15:46:53","post_content_filtered":"","post_parent":0,"guid":"http:\/\/dev.claret.cat\/editorial\/edebe-guadiel\/","menu_order":0,"post_type":"editorial","post_mime_type":"","comment_count":"0","filter":"raw"}],"autor":"SNTOS DELGADO, JUAN RAM\u00d3N","codart":"846835273","libros-coleccion":"Tuca Verd","ediciones":"1","encuadernacion":"R\u00fastica","fecha_de_publicacion":"01\/03\/2021","novedad":"1","paginas":"184","subtitulo":"","orden":"0","portada":"0","idioma":"cat","autores-libros":[{"ID":161161,"post_author":"3","post_date":"2022-10-14 17:15:59","post_date_gmt":"2022-10-14 15:15:59","post_content":"","post_title":"JUAN RAM\u00d3N SNTOS DELGADO","post_excerpt":"","post_status":"publish","comment_status":"closed","ping_status":"closed","post_password":"","post_name":"juan-ramon-sntos-delgado","to_ping":"","pinged":"","post_modified":"2022-10-14 17:15:59","post_modified_gmt":"2022-10-14 15:15:59","post_content_filtered":"","post_parent":0,"guid":"http:\/\/dev.claret.cat\/autor\/juan-ramon-sntos-delgado\/","menu_order":0,"post_type":"autor","post_mime_type":"","comment_count":"0","filter":"raw"}]},"aioseo_notices":[],"_links":{"self":[{"href":"https:\/\/www.claret.cat\/es\/wp-json\/wp\/v2\/product\/94778","targetHints":{"allow":["GET"]}}],"collection":[{"href":"https:\/\/www.claret.cat\/es\/wp-json\/wp\/v2\/product"}],"about":[{"href":"https:\/\/www.claret.cat\/es\/wp-json\/wp\/v2\/types\/product"}],"wp:featuredmedia":[{"embeddable":true,"href":"https:\/\/www.claret.cat\/es\/wp-json\/wp\/v2\/media\/94779"}],"wp:attachment":[{"href":"https:\/\/www.claret.cat\/es\/wp-json\/wp\/v2\/media?parent=94778"}],"wp:term":[{"taxonomy":"product_brand","embeddable":true,"href":"https:\/\/www.claret.cat\/es\/wp-json\/wp\/v2\/product_brand?post=94778"},{"taxonomy":"product_cat","embeddable":true,"href":"https:\/\/www.claret.cat\/es\/wp-json\/wp\/v2\/product_cat?post=94778"},{"taxonomy":"product_tag","embeddable":true,"href":"https:\/\/www.claret.cat\/es\/wp-json\/wp\/v2\/product_tag?post=94778"}],"curies":[{"name":"wp","href":"https:\/\/api.w.org\/{rel}","templated":true}]}}