{"id":947794,"date":"2024-01-17T16:25:39","date_gmt":"2024-01-17T15:25:39","guid":{"rendered":"https:\/\/www.claret.cat\/llibre\/alicia-en-terra-de-meravelles-9788419829023\/"},"modified":"2024-01-17T17:03:32","modified_gmt":"2024-01-17T16:03:32","slug":"alicia-en-terra-de-meravelles-9788419829023","status":"publish","type":"product","link":"https:\/\/www.claret.cat\/es\/libro\/alicia-en-terra-de-meravelles-9788419829023\/","title":{"rendered":"AL\u00cdCIA EN TERRA DE MERAVELLES"},"content":{"rendered":"<p>L&#8217;Al\u00edcia i la seva germana estaven llegint un llibre. Com no tenia cap il.lustraci\u00f3 era tant avorrit que, la pobra Al\u00edcia, va comen\u00e7ar a distreure&#8217;s en la seva pr\u00f2pia imaginaci\u00f3. Va ser just llavors quan de cop i volta un conill blanc, molt ben vestit amb ermila i jaqueta, va mirar el seu rellotge&#8230;<\/p>\n","protected":false},"excerpt":{"rendered":"<p>CARROLL, LEWIS<\/p>\n","protected":false},"featured_media":947795,"template":"","meta":{"_acf_changed":false,"om_disable_all_campaigns":false,"rs_blank_template":"","rs_page_bg_color":"","slide_template_v7":"","inline_featured_image":false,"_monsterinsights_skip_tracking":false,"_monsterinsights_sitenote_active":false,"_monsterinsights_sitenote_note":"","_monsterinsights_sitenote_category":0},"product_brand":[],"product_cat":[132,362],"product_tag":[],"class_list":{"0":"post-947794","1":"product","2":"type-product","3":"status-publish","4":"has-post-thumbnail","6":"product_cat-lectures-per-preadolescents-6-12-anys","7":"product_cat-libros-preadolescentes-6-12-anos","9":"first","10":"instock","11":"taxable","12":"shipping-taxable","13":"purchasable","14":"product-type-simple"},"acf":{"autor":"CARROLL, LEWIS","codart":"841982902","libros-coleccion":"CATALAN","ediciones":"1","encuadernacion":"Carton\u00e9","fecha_de_publicacion":"01\/11\/2023","novedad":"1","paginas":"128","subtitulo":"","orden":"0","portada":"0","idioma":"cat","editorial":[{"ID":148891,"post_author":"3","post_date":"2022-10-14 12:01:48","post_date_gmt":"2022-10-14 10:01:48","post_content":"","post_title":"TRAMUNTANA EDITORIAL","post_excerpt":"","post_status":"publish","comment_status":"closed","ping_status":"closed","post_password":"","post_name":"tramuntana-editorial","to_ping":"","pinged":"","post_modified":"2022-10-14 12:01:48","post_modified_gmt":"2022-10-14 10:01:48","post_content_filtered":"","post_parent":0,"guid":"http:\/\/dev.claret.cat\/editorial\/tramuntana-editorial\/","menu_order":0,"post_type":"editorial","post_mime_type":"","comment_count":"0","filter":"raw"}],"autores-libros":[{"ID":162167,"post_author":"3","post_date":"2022-10-14 17:28:53","post_date_gmt":"2022-10-14 15:28:53","post_content":"","post_title":"LEWIS CARROLL","post_excerpt":"","post_status":"publish","comment_status":"closed","ping_status":"closed","post_password":"","post_name":"lewis-carroll","to_ping":"","pinged":"","post_modified":"2022-10-14 17:28:53","post_modified_gmt":"2022-10-14 15:28:53","post_content_filtered":"","post_parent":0,"guid":"http:\/\/dev.claret.cat\/autor\/lewis-carroll\/","menu_order":0,"post_type":"autor","post_mime_type":"","comment_count":"0","filter":"raw"}]},"aioseo_notices":[],"_links":{"self":[{"href":"https:\/\/www.claret.cat\/es\/wp-json\/wp\/v2\/product\/947794","targetHints":{"allow":["GET"]}}],"collection":[{"href":"https:\/\/www.claret.cat\/es\/wp-json\/wp\/v2\/product"}],"about":[{"href":"https:\/\/www.claret.cat\/es\/wp-json\/wp\/v2\/types\/product"}],"wp:featuredmedia":[{"embeddable":true,"href":"https:\/\/www.claret.cat\/es\/wp-json\/wp\/v2\/media\/947795"}],"wp:attachment":[{"href":"https:\/\/www.claret.cat\/es\/wp-json\/wp\/v2\/media?parent=947794"}],"wp:term":[{"taxonomy":"product_brand","embeddable":true,"href":"https:\/\/www.claret.cat\/es\/wp-json\/wp\/v2\/product_brand?post=947794"},{"taxonomy":"product_cat","embeddable":true,"href":"https:\/\/www.claret.cat\/es\/wp-json\/wp\/v2\/product_cat?post=947794"},{"taxonomy":"product_tag","embeddable":true,"href":"https:\/\/www.claret.cat\/es\/wp-json\/wp\/v2\/product_tag?post=947794"}],"curies":[{"name":"wp","href":"https:\/\/api.w.org\/{rel}","templated":true}]}}