{"id":947797,"date":"2024-01-17T16:25:51","date_gmt":"2024-01-17T15:25:51","guid":{"rendered":"https:\/\/www.claret.cat\/llibre\/alicia-en-el-pais-de-las-maravillas-9788419829030\/"},"modified":"2024-01-17T17:03:39","modified_gmt":"2024-01-17T16:03:39","slug":"alicia-en-el-pais-de-las-maravillas-9788419829030","status":"publish","type":"product","link":"https:\/\/www.claret.cat\/es\/libro\/alicia-en-el-pais-de-las-maravillas-9788419829030\/","title":{"rendered":"ALICIA EN EL PA\u00cdS DE LAS MARAVILLAS"},"content":{"rendered":"<p>Alicia y su hermana estaban leyendo un libro. Como no ten\u00eda ilustraciones&#8230;<br \/> era tan y tan aburrido que Alicia empez\u00f3 a distraerse en su propia imaginaci\u00f3n. Fue en ese momento cuando de manera repentinda, un conejo blanco, muy bien vestido con chaqueta de gala y chaleco mir\u00f3 su reloj&#8230;<\/p>\n","protected":false},"excerpt":{"rendered":"<p>CARROLL, LEWIS<\/p>\n","protected":false},"featured_media":947798,"template":"","meta":{"_acf_changed":false,"om_disable_all_campaigns":false,"rs_blank_template":"","rs_page_bg_color":"","slide_template_v7":"","inline_featured_image":false,"_monsterinsights_skip_tracking":false,"_monsterinsights_sitenote_active":false,"_monsterinsights_sitenote_note":"","_monsterinsights_sitenote_category":0},"product_brand":[],"product_cat":[132,362],"product_tag":[],"class_list":{"0":"post-947797","1":"product","2":"type-product","3":"status-publish","4":"has-post-thumbnail","6":"product_cat-lectures-per-preadolescents-6-12-anys","7":"product_cat-libros-preadolescentes-6-12-anos","9":"first","10":"instock","11":"taxable","12":"shipping-taxable","13":"purchasable","14":"product-type-simple"},"acf":{"autor":"CARROLL, LEWIS","codart":"841982903","libros-coleccion":"","ediciones":"1","encuadernacion":"Carton\u00e9","fecha_de_publicacion":"01\/11\/2023","novedad":"1","paginas":"128","subtitulo":"","orden":"0","portada":"0","idioma":"spa","editorial":[{"ID":148891,"post_author":"3","post_date":"2022-10-14 12:01:48","post_date_gmt":"2022-10-14 10:01:48","post_content":"","post_title":"TRAMUNTANA EDITORIAL","post_excerpt":"","post_status":"publish","comment_status":"closed","ping_status":"closed","post_password":"","post_name":"tramuntana-editorial","to_ping":"","pinged":"","post_modified":"2022-10-14 12:01:48","post_modified_gmt":"2022-10-14 10:01:48","post_content_filtered":"","post_parent":0,"guid":"http:\/\/dev.claret.cat\/editorial\/tramuntana-editorial\/","menu_order":0,"post_type":"editorial","post_mime_type":"","comment_count":"0","filter":"raw"}],"autores-libros":[{"ID":162167,"post_author":"3","post_date":"2022-10-14 17:28:53","post_date_gmt":"2022-10-14 15:28:53","post_content":"","post_title":"LEWIS CARROLL","post_excerpt":"","post_status":"publish","comment_status":"closed","ping_status":"closed","post_password":"","post_name":"lewis-carroll","to_ping":"","pinged":"","post_modified":"2022-10-14 17:28:53","post_modified_gmt":"2022-10-14 15:28:53","post_content_filtered":"","post_parent":0,"guid":"http:\/\/dev.claret.cat\/autor\/lewis-carroll\/","menu_order":0,"post_type":"autor","post_mime_type":"","comment_count":"0","filter":"raw"}]},"aioseo_notices":[],"_links":{"self":[{"href":"https:\/\/www.claret.cat\/es\/wp-json\/wp\/v2\/product\/947797","targetHints":{"allow":["GET"]}}],"collection":[{"href":"https:\/\/www.claret.cat\/es\/wp-json\/wp\/v2\/product"}],"about":[{"href":"https:\/\/www.claret.cat\/es\/wp-json\/wp\/v2\/types\/product"}],"wp:featuredmedia":[{"embeddable":true,"href":"https:\/\/www.claret.cat\/es\/wp-json\/wp\/v2\/media\/947798"}],"wp:attachment":[{"href":"https:\/\/www.claret.cat\/es\/wp-json\/wp\/v2\/media?parent=947797"}],"wp:term":[{"taxonomy":"product_brand","embeddable":true,"href":"https:\/\/www.claret.cat\/es\/wp-json\/wp\/v2\/product_brand?post=947797"},{"taxonomy":"product_cat","embeddable":true,"href":"https:\/\/www.claret.cat\/es\/wp-json\/wp\/v2\/product_cat?post=947797"},{"taxonomy":"product_tag","embeddable":true,"href":"https:\/\/www.claret.cat\/es\/wp-json\/wp\/v2\/product_tag?post=947797"}],"curies":[{"name":"wp","href":"https:\/\/api.w.org\/{rel}","templated":true}]}}