{"id":947852,"date":"2024-01-17T16:51:10","date_gmt":"2024-01-17T15:51:10","guid":{"rendered":"https:\/\/www.claret.cat\/llibre\/101-plantas-aromaticas-y-medicinales-de-espana-que-hay-que-conocer-9788418735424\/"},"modified":"2024-04-19T14:10:06","modified_gmt":"2024-04-19T12:10:06","slug":"101-plantas-aromaticas-y-medicinales-de-espana-que-hay-que-conocer-9788418735424","status":"publish","type":"product","link":"https:\/\/www.claret.cat\/es\/libro\/101-plantas-aromaticas-y-medicinales-de-espana-que-hay-que-conocer-9788418735424\/","title":{"rendered":"101 PLANTAS AROM\u00c1TICAS Y MEDICINALES DE ESPA\u00d1A QUE HAY QUE CONOCER"},"content":{"rendered":"<p>Las plantas arom\u00e1ticas y medicinales, algunas tambi\u00e9n con aplicaciones gastron\u00f3micas, forman parte de nuestro patrimonio natural y etnogr\u00e1fico. El nombre y la variedad de especies con estas cualidades es enorme en un pa\u00eds como el nuestro, con una gran diversidad de ambientes.  En esta gu\u00eda hemos recogido 101 especies silvestres que tenemos que conocer, de entre las que crecen espont\u00e1neamente en el campo y en el bosque. Es una herramienta para iniciarse, saber cu\u00e1les son y reconocerlas, con una aproximaci\u00f3n muy sint\u00e9tica -recogida en iconos- sobre su utilizaci\u00f3n gastron\u00f3mica y medicinal.  Una selecci\u00f3n dif\u00edcil y forzosamente condicionada por el criterio de los autores. Hemos priorizado las m\u00e1s f\u00e1ciles de identificar, las m\u00e1s populares y aquellas sin contraindicaciones por toxicidad severa. Aun as\u00ed, sus usos var\u00edan geogr\u00e1ficamente y seg\u00fan la cultura popular de cada lugar; dejemos a los etnobot\u00e1nicos y herbolarios expertos explic\u00e1roslos (\u00a1nada mejor que una visita guiada por parte de alguien que sabe!), no es el objetivo de esta minigu\u00eda desarrollarlos a fondo. \u00a1Solo pretendemos estimular la mirada curiosa y cuidadosa!<\/p>\n","protected":false},"excerpt":{"rendered":"<p>LLOBET, TONI \/ ESPEL, IMMA<\/p>\n","protected":false},"featured_media":947879,"template":"","meta":{"_acf_changed":false,"om_disable_all_campaigns":false,"rs_blank_template":"","rs_page_bg_color":"","slide_template_v7":"","inline_featured_image":false,"_monsterinsights_skip_tracking":false,"_monsterinsights_sitenote_active":false,"_monsterinsights_sitenote_note":"","_monsterinsights_sitenote_category":0},"product_brand":[],"product_cat":[557,107],"product_tag":[],"class_list":{"0":"post-947852","1":"product","2":"type-product","3":"status-publish","4":"has-post-thumbnail","6":"product_cat-guias-de-viaje","7":"product_cat-guies-de-viatge","9":"first","10":"instock","11":"taxable","12":"shipping-taxable","13":"purchasable","14":"product-type-simple"},"acf":{"autor":"LLOBET, TONI \/ ESPEL, IMMA","codart":"841873542","libros-coleccion":"Minigu\u00eda de campo","ediciones":"1","encuadernacion":"R\u00fastica","fecha_de_publicacion":"01\/01\/2024","novedad":"1","paginas":"1","subtitulo":"","orden":"0","portada":"0","idioma":"spa","editorial":[{"ID":148408,"post_author":"3","post_date":"2022-10-14 11:58:01","post_date_gmt":"2022-10-14 09:58:01","post_content":"","post_title":"Lectio Ediciones","post_excerpt":"","post_status":"publish","comment_status":"closed","ping_status":"closed","post_password":"","post_name":"lectio-ediciones","to_ping":"","pinged":"","post_modified":"2022-10-14 11:58:01","post_modified_gmt":"2022-10-14 09:58:01","post_content_filtered":"","post_parent":0,"guid":"http:\/\/dev.claret.cat\/editorial\/lectio-ediciones\/","menu_order":0,"post_type":"editorial","post_mime_type":"","comment_count":"0","filter":"raw"}],"autores-libros":[{"ID":947851,"post_author":"3","post_date":"2024-01-17 16:51:07","post_date_gmt":"2024-01-17 15:51:07","post_content":"","post_title":"TONI LLOBET","post_excerpt":"","post_status":"publish","comment_status":"closed","ping_status":"closed","post_password":"","post_name":"toni-llobet-2","to_ping":"","pinged":"","post_modified":"2024-01-17 16:51:07","post_modified_gmt":"2024-01-17 15:51:07","post_content_filtered":"","post_parent":0,"guid":"https:\/\/www.claret.cat\/autor\/toni-llobet-2\/","menu_order":0,"post_type":"autor","post_mime_type":"","comment_count":"0","filter":"raw"},{"ID":157859,"post_author":"3","post_date":"2022-10-14 15:32:12","post_date_gmt":"2022-10-14 13:32:12","post_content":"","post_title":"IMMA ESPEL","post_excerpt":"","post_status":"publish","comment_status":"closed","ping_status":"closed","post_password":"","post_name":"imma-espel","to_ping":"","pinged":"","post_modified":"2022-10-14 15:32:12","post_modified_gmt":"2022-10-14 13:32:12","post_content_filtered":"","post_parent":0,"guid":"http:\/\/dev.claret.cat\/autor\/imma-espel\/","menu_order":0,"post_type":"autor","post_mime_type":"","comment_count":"0","filter":"raw"}]},"aioseo_notices":[],"_links":{"self":[{"href":"https:\/\/www.claret.cat\/es\/wp-json\/wp\/v2\/product\/947852","targetHints":{"allow":["GET"]}}],"collection":[{"href":"https:\/\/www.claret.cat\/es\/wp-json\/wp\/v2\/product"}],"about":[{"href":"https:\/\/www.claret.cat\/es\/wp-json\/wp\/v2\/types\/product"}],"wp:featuredmedia":[{"embeddable":true,"href":"https:\/\/www.claret.cat\/es\/wp-json\/wp\/v2\/media\/947879"}],"wp:attachment":[{"href":"https:\/\/www.claret.cat\/es\/wp-json\/wp\/v2\/media?parent=947852"}],"wp:term":[{"taxonomy":"product_brand","embeddable":true,"href":"https:\/\/www.claret.cat\/es\/wp-json\/wp\/v2\/product_brand?post=947852"},{"taxonomy":"product_cat","embeddable":true,"href":"https:\/\/www.claret.cat\/es\/wp-json\/wp\/v2\/product_cat?post=947852"},{"taxonomy":"product_tag","embeddable":true,"href":"https:\/\/www.claret.cat\/es\/wp-json\/wp\/v2\/product_tag?post=947852"}],"curies":[{"name":"wp","href":"https:\/\/api.w.org\/{rel}","templated":true}]}}