{"id":947855,"date":"2024-01-17T16:55:06","date_gmt":"2024-01-17T15:55:06","guid":{"rendered":"https:\/\/www.claret.cat\/llibre\/125-animales-y-algas-litorales-del-mediterraneo-de-espana-que-hay-que-conocer-9788418735400\/"},"modified":"2024-06-22T13:30:30","modified_gmt":"2024-06-22T11:30:30","slug":"125-animales-y-algas-litorales-del-mediterraneo-de-espana-que-hay-que-conocer-9788418735400","status":"publish","type":"product","link":"https:\/\/www.claret.cat\/es\/libro\/125-animales-y-algas-litorales-del-mediterraneo-de-espana-que-hay-que-conocer-9788418735400\/","title":{"rendered":"125 ANIMALES Y ALGAS LITORALES DEL MEDITERR\u00c1NEO DE ESPA\u00d1A QUE HAY QUE CONOCER"},"content":{"rendered":"<p>El litoral de Mediterr\u00e1neo de Espa\u00f1a acoge una enorme diversidad de ambientes: desde anchas albuferas y playas arenosas hasta calas angostas y acantilados abruptos. All\u00ed donde rompen las olas hasta unos pocos metros de profundidad encontramos una enorme variedad de especies de animales y algas.  Esta gu\u00eda recoge las m\u00e1s f\u00e1cilmente visibles paseando por la playa, explorando costas rocosas o en una zambullida en esn\u00f3rquel a poca profundidad. Aparecen ilustradas detalladamente y agrupadas en l\u00e1minas a una misma escala para facilitar la comparaci\u00f3n y la identificaci\u00f3n. Los textos y los iconos aportan informaci\u00f3n actualizada de cada especie.  Hay que tener siempre una actitud cuidadosa y prudente con los seres vivos que encontremos en el litoral, evitar sacarlos de su medio y manipularlos innecesariamente. Y haremos bien en dejar atr\u00e1s el cl\u00e1sico esp\u00edritu recolector para sustituirlo por una actitud observadora, sin necesidad de llevarse nada a casa. Con esta peque\u00f1a gu\u00eda invitamos a todos a enamararse, a conocer y amar el mar, para as\u00ed participar activamente en su preservaci\u00f3n.<\/p>\n","protected":false},"excerpt":{"rendered":"<p>LLOBET, TONI \/ BALLESTEROS, ENRIC<\/p>\n","protected":false},"featured_media":947875,"template":"","meta":{"_acf_changed":false,"om_disable_all_campaigns":false,"rs_blank_template":"","rs_page_bg_color":"","slide_template_v7":"","inline_featured_image":false,"_monsterinsights_skip_tracking":false,"_monsterinsights_sitenote_active":false,"_monsterinsights_sitenote_note":"","_monsterinsights_sitenote_category":0},"product_brand":[],"product_cat":[557,107],"product_tag":[],"class_list":{"0":"post-947855","1":"product","2":"type-product","3":"status-publish","4":"has-post-thumbnail","6":"product_cat-guias-de-viaje","7":"product_cat-guies-de-viatge","9":"first","10":"instock","11":"taxable","12":"shipping-taxable","13":"purchasable","14":"product-type-simple"},"acf":{"autor":"LLOBET, TONI \/ BALLESTEROS, ENRIC","codart":"841873540","libros-coleccion":"Minigu\u00eda de campo","ediciones":"1","encuadernacion":"R\u00fastica","fecha_de_publicacion":"01\/01\/2024","novedad":"1","paginas":"1","subtitulo":"","orden":"0","portada":"0","idioma":"spa","editorial":[{"ID":148408,"post_author":"3","post_date":"2022-10-14 11:58:01","post_date_gmt":"2022-10-14 09:58:01","post_content":"","post_title":"Lectio Ediciones","post_excerpt":"","post_status":"publish","comment_status":"closed","ping_status":"closed","post_password":"","post_name":"lectio-ediciones","to_ping":"","pinged":"","post_modified":"2022-10-14 11:58:01","post_modified_gmt":"2022-10-14 09:58:01","post_content_filtered":"","post_parent":0,"guid":"http:\/\/dev.claret.cat\/editorial\/lectio-ediciones\/","menu_order":0,"post_type":"editorial","post_mime_type":"","comment_count":"0","filter":"raw"}],"autores-libros":[{"ID":947851,"post_author":"3","post_date":"2024-01-17 16:51:07","post_date_gmt":"2024-01-17 15:51:07","post_content":"","post_title":"TONI LLOBET","post_excerpt":"","post_status":"publish","comment_status":"closed","ping_status":"closed","post_password":"","post_name":"toni-llobet-2","to_ping":"","pinged":"","post_modified":"2024-01-17 16:51:07","post_modified_gmt":"2024-01-17 15:51:07","post_content_filtered":"","post_parent":0,"guid":"https:\/\/www.claret.cat\/autor\/toni-llobet-2\/","menu_order":0,"post_type":"autor","post_mime_type":"","comment_count":"0","filter":"raw"},{"ID":947874,"post_author":"3","post_date":"2024-01-17 17:03:56","post_date_gmt":"2024-01-17 16:03:56","post_content":"","post_title":"ENRIC BALLESTEROS","post_excerpt":"","post_status":"publish","comment_status":"closed","ping_status":"closed","post_password":"","post_name":"enric-ballesteros","to_ping":"","pinged":"","post_modified":"2024-01-17 17:03:56","post_modified_gmt":"2024-01-17 16:03:56","post_content_filtered":"","post_parent":0,"guid":"https:\/\/www.claret.cat\/autor\/enric-ballesteros\/","menu_order":0,"post_type":"autor","post_mime_type":"","comment_count":"0","filter":"raw"}]},"aioseo_notices":[],"_links":{"self":[{"href":"https:\/\/www.claret.cat\/es\/wp-json\/wp\/v2\/product\/947855","targetHints":{"allow":["GET"]}}],"collection":[{"href":"https:\/\/www.claret.cat\/es\/wp-json\/wp\/v2\/product"}],"about":[{"href":"https:\/\/www.claret.cat\/es\/wp-json\/wp\/v2\/types\/product"}],"wp:featuredmedia":[{"embeddable":true,"href":"https:\/\/www.claret.cat\/es\/wp-json\/wp\/v2\/media\/947875"}],"wp:attachment":[{"href":"https:\/\/www.claret.cat\/es\/wp-json\/wp\/v2\/media?parent=947855"}],"wp:term":[{"taxonomy":"product_brand","embeddable":true,"href":"https:\/\/www.claret.cat\/es\/wp-json\/wp\/v2\/product_brand?post=947855"},{"taxonomy":"product_cat","embeddable":true,"href":"https:\/\/www.claret.cat\/es\/wp-json\/wp\/v2\/product_cat?post=947855"},{"taxonomy":"product_tag","embeddable":true,"href":"https:\/\/www.claret.cat\/es\/wp-json\/wp\/v2\/product_tag?post=947855"}],"curies":[{"name":"wp","href":"https:\/\/api.w.org\/{rel}","templated":true}]}}