{"id":947858,"date":"2024-01-17T16:55:24","date_gmt":"2024-01-17T15:55:24","guid":{"rendered":"https:\/\/www.claret.cat\/llibre\/aves-rapaces-de-espana-peninsula-iberica-y-baleares-9788418735394\/"},"modified":"2024-01-17T17:10:45","modified_gmt":"2024-01-17T16:10:45","slug":"aves-rapaces-de-espana-peninsula-iberica-y-baleares-9788418735394","status":"publish","type":"product","link":"https:\/\/www.claret.cat\/es\/libro\/aves-rapaces-de-espana-peninsula-iberica-y-baleares-9788418735394\/","title":{"rendered":"AVES RAPACES DE ESPA\u00d1A, PEN\u00cdNSULA IB\u00c9RICA Y BALEARES"},"content":{"rendered":"<p>Nuestros campos y montes albergan gran riqueza de aves rapaces. Amparadas ahora por la ley, sufrieron en el pasado una persecuci\u00f3n implacable que merm\u00f3 en buena medida sus poblaciones. De tama\u00f1o medio o grande, a veces imponente, desempe\u00f1an como predadoras un papel crucial en los ecosistemas.  En esta gu\u00eda aparecen todas las especies diurnas y nocturnas de Espa\u00f1a peninsular, Baleares y Canarias, incluida una amplia selecci\u00f3n de las visitantes ocasionales. Se ilustran en detalle, tanto posadas como en vuelo y, cuando es posible reconocerlas en el campo, con las variantes de plumaje propias de machos, hembras y j\u00f3venes. Textos concisos e iconos con mucha informaci\u00f3n complementaria nos ayudar\u00e1n a conocer sus h\u00e1bitos, a localizarlas y a identificarlas. Se ilustran tambi\u00e9n aqu\u00ed las egagr\u00f3pilas y, para todas las especies diurnas de presencia regular, figuras de vuelo, juntas y a escala.  Cuando vemos una rapaz no podemos evitar una emoci\u00f3n especial. Con esta gu\u00eda aprenderemos a dar nombre a esas siluetas que nos sobrevuelan y a esas visiones fugaces entre el ramaje. Saber cu\u00e1les son nuestras aves de presa ser\u00e1 un primer paso para valorarlas, amarlas y conservarlas.<\/p>\n","protected":false},"excerpt":{"rendered":"<p>LLOBET, TONI \/ DE JUANA, EDUARDO<\/p>\n","protected":false},"featured_media":947877,"template":"","meta":{"_acf_changed":false,"om_disable_all_campaigns":false,"rs_blank_template":"","rs_page_bg_color":"","slide_template_v7":"","inline_featured_image":false,"_monsterinsights_skip_tracking":false,"_monsterinsights_sitenote_active":false,"_monsterinsights_sitenote_note":"","_monsterinsights_sitenote_category":0},"product_brand":[],"product_cat":[557,107],"product_tag":[],"class_list":{"0":"post-947858","1":"product","2":"type-product","3":"status-publish","4":"has-post-thumbnail","6":"product_cat-guias-de-viaje","7":"product_cat-guies-de-viatge","9":"first","10":"instock","11":"taxable","12":"shipping-taxable","13":"purchasable","14":"product-type-simple"},"acf":{"autor":"LLOBET, TONI \/ DE JUANA, EDUARDO","codart":"841873539","libros-coleccion":"Minigu\u00eda de campo","ediciones":"1","encuadernacion":"R\u00fastica","fecha_de_publicacion":"01\/01\/2024","novedad":"1","paginas":"1","subtitulo":"","orden":"0","portada":"0","idioma":"spa","editorial":[{"ID":148408,"post_author":"3","post_date":"2022-10-14 11:58:01","post_date_gmt":"2022-10-14 09:58:01","post_content":"","post_title":"Lectio Ediciones","post_excerpt":"","post_status":"publish","comment_status":"closed","ping_status":"closed","post_password":"","post_name":"lectio-ediciones","to_ping":"","pinged":"","post_modified":"2022-10-14 11:58:01","post_modified_gmt":"2022-10-14 09:58:01","post_content_filtered":"","post_parent":0,"guid":"http:\/\/dev.claret.cat\/editorial\/lectio-ediciones\/","menu_order":0,"post_type":"editorial","post_mime_type":"","comment_count":"0","filter":"raw"}],"autores-libros":[{"ID":947851,"post_author":"3","post_date":"2024-01-17 16:51:07","post_date_gmt":"2024-01-17 15:51:07","post_content":"","post_title":"TONI LLOBET","post_excerpt":"","post_status":"publish","comment_status":"closed","ping_status":"closed","post_password":"","post_name":"toni-llobet-2","to_ping":"","pinged":"","post_modified":"2024-01-17 16:51:07","post_modified_gmt":"2024-01-17 15:51:07","post_content_filtered":"","post_parent":0,"guid":"https:\/\/www.claret.cat\/autor\/toni-llobet-2\/","menu_order":0,"post_type":"autor","post_mime_type":"","comment_count":"0","filter":"raw"},{"ID":947865,"post_author":"3","post_date":"2024-01-17 17:00:26","post_date_gmt":"2024-01-17 16:00:26","post_content":"","post_title":"EDUARDO DE JUANA","post_excerpt":"","post_status":"publish","comment_status":"closed","ping_status":"closed","post_password":"","post_name":"eduardo-de-juana","to_ping":"","pinged":"","post_modified":"2024-01-17 17:00:26","post_modified_gmt":"2024-01-17 16:00:26","post_content_filtered":"","post_parent":0,"guid":"https:\/\/www.claret.cat\/autor\/eduardo-de-juana\/","menu_order":0,"post_type":"autor","post_mime_type":"","comment_count":"0","filter":"raw"}]},"aioseo_notices":[],"_links":{"self":[{"href":"https:\/\/www.claret.cat\/es\/wp-json\/wp\/v2\/product\/947858","targetHints":{"allow":["GET"]}}],"collection":[{"href":"https:\/\/www.claret.cat\/es\/wp-json\/wp\/v2\/product"}],"about":[{"href":"https:\/\/www.claret.cat\/es\/wp-json\/wp\/v2\/types\/product"}],"wp:featuredmedia":[{"embeddable":true,"href":"https:\/\/www.claret.cat\/es\/wp-json\/wp\/v2\/media\/947877"}],"wp:attachment":[{"href":"https:\/\/www.claret.cat\/es\/wp-json\/wp\/v2\/media?parent=947858"}],"wp:term":[{"taxonomy":"product_brand","embeddable":true,"href":"https:\/\/www.claret.cat\/es\/wp-json\/wp\/v2\/product_brand?post=947858"},{"taxonomy":"product_cat","embeddable":true,"href":"https:\/\/www.claret.cat\/es\/wp-json\/wp\/v2\/product_cat?post=947858"},{"taxonomy":"product_tag","embeddable":true,"href":"https:\/\/www.claret.cat\/es\/wp-json\/wp\/v2\/product_tag?post=947858"}],"curies":[{"name":"wp","href":"https:\/\/api.w.org\/{rel}","templated":true}]}}