{"id":947933,"date":"2024-01-18T10:20:23","date_gmt":"2024-01-18T09:20:23","guid":{"rendered":"https:\/\/www.claret.cat\/llibre\/mis-oraciones-hablo-con-jesus-9788428553742\/"},"modified":"2026-01-04T12:10:33","modified_gmt":"2026-01-04T11:10:33","slug":"mis-oraciones-hablo-con-jesus-9788428553742","status":"publish","type":"product","link":"https:\/\/www.claret.cat\/es\/libro\/mis-oraciones-hablo-con-jesus-9788428553742\/","title":{"rendered":"MIS ORACIONES : HABLO CON JES\u00daS"},"content":{"rendered":"<p><span>Un precioso libro de formato manejable, con las 17 oraciones fundamentales del cristiano, acompa\u00f1adas de coloridas y atractivas ilustraciones, para que los peque\u00f1os puedan aprenderlas f\u00e1cilmente: el Padre nuestro, el Ave Mar\u00eda, el Rosario, o el V\u00eda Crucis. Incluye tambi\u00e9n los Mandamientos, los Sacramentos, los dones del Esp\u00edritu, las Bienaventuranzas, las obras de misericordia y las virtudes, adem\u00e1s de una gu\u00eda para seguir la Santa Misa, para acompa\u00f1ar a los peque\u00f1os en su vida cristiana.<\/span><\/p>\n","protected":false},"excerpt":{"rendered":"<p>EQUIPO SAN PABLO<\/p>\n","protected":false},"featured_media":947934,"template":"","meta":{"_acf_changed":false,"om_disable_all_campaigns":false,"rs_blank_template":"","rs_page_bg_color":"","slide_template_v7":"","inline_featured_image":false,"_monsterinsights_skip_tracking":false,"_monsterinsights_sitenote_active":false,"_monsterinsights_sitenote_note":"","_monsterinsights_sitenote_category":0},"product_brand":[],"product_cat":[225,483],"product_tag":[],"class_list":{"0":"post-947933","1":"product","2":"type-product","3":"status-publish","4":"has-post-thumbnail","6":"product_cat-catecismes","7":"product_cat-catecismos","9":"first","10":"instock","11":"taxable","12":"shipping-taxable","13":"purchasable","14":"product-type-simple"},"acf":{"autor":"EQUIPO SAN PABLO","codart":"842855374","libros-coleccion":"SAN PABLO - MIS PRIMEROS LIBROS","ediciones":"1","encuadernacion":"Carton\u00e9","fecha_de_publicacion":"17\/01\/2024","novedad":"1","paginas":"184","subtitulo":"HABLO CON JES\u00daS","orden":"0","portada":"0","idioma":"spa","editorial":[{"ID":6356,"post_author":"3","post_date":"2022-07-28 17:50:26","post_date_gmt":"2022-07-28 15:50:26","post_content":"","post_title":"SAN PABLO COMUNICACI\u00d3N","post_excerpt":"","post_status":"publish","comment_status":"closed","ping_status":"closed","post_password":"","post_name":"san-pablo-comunicacion","to_ping":"","pinged":"","post_modified":"2022-07-28 17:50:26","post_modified_gmt":"2022-07-28 15:50:26","post_content_filtered":"","post_parent":0,"guid":"http:\/\/dev.claret.cat\/editorial\/san-pablo-comunicacion\/","menu_order":0,"post_type":"editorial","post_mime_type":"","comment_count":"0","filter":"raw"}],"autores-libros":[{"ID":155233,"post_author":"3","post_date":"2022-10-14 15:11:12","post_date_gmt":"2022-10-14 13:11:12","post_content":"","post_title":"EQUIPO SAN PABLO","post_excerpt":"","post_status":"publish","comment_status":"closed","ping_status":"closed","post_password":"","post_name":"equipo-san-pablo","to_ping":"","pinged":"","post_modified":"2022-10-14 15:11:12","post_modified_gmt":"2022-10-14 13:11:12","post_content_filtered":"","post_parent":0,"guid":"http:\/\/dev.claret.cat\/autor\/equipo-san-pablo\/","menu_order":0,"post_type":"autor","post_mime_type":"","comment_count":"0","filter":"raw"}],"booktrailer":"","resenas":""},"aioseo_notices":[],"_links":{"self":[{"href":"https:\/\/www.claret.cat\/es\/wp-json\/wp\/v2\/product\/947933","targetHints":{"allow":["GET"]}}],"collection":[{"href":"https:\/\/www.claret.cat\/es\/wp-json\/wp\/v2\/product"}],"about":[{"href":"https:\/\/www.claret.cat\/es\/wp-json\/wp\/v2\/types\/product"}],"wp:featuredmedia":[{"embeddable":true,"href":"https:\/\/www.claret.cat\/es\/wp-json\/wp\/v2\/media\/947934"}],"wp:attachment":[{"href":"https:\/\/www.claret.cat\/es\/wp-json\/wp\/v2\/media?parent=947933"}],"wp:term":[{"taxonomy":"product_brand","embeddable":true,"href":"https:\/\/www.claret.cat\/es\/wp-json\/wp\/v2\/product_brand?post=947933"},{"taxonomy":"product_cat","embeddable":true,"href":"https:\/\/www.claret.cat\/es\/wp-json\/wp\/v2\/product_cat?post=947933"},{"taxonomy":"product_tag","embeddable":true,"href":"https:\/\/www.claret.cat\/es\/wp-json\/wp\/v2\/product_tag?post=947933"}],"curies":[{"name":"wp","href":"https:\/\/api.w.org\/{rel}","templated":true}]}}