{"id":94799,"date":"2022-10-12T06:35:53","date_gmt":"2022-10-12T04:35:53","guid":{"rendered":"http:\/\/dev.claret.cat\/producte\/es-la-microbiota-idiota\/"},"modified":"2024-02-17T12:25:18","modified_gmt":"2024-02-17T11:25:18","slug":"es-la-microbiota-idiota-9788413440682","status":"publish","type":"product","link":"https:\/\/www.claret.cat\/es\/libro\/es-la-microbiota-idiota-9788413440682\/","title":{"rendered":"\u00a1ES LA MICROBIOTA, IDIOTA!"},"content":{"rendered":"<p>Dolores de cabeza, hinchaz\u00f3n despu\u00e9s de comer, alergias, dermatitis at\u00f3pica, esos kilos de m\u00e1s de los que es imposible deshacerse&#8230; Quiz\u00e1s te suenen algunos de estos problemas, pero \u00bfsab\u00edas que todos ellos pueden estar relacionados con un desequilibrio de la microbiota?<br \/> Los descubrimientos sobre la microbiota constituyen una de las mayores revoluciones de la historia de la ciencia y la medicina. Los microorganismos est\u00e1n en todas partes: desde el ojo de un hurac\u00e1n hasta la pantalla del m\u00f3vil. Son los responsables de c\u00f3mo nos sienta la comida, c\u00f3mo luce nuestra piel e incluso c\u00f3mo funciona nuestra memoria.<br \/> Despu\u00e9s de ver a muchos pacientes desesperados por problemas que no sab\u00edan c\u00f3mo resolver y cuya causa desconoc\u00edan, la doctora Arponen comenz\u00f3 a indagar en uno de los aspectos que menos se ha tenido en cuenta en la salud humana. Desde entonces, ha dedicado su carrera al estudio de la microbiota y su impacto en el cuerpo humano.<br \/> Ahora, en este libro, comparte todos sus hallazgos en este campo con un lenguaje sencillo, de forma que cualquiera, relacionado o no con el mundo de la salud, pueda entenderlos. En estas p\u00e1ginas, no s\u00f3lo descubriremos qu\u00e9 es la microbiota. Tambi\u00e9n aprenderemos c\u00f3mo podemos sentar las bases para equilibrarla y qu\u00e9 h\u00e1bitos podemos incorporar en nuestro d\u00eda a d\u00eda para alcanzar un mayor nivel de bienestar.<br \/> Y es que la salud es un camino que debemos recorrer a lo largo de toda nuestra vida, \u00bfpor qu\u00e9 no dar ya el primer paso?<\/p>\n","protected":false},"excerpt":{"rendered":"<p>ARPONEN, SARI<\/p>\n","protected":false},"featured_media":94800,"template":"","meta":{"_acf_changed":false,"om_disable_all_campaigns":false,"rs_blank_template":"","rs_page_bg_color":"","slide_template_v7":"","inline_featured_image":false,"_monsterinsights_skip_tracking":false,"_monsterinsights_sitenote_active":false,"_monsterinsights_sitenote_note":"","_monsterinsights_sitenote_category":0},"product_brand":[],"product_cat":[547,97],"product_tag":[],"class_list":{"0":"post-94799","1":"product","2":"type-product","3":"status-publish","4":"has-post-thumbnail","6":"product_cat-salud","7":"product_cat-salut","9":"first","10":"instock","11":"taxable","12":"shipping-taxable","13":"purchasable","14":"product-type-simple"},"acf":{"editorial":[{"ID":147400,"post_author":"3","post_date":"2022-10-14 11:50:17","post_date_gmt":"2022-10-14 09:50:17","post_content":"","post_title":"ALIENTA EDITORIAL","post_excerpt":"","post_status":"publish","comment_status":"closed","ping_status":"closed","post_password":"","post_name":"alienta-editorial","to_ping":"","pinged":"","post_modified":"2022-10-14 11:50:17","post_modified_gmt":"2022-10-14 09:50:17","post_content_filtered":"","post_parent":0,"guid":"http:\/\/dev.claret.cat\/editorial\/alienta-editorial\/","menu_order":0,"post_type":"editorial","post_mime_type":"","comment_count":"0","filter":"raw"}],"autores-libros":[{"ID":169175,"post_author":"3","post_date":"2022-10-14 22:25:05","post_date_gmt":"2022-10-14 20:25:05","post_content":"","post_title":"SARI ARPONEN","post_excerpt":"","post_status":"publish","comment_status":"closed","ping_status":"closed","post_password":"","post_name":"sari-arponen","to_ping":"","pinged":"","post_modified":"2022-10-14 22:25:05","post_modified_gmt":"2022-10-14 20:25:05","post_content_filtered":"","post_parent":0,"guid":"http:\/\/dev.claret.cat\/autor\/sari-arponen\/","menu_order":0,"post_type":"autor","post_mime_type":"","comment_count":"0","filter":"raw"}],"autor":"ARPONEN, SARI","codart":"841344068","libros-coleccion":"SIN COLECCI\u00d3N","ediciones":"1","encuadernacion":"R\u00fastica","fecha_de_publicacion":"01\/03\/2021","novedad":"1","paginas":"368","subtitulo":"DESCUBRE C\u00d3MO TU SALUD DEPENDE DE LOS BILLONES DE MICROORGANISMOS QUE HABITAN EN","orden":"0","portada":"0","idioma":"spa"},"aioseo_notices":[],"_links":{"self":[{"href":"https:\/\/www.claret.cat\/es\/wp-json\/wp\/v2\/product\/94799","targetHints":{"allow":["GET"]}}],"collection":[{"href":"https:\/\/www.claret.cat\/es\/wp-json\/wp\/v2\/product"}],"about":[{"href":"https:\/\/www.claret.cat\/es\/wp-json\/wp\/v2\/types\/product"}],"wp:featuredmedia":[{"embeddable":true,"href":"https:\/\/www.claret.cat\/es\/wp-json\/wp\/v2\/media\/94800"}],"wp:attachment":[{"href":"https:\/\/www.claret.cat\/es\/wp-json\/wp\/v2\/media?parent=94799"}],"wp:term":[{"taxonomy":"product_brand","embeddable":true,"href":"https:\/\/www.claret.cat\/es\/wp-json\/wp\/v2\/product_brand?post=94799"},{"taxonomy":"product_cat","embeddable":true,"href":"https:\/\/www.claret.cat\/es\/wp-json\/wp\/v2\/product_cat?post=94799"},{"taxonomy":"product_tag","embeddable":true,"href":"https:\/\/www.claret.cat\/es\/wp-json\/wp\/v2\/product_tag?post=94799"}],"curies":[{"name":"wp","href":"https:\/\/api.w.org\/{rel}","templated":true}]}}