{"id":9480,"date":"2022-09-30T19:39:28","date_gmt":"2022-09-30T17:39:28","guid":{"rendered":"http:\/\/dev.claret.cat\/producte\/el-regreso\/"},"modified":"2025-01-31T23:18:19","modified_gmt":"2025-01-31T22:18:19","slug":"el-regreso-9788416259571","status":"publish","type":"product","link":"https:\/\/www.claret.cat\/es\/libro\/el-regreso-9788416259571\/","title":{"rendered":"EL REGRESO"},"content":{"rendered":"<p>N\u00e9stor Fabris, un exmilitante pol\u00edtico, regresa a Buenos Aires tras treinta a\u00f1os de exilio en Italia para asistir a la boda de un ahijado al que ni siquiera conoce. En el transcurso de las primeras horas, su ciudad natal se le aparece como un lugar espectral, fuera del tiempo, que no guarda relaci\u00f3n alguna con el que \u00e9l hab\u00eda conocido y amado, y en el que se ir\u00e1 tropezando con antiguos camaradas ya muertos o desparecidos.<\/p>\n<p> Alberto Manguel crea en El regreso una alegor\u00eda sumamente inquietante, al tiempo que l\u00edrica, acerca de la inutilidad de intentar recuperar el pasado en la que pone de manifiesto las funestas secuelas de la dictadura.<\/p>\n","protected":false},"excerpt":{"rendered":"<p>MANGUEL, ALBERTO<\/p>\n","protected":false},"featured_media":73302,"template":"","meta":{"_acf_changed":false,"om_disable_all_campaigns":false,"rs_blank_template":"","rs_page_bg_color":"","slide_template_v7":"","inline_featured_image":false,"_monsterinsights_skip_tracking":false,"_monsterinsights_sitenote_active":false,"_monsterinsights_sitenote_note":"","_monsterinsights_sitenote_category":0},"product_brand":[],"product_cat":[87,353],"product_tag":[],"class_list":{"0":"post-9480","1":"product","2":"type-product","3":"status-publish","4":"has-post-thumbnail","6":"product_cat-literatura","7":"product_cat-literatura-2_humanidades","9":"first","10":"instock","11":"taxable","12":"shipping-taxable","13":"purchasable","14":"product-type-simple"},"acf":{"autor":"MANGUEL, ALBERTO","codart":"841625957","libros-coleccion":"FORA DE COL.LECCI\u00d3","ediciones":"1","encuadernacion":"Carton\u00e9","fecha_de_publicacion":"01\/07\/2016","novedad":"1","paginas":"108","subtitulo":"","orden":"0","portada":"0","idioma":"spa","editorial":[{"ID":6313,"post_author":"3","post_date":"2022-07-28 17:49:30","post_date_gmt":"2022-07-28 15:49:30","post_content":"","post_title":"Navona Editorial","post_excerpt":"","post_status":"publish","comment_status":"closed","ping_status":"closed","post_password":"","post_name":"navona-editorial","to_ping":"","pinged":"","post_modified":"2022-07-28 17:49:30","post_modified_gmt":"2022-07-28 15:49:30","post_content_filtered":"","post_parent":0,"guid":"http:\/\/dev.claret.cat\/editorial\/navona-editorial\/","menu_order":0,"post_type":"editorial","post_mime_type":"","comment_count":"0","filter":"raw"}],"autores-libros":[{"ID":149503,"post_author":"3","post_date":"2022-10-14 14:25:23","post_date_gmt":"2022-10-14 12:25:23","post_content":"","post_title":"ALBERTO MANGUEL","post_excerpt":"","post_status":"publish","comment_status":"closed","ping_status":"closed","post_password":"","post_name":"alberto-manguel","to_ping":"","pinged":"","post_modified":"2022-10-14 14:25:23","post_modified_gmt":"2022-10-14 12:25:23","post_content_filtered":"","post_parent":0,"guid":"http:\/\/dev.claret.cat\/autor\/alberto-manguel\/","menu_order":0,"post_type":"autor","post_mime_type":"","comment_count":"0","filter":"raw"}]},"aioseo_notices":[],"_links":{"self":[{"href":"https:\/\/www.claret.cat\/es\/wp-json\/wp\/v2\/product\/9480","targetHints":{"allow":["GET"]}}],"collection":[{"href":"https:\/\/www.claret.cat\/es\/wp-json\/wp\/v2\/product"}],"about":[{"href":"https:\/\/www.claret.cat\/es\/wp-json\/wp\/v2\/types\/product"}],"wp:featuredmedia":[{"embeddable":true,"href":"https:\/\/www.claret.cat\/es\/wp-json\/wp\/v2\/media\/73302"}],"wp:attachment":[{"href":"https:\/\/www.claret.cat\/es\/wp-json\/wp\/v2\/media?parent=9480"}],"wp:term":[{"taxonomy":"product_brand","embeddable":true,"href":"https:\/\/www.claret.cat\/es\/wp-json\/wp\/v2\/product_brand?post=9480"},{"taxonomy":"product_cat","embeddable":true,"href":"https:\/\/www.claret.cat\/es\/wp-json\/wp\/v2\/product_cat?post=9480"},{"taxonomy":"product_tag","embeddable":true,"href":"https:\/\/www.claret.cat\/es\/wp-json\/wp\/v2\/product_tag?post=9480"}],"curies":[{"name":"wp","href":"https:\/\/api.w.org\/{rel}","templated":true}]}}