{"id":948027,"date":"2024-01-18T13:35:33","date_gmt":"2024-01-18T12:35:33","guid":{"rendered":"https:\/\/www.claret.cat\/llibre\/historias-extraordinarias-9788433922007\/"},"modified":"2024-06-21T18:35:18","modified_gmt":"2024-06-21T16:35:18","slug":"historias-extraordinarias-9788433922007","status":"publish","type":"product","link":"https:\/\/www.claret.cat\/es\/libro\/historias-extraordinarias-9788433922007\/","title":{"rendered":"HISTORIAS EXTRAORDINARIAS"},"content":{"rendered":"<p>Nada es lo que aparenta, nada puede ser lo que parece ser, pero cuando lo cuenta Roald Dahl, todo acaba siendo posible.<\/p>\n<p> \u00a0 Los millonarios, ya se sabe, se aburren mucho, especialmente si han heredado su fortuna y jam\u00e1s han dado golpe. \u00c9se era el caso de Henry Sugar, cuyo m\u00e1ximo entretenimiento consist\u00eda en ver c\u00f3mo sub\u00edan y bajaban los valores en la Bolsa. Un tipo la mar de corriente, si no fuera porque un d\u00eda, apartado de una partida de canasta por falta de pareja, acab\u00f3 adquiriendo un extraordinario don: ver con los ojos cerrados.\u00a0Los dem\u00e1s personajes de este libro tienen tambi\u00e9n alguna rareza que les distingue de sus semejantes. Como el tipo estrafalario y pedante que hace autoestop y acaba demostrando a su compa\u00f1ero de viaje que es el verdadero rey de un oficio sin par. O como ese chico, veraneante en una isla del Caribe, que es capaz de comunicarse con los animales. Claro que a veces lo extraordinario tambi\u00e9n puede ser terror\u00edfico, como ocurre con los dos jovenzuelos sin escr\u00fapulos que salen a pasear un s\u00e1bado por la ma\u00f1ana armados de un rifle del 22.<\/p>\n","protected":false},"excerpt":{"rendered":"<p>DAHL, ROALD<\/p>\n","protected":false},"featured_media":971833,"template":"","meta":{"_acf_changed":false,"om_disable_all_campaigns":false,"rs_blank_template":"","rs_page_bg_color":"","slide_template_v7":"","inline_featured_image":false,"_monsterinsights_skip_tracking":false,"_monsterinsights_sitenote_active":false,"_monsterinsights_sitenote_note":"","_monsterinsights_sitenote_category":0},"product_brand":[],"product_cat":[354,123],"product_tag":[],"class_list":{"0":"post-948027","1":"product","2":"type-product","3":"status-publish","4":"has-post-thumbnail","6":"product_cat-clasica","7":"product_cat-classica","9":"first","10":"instock","11":"taxable","12":"shipping-taxable","13":"purchasable","14":"product-type-simple"},"acf":{"autor":"DAHL, ROALD","codart":"843392200","libros-coleccion":"Compactos","ediciones":"1","encuadernacion":"R\u00fastica","fecha_de_publicacion":"01\/01\/2024","novedad":"1","paginas":"225","subtitulo":"","orden":"0","portada":"0","idioma":"spa","editorial":[{"ID":6219,"post_author":"3","post_date":"2022-07-28 17:47:26","post_date_gmt":"2022-07-28 15:47:26","post_content":"","post_title":"Editorial Anagrama S.A.","post_excerpt":"","post_status":"publish","comment_status":"closed","ping_status":"closed","post_password":"","post_name":"editorial-anagrama-s-a","to_ping":"","pinged":"","post_modified":"2022-07-28 17:47:26","post_modified_gmt":"2022-07-28 15:47:26","post_content_filtered":"","post_parent":0,"guid":"http:\/\/dev.claret.cat\/editorial\/editorial-anagrama-s-a\/","menu_order":0,"post_type":"editorial","post_mime_type":"","comment_count":"0","filter":"raw"}],"autores-libros":[{"ID":168156,"post_author":"3","post_date":"2022-10-14 18:16:58","post_date_gmt":"2022-10-14 16:16:58","post_content":"","post_title":"ROALD DAHL","post_excerpt":"","post_status":"publish","comment_status":"closed","ping_status":"closed","post_password":"","post_name":"roald-dahl","to_ping":"","pinged":"","post_modified":"2022-10-14 18:16:58","post_modified_gmt":"2022-10-14 16:16:58","post_content_filtered":"","post_parent":0,"guid":"http:\/\/dev.claret.cat\/autor\/roald-dahl\/","menu_order":0,"post_type":"autor","post_mime_type":"","comment_count":"0","filter":"raw"}]},"aioseo_notices":[],"_links":{"self":[{"href":"https:\/\/www.claret.cat\/es\/wp-json\/wp\/v2\/product\/948027","targetHints":{"allow":["GET"]}}],"collection":[{"href":"https:\/\/www.claret.cat\/es\/wp-json\/wp\/v2\/product"}],"about":[{"href":"https:\/\/www.claret.cat\/es\/wp-json\/wp\/v2\/types\/product"}],"wp:featuredmedia":[{"embeddable":true,"href":"https:\/\/www.claret.cat\/es\/wp-json\/wp\/v2\/media\/971833"}],"wp:attachment":[{"href":"https:\/\/www.claret.cat\/es\/wp-json\/wp\/v2\/media?parent=948027"}],"wp:term":[{"taxonomy":"product_brand","embeddable":true,"href":"https:\/\/www.claret.cat\/es\/wp-json\/wp\/v2\/product_brand?post=948027"},{"taxonomy":"product_cat","embeddable":true,"href":"https:\/\/www.claret.cat\/es\/wp-json\/wp\/v2\/product_cat?post=948027"},{"taxonomy":"product_tag","embeddable":true,"href":"https:\/\/www.claret.cat\/es\/wp-json\/wp\/v2\/product_tag?post=948027"}],"curies":[{"name":"wp","href":"https:\/\/api.w.org\/{rel}","templated":true}]}}