{"id":948064,"date":"2024-01-18T16:35:49","date_gmt":"2024-01-18T15:35:49","guid":{"rendered":"https:\/\/www.claret.cat\/llibre\/no-em-deixis-mai-9788433922038\/"},"modified":"2025-09-20T11:25:16","modified_gmt":"2025-09-20T09:25:16","slug":"no-em-deixis-mai-9788433922038","status":"publish","type":"product","link":"https:\/\/www.claret.cat\/es\/libro\/no-em-deixis-mai-9788433922038\/","title":{"rendered":"NO EM DEIXIS MAI"},"content":{"rendered":"<p>Una novel\u00b7la emotiva i cruel, una distopia que acaba per convertir-se en una hist\u00f2ria de terror. A primer cop d&#8217;ull, els joves que estudien a Hailsham no s\u00f3n diferents de qualsevol grup d&#8217;adolescents. Fan esport, assisteixen a classes d&#8217;art amb professores (o guardianes) que miren d&#8217;estimular-los la creativitat i, com tots els joves, descobreixen el sexe, l&#8217;amor i els jocs de poder.L&#8217;internat \u00e9s una curiosa Arc\u00e0dia anglesa, rec\u00f2ndita i cofoia de les seves instal\u00b7lacions, els seus jardins, el llac i els id\u00edl\u00b7lics caminois rurals, que tal vegada no menen enlloc. Perqu\u00e8 Hailsham \u00e9s un m\u00f3n herm\u00e8tic, estrany i convencional alhora, en qu\u00e8 els alumnes semblen orfes sense cap altre contacte amb l&#8217;exterior que la Madame, la dona que els visita regularment per buscar les obres m\u00e9s prometedores dels nois. Un indret on els professors (o guardians) no paren de repetir-los que s\u00f3n especials i que els espera un futur de responsabilitat, per\u00f2 tamb\u00e9 de preocupar-se obsessivament per la seva salut. Els nois tamb\u00e9 saben que s\u00f3n est\u00e8rils i que, de la mateixa manera que no tenen pares, tampoc tindran fills.La Kathy, la Ruth i en Tommy van estudiar a Hailsham, i van bastir un triangle amor\u00f3s de v\u00e8rtexs canviants. I ara la Kathy H., arribada als trenta-un anys, recorda aquells temps i de quina manera ella i els seus amics, els seus amants, van acabar sabent la veritat.<\/p>\n","protected":false},"excerpt":{"rendered":"<p>ISHIGURO, KAZUO<\/p>\n","protected":false},"featured_media":972178,"template":"","meta":{"_acf_changed":false,"om_disable_all_campaigns":false,"rs_blank_template":"","rs_page_bg_color":"","slide_template_v7":"","inline_featured_image":false,"_monsterinsights_skip_tracking":false,"_monsterinsights_sitenote_active":false,"_monsterinsights_sitenote_note":"","_monsterinsights_sitenote_category":0},"product_brand":[],"product_cat":[127,357],"product_tag":[],"class_list":{"0":"post-948064","1":"product","2":"type-product","3":"status-publish","4":"has-post-thumbnail","6":"product_cat-novella-contemporania","7":"product_cat-novela-contemporanea","9":"first","10":"instock","11":"taxable","12":"shipping-taxable","13":"purchasable","14":"product-type-simple"},"acf":{"autor":"ISHIGURO, KAZUO","codart":"843392203","libros-coleccion":"Compactos","ediciones":"1","encuadernacion":"R\u00fastica","fecha_de_publicacion":"01\/01\/2024","novedad":"1","paginas":"336","subtitulo":"","orden":"0","portada":"0","idioma":"cat","editorial":[{"ID":6219,"post_author":"3","post_date":"2022-07-28 17:47:26","post_date_gmt":"2022-07-28 15:47:26","post_content":"","post_title":"Editorial Anagrama S.A.","post_excerpt":"","post_status":"publish","comment_status":"closed","ping_status":"closed","post_password":"","post_name":"editorial-anagrama-s-a","to_ping":"","pinged":"","post_modified":"2022-07-28 17:47:26","post_modified_gmt":"2022-07-28 15:47:26","post_content_filtered":"","post_parent":0,"guid":"http:\/\/dev.claret.cat\/editorial\/editorial-anagrama-s-a\/","menu_order":0,"post_type":"editorial","post_mime_type":"","comment_count":"0","filter":"raw"}],"autores-libros":[{"ID":161580,"post_author":"3","post_date":"2022-10-14 17:19:22","post_date_gmt":"2022-10-14 15:19:22","post_content":"","post_title":"KAZUO ISHIGURO","post_excerpt":"","post_status":"publish","comment_status":"closed","ping_status":"closed","post_password":"","post_name":"kazuo-ishiguro","to_ping":"","pinged":"","post_modified":"2022-10-14 17:19:22","post_modified_gmt":"2022-10-14 15:19:22","post_content_filtered":"","post_parent":0,"guid":"http:\/\/dev.claret.cat\/autor\/kazuo-ishiguro\/","menu_order":0,"post_type":"autor","post_mime_type":"","comment_count":"0","filter":"raw"}],"booktrailer":"","resenas":""},"aioseo_notices":[],"_links":{"self":[{"href":"https:\/\/www.claret.cat\/es\/wp-json\/wp\/v2\/product\/948064","targetHints":{"allow":["GET"]}}],"collection":[{"href":"https:\/\/www.claret.cat\/es\/wp-json\/wp\/v2\/product"}],"about":[{"href":"https:\/\/www.claret.cat\/es\/wp-json\/wp\/v2\/types\/product"}],"wp:featuredmedia":[{"embeddable":true,"href":"https:\/\/www.claret.cat\/es\/wp-json\/wp\/v2\/media\/972178"}],"wp:attachment":[{"href":"https:\/\/www.claret.cat\/es\/wp-json\/wp\/v2\/media?parent=948064"}],"wp:term":[{"taxonomy":"product_brand","embeddable":true,"href":"https:\/\/www.claret.cat\/es\/wp-json\/wp\/v2\/product_brand?post=948064"},{"taxonomy":"product_cat","embeddable":true,"href":"https:\/\/www.claret.cat\/es\/wp-json\/wp\/v2\/product_cat?post=948064"},{"taxonomy":"product_tag","embeddable":true,"href":"https:\/\/www.claret.cat\/es\/wp-json\/wp\/v2\/product_tag?post=948064"}],"curies":[{"name":"wp","href":"https:\/\/api.w.org\/{rel}","templated":true}]}}