{"id":948140,"date":"2024-01-19T16:45:13","date_gmt":"2024-01-19T15:45:13","guid":{"rendered":"https:\/\/www.claret.cat\/llibre\/la-saga-de-tristan-e-iseo-9788478134816\/"},"modified":"2024-01-31T11:35:59","modified_gmt":"2024-01-31T10:35:59","slug":"la-saga-de-tristan-e-iseo-9788478134816","status":"publish","type":"product","link":"https:\/\/www.claret.cat\/es\/libro\/la-saga-de-tristan-e-iseo-9788478134816\/","title":{"rendered":"LA SAGA DE TRIST\u00c1N E ISEO"},"content":{"rendered":"<p>A mediados del s. XIII el monarca noruego H\u00e1kon H\u00e1konarson promovi\u00f3 una actividad cultural sin precedentes en las tierras del norte con la intenci\u00f3n de introducir las formas y modales cortesanos europeos en su pa\u00eds y emular a los soberanos de los reinos del sur del continente. Fruto de aquella pol\u00edtica art\u00edstica y cultural, fueron las traducciones y adaptaciones a la antigua lengua n\u00f3rdica de obras ampliamente divulgadas en las cortes europeas. Producci\u00f3n caracter\u00edstica de aquel per\u00edodo son las llamadas sagas de caballeros o riddaras\u00f6gur, basadas algunas de ellas en traducciones de textos de procedencia francesa, mientras que otras son obras de origen island\u00e9s salpicadas de elementos aut\u00f3ctonos n\u00f3rdicos y otros de origen extranjero. <br \/> Al primer grupo pertenece la versi\u00f3n de la celeb\u00e9rrima leyenda de Trist\u00e1n e Iseo que en 1226 llev\u00f3 a cabo cierto hermano Roberto por indicaci\u00f3n del propio H\u00e1kon. Basada muy probablemente en el roman de Tristan de Thomas, poeta normando de la corte de Enrique II de Inglaterra, la Saga de Trist\u00e1n e Iseo nos describe el infausto y atormentado amor de unos j\u00f3venes que no son sino juguetes en manos de un destino cruel y caprichoso. <br \/> La saga destaca por su estilo elegante, en ocasiones recargado y t\u00edpicamente cortesano, as\u00ed como por la presencia de elementos compartidos por otras sagas de caballeros y por las llamadas de los tiempos antiguos, ya conocidas por los lectores de esta colecci\u00f3n.<\/p>\n","protected":false},"excerpt":{"rendered":"<p>AN\u00d3NIMO<\/p>\n","protected":false},"featured_media":948141,"template":"","meta":{"_acf_changed":false,"om_disable_all_campaigns":false,"rs_blank_template":"","rs_page_bg_color":"","slide_template_v7":"","inline_featured_image":false,"_monsterinsights_skip_tracking":false,"_monsterinsights_sitenote_active":false,"_monsterinsights_sitenote_note":"","_monsterinsights_sitenote_category":0},"product_brand":[],"product_cat":[90,540],"product_tag":[],"class_list":{"0":"post-948140","1":"product","2":"type-product","3":"status-publish","4":"has-post-thumbnail","6":"product_cat-altres","7":"product_cat-otros","9":"first","10":"instock","11":"taxable","12":"shipping-taxable","13":"purchasable","14":"product-type-simple"},"acf":{"autor":"AN\u00d3NIMO","codart":"847813481","libros-coleccion":"Libros de los malos tiempos","ediciones":"1","encuadernacion":"R\u00fastica","fecha_de_publicacion":"01\/04\/2019","novedad":"0","paginas":"264","subtitulo":"","orden":"0","portada":"0","idioma":"spa","editorial":[{"ID":148535,"post_author":"3","post_date":"2022-10-14 11:59:00","post_date_gmt":"2022-10-14 09:59:00","post_content":"","post_title":"Miraguano Ediciones","post_excerpt":"","post_status":"publish","comment_status":"closed","ping_status":"closed","post_password":"","post_name":"miraguano-ediciones","to_ping":"","pinged":"","post_modified":"2022-10-14 11:59:00","post_modified_gmt":"2022-10-14 09:59:00","post_content_filtered":"","post_parent":0,"guid":"http:\/\/dev.claret.cat\/editorial\/miraguano-ediciones\/","menu_order":0,"post_type":"editorial","post_mime_type":"","comment_count":"0","filter":"raw"}],"autores-libros":[{"ID":150745,"post_author":"3","post_date":"2022-10-14 14:35:24","post_date_gmt":"2022-10-14 12:35:24","post_content":"","post_title":"AN\u00d3NIMO","post_excerpt":"","post_status":"publish","comment_status":"closed","ping_status":"closed","post_password":"","post_name":"anonimo","to_ping":"","pinged":"","post_modified":"2022-10-14 14:35:24","post_modified_gmt":"2022-10-14 12:35:24","post_content_filtered":"","post_parent":0,"guid":"http:\/\/dev.claret.cat\/autor\/anonimo\/","menu_order":0,"post_type":"autor","post_mime_type":"","comment_count":"0","filter":"raw"}]},"aioseo_notices":[],"_links":{"self":[{"href":"https:\/\/www.claret.cat\/es\/wp-json\/wp\/v2\/product\/948140","targetHints":{"allow":["GET"]}}],"collection":[{"href":"https:\/\/www.claret.cat\/es\/wp-json\/wp\/v2\/product"}],"about":[{"href":"https:\/\/www.claret.cat\/es\/wp-json\/wp\/v2\/types\/product"}],"wp:featuredmedia":[{"embeddable":true,"href":"https:\/\/www.claret.cat\/es\/wp-json\/wp\/v2\/media\/948141"}],"wp:attachment":[{"href":"https:\/\/www.claret.cat\/es\/wp-json\/wp\/v2\/media?parent=948140"}],"wp:term":[{"taxonomy":"product_brand","embeddable":true,"href":"https:\/\/www.claret.cat\/es\/wp-json\/wp\/v2\/product_brand?post=948140"},{"taxonomy":"product_cat","embeddable":true,"href":"https:\/\/www.claret.cat\/es\/wp-json\/wp\/v2\/product_cat?post=948140"},{"taxonomy":"product_tag","embeddable":true,"href":"https:\/\/www.claret.cat\/es\/wp-json\/wp\/v2\/product_tag?post=948140"}],"curies":[{"name":"wp","href":"https:\/\/api.w.org\/{rel}","templated":true}]}}