{"id":948212,"date":"2024-01-22T14:01:22","date_gmt":"2024-01-22T13:01:22","guid":{"rendered":"https:\/\/www.claret.cat\/llibre\/la-brevedad-de-la-vida-9788425451041\/"},"modified":"2026-01-28T11:21:37","modified_gmt":"2026-01-28T10:21:37","slug":"la-brevedad-de-la-vida-9788425451041","status":"publish","type":"product","link":"https:\/\/www.claret.cat\/es\/libro\/la-brevedad-de-la-vida-9788425451041\/","title":{"rendered":"LA BREVEDAD DE LA VIDA"},"content":{"rendered":"<p>En La brevedad de la vida, S\u00e9neca (4 a. C. \u2013 65 d. C.) toca un tema de sorprendente actualidad: la sensaci\u00f3n de p\u00e9rdida de tiempo.<\/p>\n<p> Tenemos la falsa percepci\u00f3n de que la vida es corta porque est\u00e1 determinada por nuestra forma de vivir, llena de vicios y ocupaciones superfluas. La dedicaci\u00f3n a la sabidur\u00eda es, para S\u00e9neca, la \u00fanica manera de vivir con provecho.<\/p>\n<p> Mediante su pluma concisa y sus frases afiladas, el fil\u00f3sofo cl\u00e1sico atraviesa los siglos con una sabidur\u00eda sin caducidad y nos invita a reevaluar el uso que hacemos del tiempo, este bien tan escaso, as\u00ed como a cuestionar nuestro estilo de vida marcado por el ajetreo, la dispersi\u00f3n y la vanidad.<\/p>\n<p> \u00abNo hay raz\u00f3n para que pienses que ha vivido mucho quien muestra canas y arrugas: no ha vivido mucho, sino que ha existido mucho.\u00bb<\/p>\n","protected":false},"excerpt":{"rendered":"<p>S\u00c9NECA, LUCIO ANNEO<\/p>\n","protected":false},"featured_media":948213,"template":"","meta":{"_acf_changed":false,"om_disable_all_campaigns":false,"rs_blank_template":"","rs_page_bg_color":"","slide_template_v7":"","inline_featured_image":false,"_monsterinsights_skip_tracking":false,"_monsterinsights_sitenote_active":false,"_monsterinsights_sitenote_note":"","_monsterinsights_sitenote_category":0},"product_brand":[],"product_cat":[373,166,175,445],"product_tag":[],"class_list":{"0":"post-948212","1":"product","2":"type-product","3":"status-publish","4":"has-post-thumbnail","6":"product_cat-autores","7":"product_cat-autors-filosofia","8":"product_cat-etica","9":"product_cat-etica-filosofia-2_humanidades","11":"first","12":"instock","13":"taxable","14":"shipping-taxable","15":"purchasable","16":"product-type-simple"},"acf":{"autor":"S\u00c9NECA, LUCIO ANNEO","codart":"842545104","libros-coleccion":"Filosof\u00eda","ediciones":"1","encuadernacion":"R\u00fastica","fecha_de_publicacion":"01\/02\/2024","novedad":"1","paginas":"120","subtitulo":"","orden":"0","portada":"0","idioma":"spa","editorial":[{"ID":6266,"post_author":"3","post_date":"2022-07-28 17:48:31","post_date_gmt":"2022-07-28 15:48:31","post_content":"","post_title":"HERDER","post_excerpt":"","post_status":"publish","comment_status":"closed","ping_status":"closed","post_password":"","post_name":"herder","to_ping":"","pinged":"","post_modified":"2022-07-28 17:48:31","post_modified_gmt":"2022-07-28 15:48:31","post_content_filtered":"","post_parent":0,"guid":"http:\/\/dev.claret.cat\/editorial\/herder\/","menu_order":0,"post_type":"editorial","post_mime_type":"","comment_count":"0","filter":"raw"}],"autores-libros":[{"ID":162614,"post_author":"3","post_date":"2022-10-14 17:32:25","post_date_gmt":"2022-10-14 15:32:25","post_content":"","post_title":"LUCIO ANNEO SENECA","post_excerpt":"","post_status":"publish","comment_status":"closed","ping_status":"closed","post_password":"","post_name":"lucio-anneo-seneca","to_ping":"","pinged":"","post_modified":"2022-10-14 17:32:25","post_modified_gmt":"2022-10-14 15:32:25","post_content_filtered":"","post_parent":0,"guid":"http:\/\/dev.claret.cat\/autor\/lucio-anneo-seneca\/","menu_order":0,"post_type":"autor","post_mime_type":"","comment_count":"0","filter":"raw"}],"booktrailer":"","resenas":""},"aioseo_notices":[],"_links":{"self":[{"href":"https:\/\/www.claret.cat\/es\/wp-json\/wp\/v2\/product\/948212","targetHints":{"allow":["GET"]}}],"collection":[{"href":"https:\/\/www.claret.cat\/es\/wp-json\/wp\/v2\/product"}],"about":[{"href":"https:\/\/www.claret.cat\/es\/wp-json\/wp\/v2\/types\/product"}],"wp:featuredmedia":[{"embeddable":true,"href":"https:\/\/www.claret.cat\/es\/wp-json\/wp\/v2\/media\/948213"}],"wp:attachment":[{"href":"https:\/\/www.claret.cat\/es\/wp-json\/wp\/v2\/media?parent=948212"}],"wp:term":[{"taxonomy":"product_brand","embeddable":true,"href":"https:\/\/www.claret.cat\/es\/wp-json\/wp\/v2\/product_brand?post=948212"},{"taxonomy":"product_cat","embeddable":true,"href":"https:\/\/www.claret.cat\/es\/wp-json\/wp\/v2\/product_cat?post=948212"},{"taxonomy":"product_tag","embeddable":true,"href":"https:\/\/www.claret.cat\/es\/wp-json\/wp\/v2\/product_tag?post=948212"}],"curies":[{"name":"wp","href":"https:\/\/api.w.org\/{rel}","templated":true}]}}