{"id":948221,"date":"2024-01-22T14:05:11","date_gmt":"2024-01-22T13:05:11","guid":{"rendered":"https:\/\/www.claret.cat\/llibre\/els-meus-dibuixos-magicsels-animals-bebes-9789403235226\/"},"modified":"2026-02-28T11:55:36","modified_gmt":"2026-02-28T10:55:36","slug":"els-meus-dibuixos-magicsels-animals-bebes-9789403235226","status":"publish","type":"product","link":"https:\/\/www.claret.cat\/es\/libro\/els-meus-dibuixos-magicsels-animals-bebes-9789403235226\/","title":{"rendered":"ELS MEUS DIBUIXOS M\u00c0GICS-ELS ANIMALS BEB\u00c8S"},"content":{"rendered":"<p>Aquests llibres per pintar s\u00f3n realment m\u00e0gics! Pinta les imatges seguint els codis de colors i far\u00e0s apar\u00e8ixer un gran nombre de dibuixos espectaculars. Amb aquest llibre per pintar, els petits i les petites exerciten la motricitat fina i aguditzen el sentit de l?observaci\u00f3.<\/p>\n","protected":false},"excerpt":{"rendered":"<p>BALLON<\/p>\n","protected":false},"featured_media":948253,"template":"","meta":{"_acf_changed":false,"om_disable_all_campaigns":false,"rs_blank_template":"","rs_page_bg_color":"","slide_template_v7":"","inline_featured_image":false,"_monsterinsights_skip_tracking":false,"_monsterinsights_sitenote_active":false,"_monsterinsights_sitenote_note":"","_monsterinsights_sitenote_category":0},"product_brand":[],"product_cat":[131,361,135,365],"product_tag":[],"class_list":{"0":"post-948221","1":"product","2":"type-product","3":"status-publish","4":"has-post-thumbnail","6":"product_cat-contes-per-infants-0-6-anys","7":"product_cat-cuentos-para-ninos-0-6-anos","8":"product_cat-entreteniment","9":"product_cat-entretenimientos","11":"first","12":"instock","13":"taxable","14":"shipping-taxable","15":"purchasable","16":"product-type-simple"},"acf":{"autor":"BALLON","codart":"940323522","libros-coleccion":"FORA DE COL.LECCI\u00d3","ediciones":"1","encuadernacion":"Grapado","fecha_de_publicacion":"01\/01\/2024","novedad":"1","paginas":"32","subtitulo":"","orden":"0","portada":"0","idioma":"cat","editorial":[{"ID":6169,"post_author":"3","post_date":"2022-07-28 17:46:22","post_date_gmt":"2022-07-28 15:46:22","post_content":"","post_title":"Contenido en Movimiento","post_excerpt":"","post_status":"publish","comment_status":"closed","ping_status":"closed","post_password":"","post_name":"contenido-en-movimiento","to_ping":"","pinged":"","post_modified":"2022-07-28 17:46:22","post_modified_gmt":"2022-07-28 15:46:22","post_content_filtered":"","post_parent":0,"guid":"http:\/\/dev.claret.cat\/editorial\/contenido-en-movimiento\/","menu_order":0,"post_type":"editorial","post_mime_type":"","comment_count":"0","filter":"raw"}],"autores-libros":[{"ID":5286,"post_author":"3","post_date":"2022-07-28 17:20:46","post_date_gmt":"2022-07-28 15:20:46","post_content":"","post_title":"BALLON","post_excerpt":"","post_status":"publish","comment_status":"closed","ping_status":"closed","post_password":"","post_name":"ballon","to_ping":"","pinged":"","post_modified":"2022-07-28 17:20:46","post_modified_gmt":"2022-07-28 15:20:46","post_content_filtered":"","post_parent":0,"guid":"http:\/\/dev.claret.cat\/autor\/ballon\/","menu_order":0,"post_type":"autor","post_mime_type":"","comment_count":"0","filter":"raw"}],"booktrailer":"","resenas":""},"aioseo_notices":[],"_links":{"self":[{"href":"https:\/\/www.claret.cat\/es\/wp-json\/wp\/v2\/product\/948221","targetHints":{"allow":["GET"]}}],"collection":[{"href":"https:\/\/www.claret.cat\/es\/wp-json\/wp\/v2\/product"}],"about":[{"href":"https:\/\/www.claret.cat\/es\/wp-json\/wp\/v2\/types\/product"}],"wp:featuredmedia":[{"embeddable":true,"href":"https:\/\/www.claret.cat\/es\/wp-json\/wp\/v2\/media\/948253"}],"wp:attachment":[{"href":"https:\/\/www.claret.cat\/es\/wp-json\/wp\/v2\/media?parent=948221"}],"wp:term":[{"taxonomy":"product_brand","embeddable":true,"href":"https:\/\/www.claret.cat\/es\/wp-json\/wp\/v2\/product_brand?post=948221"},{"taxonomy":"product_cat","embeddable":true,"href":"https:\/\/www.claret.cat\/es\/wp-json\/wp\/v2\/product_cat?post=948221"},{"taxonomy":"product_tag","embeddable":true,"href":"https:\/\/www.claret.cat\/es\/wp-json\/wp\/v2\/product_tag?post=948221"}],"curies":[{"name":"wp","href":"https:\/\/api.w.org\/{rel}","templated":true}]}}