{"id":948273,"date":"2024-01-22T16:22:21","date_gmt":"2024-01-22T15:22:21","guid":{"rendered":"https:\/\/www.claret.cat\/llibre\/peppa-pig-primeros-aprendizajes-aprende-con-peppa-mi-planeta-9788448867515\/"},"modified":"2024-01-22T16:43:00","modified_gmt":"2024-01-22T15:43:00","slug":"peppa-pig-primeros-aprendizajes-aprende-con-peppa-mi-planeta-9788448867515","status":"publish","type":"product","link":"https:\/\/www.claret.cat\/es\/libro\/peppa-pig-primeros-aprendizajes-aprende-con-peppa-mi-planeta-9788448867515\/","title":{"rendered":"PEPPA PIG. PRIMEROS APRENDIZAJES &#8211; APRENDE CON PEPPA. MI PLANETA"},"content":{"rendered":"<p>Primeros aprendizajes con Peppa Pig: desc\u00fabrelo todo sobre el lugar donde vivimos con la cerdita m\u00e1s famosa. Peppa y sus amigos est\u00e1n estudiando el planeta en la clase de Madame Gazelle: las estaciones, los continentes, los r\u00edos, los oc\u00e9anos, los bosques, los volcanes y las islas. Acompa\u00f1a a Peppa en esta clase sobre el mundo que nos rodea y porqu\u00e9 es tan importante cuidar de \u00e9l.La colecci\u00f3n &#8216;Primeros aprendizajes&#8217; pretende despertar la curiosidad en los m\u00e1s peque\u00f1os sobre nuevos conocimientos que forman parte de su entorno cercano, acompa\u00f1\u00e1ndolos de actividades educativas para que se familiaricen con el nuevo vocabulario y los nuevos conceptos.<\/p>\n","protected":false},"excerpt":{"rendered":"<p>HASBRO \/ EONE<\/p>\n","protected":false},"featured_media":948274,"template":"","meta":{"_acf_changed":false,"om_disable_all_campaigns":false,"rs_blank_template":"","rs_page_bg_color":"","slide_template_v7":"","inline_featured_image":false,"_monsterinsights_skip_tracking":false,"_monsterinsights_sitenote_active":false,"_monsterinsights_sitenote_note":"","_monsterinsights_sitenote_category":0},"product_brand":[],"product_cat":[90,540],"product_tag":[],"class_list":{"0":"post-948273","1":"product","2":"type-product","3":"status-publish","4":"has-post-thumbnail","6":"product_cat-altres","7":"product_cat-otros","9":"first","10":"instock","11":"taxable","12":"shipping-taxable","13":"purchasable","14":"product-type-simple"},"acf":{"autor":"HASBRO \/ EONE","codart":"844886751","libros-coleccion":"PEPPA PIG","ediciones":"1","encuadernacion":"Carton\u00e9","fecha_de_publicacion":"01\/01\/2024","novedad":"1","paginas":"22","subtitulo":"","orden":"0","portada":"0","idioma":"spa","editorial":[{"ID":6141,"post_author":"3","post_date":"2022-07-28 17:45:46","post_date_gmt":"2022-07-28 15:45:46","post_content":"","post_title":"BEASCOA","post_excerpt":"","post_status":"publish","comment_status":"closed","ping_status":"closed","post_password":"","post_name":"beascoa","to_ping":"","pinged":"","post_modified":"2022-07-28 17:45:46","post_modified_gmt":"2022-07-28 15:45:46","post_content_filtered":"","post_parent":0,"guid":"http:\/\/dev.claret.cat\/editorial\/beascoa\/","menu_order":0,"post_type":"editorial","post_mime_type":"","comment_count":"0","filter":"raw"}],"autores-libros":[{"ID":155206,"post_author":"3","post_date":"2022-10-14 15:11:00","post_date_gmt":"2022-10-14 13:11:00","post_content":"","post_title":"EONE","post_excerpt":"","post_status":"publish","comment_status":"closed","ping_status":"closed","post_password":"","post_name":"eone","to_ping":"","pinged":"","post_modified":"2022-10-14 15:11:00","post_modified_gmt":"2022-10-14 13:11:00","post_content_filtered":"","post_parent":0,"guid":"http:\/\/dev.claret.cat\/autor\/eone\/","menu_order":0,"post_type":"autor","post_mime_type":"","comment_count":"0","filter":"raw"},{"ID":410657,"post_author":"3","post_date":"2023-03-06 19:41:16","post_date_gmt":"2023-03-06 18:41:16","post_content":"","post_title":"HASBRO","post_excerpt":"","post_status":"publish","comment_status":"closed","ping_status":"closed","post_password":"","post_name":"hasbro-2","to_ping":"","pinged":"","post_modified":"2023-03-06 19:41:16","post_modified_gmt":"2023-03-06 18:41:16","post_content_filtered":"","post_parent":0,"guid":"https:\/\/www.claret.cat\/autor\/hasbro-2\/","menu_order":0,"post_type":"autor","post_mime_type":"","comment_count":"0","filter":"raw"}]},"aioseo_notices":[],"_links":{"self":[{"href":"https:\/\/www.claret.cat\/es\/wp-json\/wp\/v2\/product\/948273","targetHints":{"allow":["GET"]}}],"collection":[{"href":"https:\/\/www.claret.cat\/es\/wp-json\/wp\/v2\/product"}],"about":[{"href":"https:\/\/www.claret.cat\/es\/wp-json\/wp\/v2\/types\/product"}],"wp:featuredmedia":[{"embeddable":true,"href":"https:\/\/www.claret.cat\/es\/wp-json\/wp\/v2\/media\/948274"}],"wp:attachment":[{"href":"https:\/\/www.claret.cat\/es\/wp-json\/wp\/v2\/media?parent=948273"}],"wp:term":[{"taxonomy":"product_brand","embeddable":true,"href":"https:\/\/www.claret.cat\/es\/wp-json\/wp\/v2\/product_brand?post=948273"},{"taxonomy":"product_cat","embeddable":true,"href":"https:\/\/www.claret.cat\/es\/wp-json\/wp\/v2\/product_cat?post=948273"},{"taxonomy":"product_tag","embeddable":true,"href":"https:\/\/www.claret.cat\/es\/wp-json\/wp\/v2\/product_tag?post=948273"}],"curies":[{"name":"wp","href":"https:\/\/api.w.org\/{rel}","templated":true}]}}