{"id":948288,"date":"2024-01-22T16:26:07","date_gmt":"2024-01-22T15:26:07","guid":{"rendered":"https:\/\/www.claret.cat\/llibre\/bluey-actividades-donde-esta-bluey-edicion-en-espanol-9788448867492\/"},"modified":"2026-04-15T18:45:26","modified_gmt":"2026-04-15T16:45:26","slug":"bluey-actividades-donde-esta-bluey-edicion-en-espanol-9788448867492","status":"publish","type":"product","link":"https:\/\/www.claret.cat\/es\/libro\/bluey-actividades-donde-esta-bluey-edicion-en-espanol-9788448867492\/","title":{"rendered":"BLUEY. ACTIVIDADES &#8211; \u00bfD\u00d3NDE EST\u00c1 BLUEY? (EDICI\u00d3N EN ESPA\u00d1OL)"},"content":{"rendered":"<p>\u00bfD\u00f3nde est\u00e1 Bluey? Un divertido libro &#8216;Busca y encuentra&#8217; de Bluey, la serie de animaci\u00f3n m\u00e1s vista del mundo en Disney+ y que ha enamorado a todas las familias. Es la hora de jugar con Bluey, Bingo y todos sus amigos. Encuentra todos los objetos y a tus personajes favoritos del universo Bluey en distintos escenarios de la serie. Busca en la playa, en el parque\u2026 \u00a1incluso en el espacio! Repleto de ilustraciones a todo color, este libro es perfecto para que los fans de la aclamada serie de televisi\u00f3n que triunfa en todo el mundo se lo pasen en grande. Con Bluey, \u00a1no hay espacio para el aburrimiento! Un libro-juego entretenido e ideal para ni\u00f1os y ni\u00f1as a partir de 4 a\u00f1os. El libro perfecto para jugar en familia.*Los libros de Bluey, la serie de animaci\u00f3n ganadora de un Emmy\u00a9, enganchan a los peque\u00f1os, emocionan a los mayores y trasmiten valores positivos para toda la familia.*Lee, divi\u00e9rtete y aprende la importancia del juego en familia. *Los libros de &#8216;Busca y encuentra&#8217; ayudan a los m\u00e1s peque\u00f1os a potenciar el poder de concentraci\u00f3n y observaci\u00f3n, as\u00ed como la agudeza visual.<\/p>\n","protected":false},"excerpt":{"rendered":"<p>BLUEY<\/p>\n","protected":false},"featured_media":948289,"template":"","meta":{"_acf_changed":false,"om_disable_all_campaigns":false,"rs_blank_template":"","rs_page_bg_color":"","slide_template_v7":"","inline_featured_image":false,"_monsterinsights_skip_tracking":false,"_monsterinsights_sitenote_active":false,"_monsterinsights_sitenote_note":"","_monsterinsights_sitenote_category":0},"product_brand":[],"product_cat":[131,361],"product_tag":[],"class_list":{"0":"post-948288","1":"product","2":"type-product","3":"status-publish","4":"has-post-thumbnail","6":"product_cat-contes-per-infants-0-6-anys","7":"product_cat-cuentos-para-ninos-0-6-anos","9":"first","10":"instock","11":"taxable","12":"shipping-taxable","13":"purchasable","14":"product-type-simple"},"acf":{"autor":"BLUEY","codart":"844886749","libros-coleccion":"Peque\u00f1as manitas","ediciones":"1","encuadernacion":"Carton\u00e9","fecha_de_publicacion":"01\/01\/2024","novedad":"1","paginas":"32","subtitulo":"BUSCA Y ENCUENTRA","orden":"0","portada":"0","idioma":"spa","editorial":[{"ID":6141,"post_author":"3","post_date":"2022-07-28 17:45:46","post_date_gmt":"2022-07-28 15:45:46","post_content":"","post_title":"BEASCOA","post_excerpt":"","post_status":"publish","comment_status":"closed","ping_status":"closed","post_password":"","post_name":"beascoa","to_ping":"","pinged":"","post_modified":"2022-07-28 17:45:46","post_modified_gmt":"2022-07-28 15:45:46","post_content_filtered":"","post_parent":0,"guid":"http:\/\/dev.claret.cat\/editorial\/beascoa\/","menu_order":0,"post_type":"editorial","post_mime_type":"","comment_count":"0","filter":"raw"}],"autores-libros":[{"ID":446227,"post_author":"3","post_date":"2023-06-06 18:46:45","post_date_gmt":"2023-06-06 16:46:45","post_content":"","post_title":"BLUEY","post_excerpt":"","post_status":"publish","comment_status":"closed","ping_status":"closed","post_password":"","post_name":"bluey","to_ping":"","pinged":"","post_modified":"2023-06-06 18:46:45","post_modified_gmt":"2023-06-06 16:46:45","post_content_filtered":"","post_parent":0,"guid":"https:\/\/www.claret.cat\/autor\/bluey\/","menu_order":0,"post_type":"autor","post_mime_type":"","comment_count":"0","filter":"raw"}],"booktrailer":"","resenas":""},"aioseo_notices":[],"_links":{"self":[{"href":"https:\/\/www.claret.cat\/es\/wp-json\/wp\/v2\/product\/948288","targetHints":{"allow":["GET"]}}],"collection":[{"href":"https:\/\/www.claret.cat\/es\/wp-json\/wp\/v2\/product"}],"about":[{"href":"https:\/\/www.claret.cat\/es\/wp-json\/wp\/v2\/types\/product"}],"wp:featuredmedia":[{"embeddable":true,"href":"https:\/\/www.claret.cat\/es\/wp-json\/wp\/v2\/media\/948289"}],"wp:attachment":[{"href":"https:\/\/www.claret.cat\/es\/wp-json\/wp\/v2\/media?parent=948288"}],"wp:term":[{"taxonomy":"product_brand","embeddable":true,"href":"https:\/\/www.claret.cat\/es\/wp-json\/wp\/v2\/product_brand?post=948288"},{"taxonomy":"product_cat","embeddable":true,"href":"https:\/\/www.claret.cat\/es\/wp-json\/wp\/v2\/product_cat?post=948288"},{"taxonomy":"product_tag","embeddable":true,"href":"https:\/\/www.claret.cat\/es\/wp-json\/wp\/v2\/product_tag?post=948288"}],"curies":[{"name":"wp","href":"https:\/\/api.w.org\/{rel}","templated":true}]}}