{"id":948331,"date":"2024-01-22T17:15:15","date_gmt":"2024-01-22T16:15:15","guid":{"rendered":"https:\/\/www.claret.cat\/llibre\/cuentos-1-9788420674186\/"},"modified":"2024-01-29T13:25:30","modified_gmt":"2024-01-29T12:25:30","slug":"cuentos-1-9788420674186","status":"publish","type":"product","link":"https:\/\/www.claret.cat\/es\/libro\/cuentos-1-9788420674186\/","title":{"rendered":"CUENTOS, 1"},"content":{"rendered":"<p>Esta edici\u00f3n en dos vol\u00famenes ofrece la recopilaci\u00f3n de los 67 Cuentos publicados a lo largo de su vida por Edgar Alan Poe (1809-1849) en la magn\u00edfica traducci\u00f3n llevada a cabo por Julio Cort\u00e1zar. El primer volumen re\u00fane las narraciones dominadas por el terror, la presencia de lo sobrenatural, la preocupaci\u00f3n metaf\u00edsica y el gusto por el an\u00e1lisis, mientras que el segundo recoge las exploraciones sobre el pasado y el futuro, los bellos relatos contemplativos que encierran la filosof\u00eda de Poe sobre el paisaje, la serie de estampas grotescas y los cuentos de car\u00e1cter sat\u00edrico.<\/p>\n","protected":false},"excerpt":{"rendered":"<p>POE, EDGAR ALLAN<\/p>\n","protected":false},"featured_media":948332,"template":"","meta":{"_acf_changed":false,"om_disable_all_campaigns":false,"rs_blank_template":"","rs_page_bg_color":"","slide_template_v7":"","inline_featured_image":false,"_monsterinsights_skip_tracking":false,"_monsterinsights_sitenote_active":false,"_monsterinsights_sitenote_note":"","_monsterinsights_sitenote_category":0},"product_brand":[],"product_cat":[127,357],"product_tag":[],"class_list":{"0":"post-948331","1":"product","2":"type-product","3":"status-publish","4":"has-post-thumbnail","6":"product_cat-novella-contemporania","7":"product_cat-novela-contemporanea","9":"first","10":"instock","11":"taxable","12":"shipping-taxable","13":"purchasable","14":"product-type-simple"},"acf":{"autor":"POE, EDGAR ALLAN","codart":"842067418","libros-coleccion":"El Libro De Bolsillo - Literatura","ediciones":"1","encuadernacion":"R\u00fastica","fecha_de_publicacion":"01\/09\/2010","novedad":"1","paginas":"640","subtitulo":"","orden":"0","portada":"0","idioma":"spa","editorial":[{"ID":147398,"post_author":"3","post_date":"2022-10-14 11:50:16","post_date_gmt":"2022-10-14 09:50:16","post_content":"","post_title":"ALIANZA EDITORIAL, S. A.","post_excerpt":"","post_status":"publish","comment_status":"closed","ping_status":"closed","post_password":"","post_name":"alianza-editorial-s-a","to_ping":"","pinged":"","post_modified":"2022-10-14 11:50:16","post_modified_gmt":"2022-10-14 09:50:16","post_content_filtered":"","post_parent":0,"guid":"http:\/\/dev.claret.cat\/editorial\/alianza-editorial-s-a\/","menu_order":0,"post_type":"editorial","post_mime_type":"","comment_count":"0","filter":"raw"}],"autores-libros":[{"ID":154484,"post_author":"3","post_date":"2022-10-14 15:05:11","post_date_gmt":"2022-10-14 13:05:11","post_content":"","post_title":"EDGAR ALLAN POE","post_excerpt":"","post_status":"publish","comment_status":"closed","ping_status":"closed","post_password":"","post_name":"edgar-allan-poe-2","to_ping":"","pinged":"","post_modified":"2022-10-14 15:05:11","post_modified_gmt":"2022-10-14 13:05:11","post_content_filtered":"","post_parent":0,"guid":"http:\/\/dev.claret.cat\/autor\/edgar-allan-poe-2\/","menu_order":0,"post_type":"autor","post_mime_type":"","comment_count":"0","filter":"raw"}]},"aioseo_notices":[],"_links":{"self":[{"href":"https:\/\/www.claret.cat\/es\/wp-json\/wp\/v2\/product\/948331","targetHints":{"allow":["GET"]}}],"collection":[{"href":"https:\/\/www.claret.cat\/es\/wp-json\/wp\/v2\/product"}],"about":[{"href":"https:\/\/www.claret.cat\/es\/wp-json\/wp\/v2\/types\/product"}],"wp:featuredmedia":[{"embeddable":true,"href":"https:\/\/www.claret.cat\/es\/wp-json\/wp\/v2\/media\/948332"}],"wp:attachment":[{"href":"https:\/\/www.claret.cat\/es\/wp-json\/wp\/v2\/media?parent=948331"}],"wp:term":[{"taxonomy":"product_brand","embeddable":true,"href":"https:\/\/www.claret.cat\/es\/wp-json\/wp\/v2\/product_brand?post=948331"},{"taxonomy":"product_cat","embeddable":true,"href":"https:\/\/www.claret.cat\/es\/wp-json\/wp\/v2\/product_cat?post=948331"},{"taxonomy":"product_tag","embeddable":true,"href":"https:\/\/www.claret.cat\/es\/wp-json\/wp\/v2\/product_tag?post=948331"}],"curies":[{"name":"wp","href":"https:\/\/api.w.org\/{rel}","templated":true}]}}