{"id":948343,"date":"2024-01-22T17:25:34","date_gmt":"2024-01-22T16:25:34","guid":{"rendered":"https:\/\/www.claret.cat\/llibre\/narracion-de-arthur-gordon-pym-9788420678320\/"},"modified":"2024-02-09T16:15:06","modified_gmt":"2024-02-09T15:15:06","slug":"narracion-de-arthur-gordon-pym-9788420678320","status":"publish","type":"product","link":"https:\/\/www.claret.cat\/es\/libro\/narracion-de-arthur-gordon-pym-9788420678320\/","title":{"rendered":"NARRACI\u00d3N DE ARTHUR GORDON PYM"},"content":{"rendered":"<p>Vinculada a la sensibilidad moderna por una secreta corriente de afinidad, la inquietante &#8216;Narraci\u00f3n de Arthur Gordon Pym&#8217; es uno de los relatos gestados por la singular imaginaci\u00f3n de Edgar Allan Poe (1809-1849) que mayor atracci\u00f3n ejercen sobre el lector actual. En efecto, lo que se inicia como una m\u00e1s de las relaciones de viajes tan en boga en la \u00e9poca no tarda en deslizarse, con la f\u00e1cil naturalidad de la pesadilla, en el territorio del horror y lo inexplicable, dando pie a un vertiginoso relato que se resuelve en un abrupto silencio. &#8216;Y este silencio -concluye Julio Cort\u00e1zar, traductor y prologuista de esta edici\u00f3n- ti\u00f1e todo el libro con un horror sagrado, insin\u00faa un sentido ambiguo en cada escena anterior, enriquece misteriosamente el relato y a la vez lo desnuda de su f\u00e1cil truculencia para dejar entrever un signo profundo del hombre en lucha consigo mismo o con el destino.&#8217;<\/p>\n","protected":false},"excerpt":{"rendered":"<p>POE, EDGAR ALLAN<\/p>\n","protected":false},"featured_media":948344,"template":"","meta":{"_acf_changed":false,"om_disable_all_campaigns":false,"rs_blank_template":"","rs_page_bg_color":"","slide_template_v7":"","inline_featured_image":false,"_monsterinsights_skip_tracking":false,"_monsterinsights_sitenote_active":false,"_monsterinsights_sitenote_note":"","_monsterinsights_sitenote_category":0},"product_brand":[],"product_cat":[90,540],"product_tag":[],"class_list":{"0":"post-948343","1":"product","2":"type-product","3":"status-publish","4":"has-post-thumbnail","6":"product_cat-altres","7":"product_cat-otros","9":"first","10":"instock","11":"taxable","12":"shipping-taxable","13":"purchasable","14":"product-type-simple"},"acf":{"autor":"POE, EDGAR ALLAN","codart":"842067832","libros-coleccion":"","ediciones":"1","encuadernacion":"R\u00fastica","fecha_de_publicacion":"01\/10\/2013","novedad":"0","paginas":"288","subtitulo":"","orden":"999","portada":"0","idioma":"spa","editorial":[{"ID":147398,"post_author":"3","post_date":"2022-10-14 11:50:16","post_date_gmt":"2022-10-14 09:50:16","post_content":"","post_title":"ALIANZA EDITORIAL, S. A.","post_excerpt":"","post_status":"publish","comment_status":"closed","ping_status":"closed","post_password":"","post_name":"alianza-editorial-s-a","to_ping":"","pinged":"","post_modified":"2022-10-14 11:50:16","post_modified_gmt":"2022-10-14 09:50:16","post_content_filtered":"","post_parent":0,"guid":"http:\/\/dev.claret.cat\/editorial\/alianza-editorial-s-a\/","menu_order":0,"post_type":"editorial","post_mime_type":"","comment_count":"0","filter":"raw"}],"autores-libros":[{"ID":154484,"post_author":"3","post_date":"2022-10-14 15:05:11","post_date_gmt":"2022-10-14 13:05:11","post_content":"","post_title":"EDGAR ALLAN POE","post_excerpt":"","post_status":"publish","comment_status":"closed","ping_status":"closed","post_password":"","post_name":"edgar-allan-poe-2","to_ping":"","pinged":"","post_modified":"2022-10-14 15:05:11","post_modified_gmt":"2022-10-14 13:05:11","post_content_filtered":"","post_parent":0,"guid":"http:\/\/dev.claret.cat\/autor\/edgar-allan-poe-2\/","menu_order":0,"post_type":"autor","post_mime_type":"","comment_count":"0","filter":"raw"}]},"aioseo_notices":[],"_links":{"self":[{"href":"https:\/\/www.claret.cat\/es\/wp-json\/wp\/v2\/product\/948343","targetHints":{"allow":["GET"]}}],"collection":[{"href":"https:\/\/www.claret.cat\/es\/wp-json\/wp\/v2\/product"}],"about":[{"href":"https:\/\/www.claret.cat\/es\/wp-json\/wp\/v2\/types\/product"}],"wp:featuredmedia":[{"embeddable":true,"href":"https:\/\/www.claret.cat\/es\/wp-json\/wp\/v2\/media\/948344"}],"wp:attachment":[{"href":"https:\/\/www.claret.cat\/es\/wp-json\/wp\/v2\/media?parent=948343"}],"wp:term":[{"taxonomy":"product_brand","embeddable":true,"href":"https:\/\/www.claret.cat\/es\/wp-json\/wp\/v2\/product_brand?post=948343"},{"taxonomy":"product_cat","embeddable":true,"href":"https:\/\/www.claret.cat\/es\/wp-json\/wp\/v2\/product_cat?post=948343"},{"taxonomy":"product_tag","embeddable":true,"href":"https:\/\/www.claret.cat\/es\/wp-json\/wp\/v2\/product_tag?post=948343"}],"curies":[{"name":"wp","href":"https:\/\/api.w.org\/{rel}","templated":true}]}}