{"id":948534,"date":"2024-01-23T14:20:16","date_gmt":"2024-01-23T13:20:16","guid":{"rendered":"https:\/\/www.claret.cat\/llibre\/el-panadero-que-horneaba-historias-9788419638502\/"},"modified":"2024-04-23T10:20:07","modified_gmt":"2024-04-23T08:20:07","slug":"el-panadero-que-horneaba-historias-9788419638502","status":"publish","type":"product","link":"https:\/\/www.claret.cat\/es\/libro\/el-panadero-que-horneaba-historias-9788419638502\/","title":{"rendered":"EL PANADERO QUE HORNEABA HISTORIAS"},"content":{"rendered":"<p>\u00abSi sabes hacer un buen pan, es que has entendido qu\u00e9 ingredientes necesitas para vivir una vida feliz.\u00bbUna novela \u00abcurativa\u00bb sobre el poder reconfortante de las buenas historias y el coraje para empezar de nuevoLa exbailarina Sofie observa fascinada al panadero italiano Giacomo mientras la ense\u00f1a a hacer pan. Despu\u00e9s de haber sido la prima ballerina de la compa\u00f1\u00eda de ballet de la ciudad, una lesi\u00f3n de tobillo la ha apartado de los escenarios para siempre, y siente que todo lo que ha logrado construir durante a\u00f1os, incluidos su matrimonio y la confianza en s\u00ed misma, comienza a desmoronarse. Pero, sin esperarlo, encuentra mucho m\u00e1s que un empleo en la peque\u00f1a panader\u00eda de Giacomo: la sabidur\u00eda de un hombre sencillo, la felicidad de las peque\u00f1as cosas y el coraje para cambiar.<\/p>\n","protected":false},"excerpt":{"rendered":"<p>HENN , CARSTEN<\/p>\n","protected":false},"featured_media":948535,"template":"","meta":{"_acf_changed":false,"om_disable_all_campaigns":false,"rs_blank_template":"","rs_page_bg_color":"","slide_template_v7":"","inline_featured_image":false,"_monsterinsights_skip_tracking":false,"_monsterinsights_sitenote_active":false,"_monsterinsights_sitenote_note":"","_monsterinsights_sitenote_category":0},"product_brand":[],"product_cat":[127,357],"product_tag":[],"class_list":{"0":"post-948534","1":"product","2":"type-product","3":"status-publish","4":"has-post-thumbnail","6":"product_cat-novella-contemporania","7":"product_cat-novela-contemporanea","9":"first","10":"instock","11":"taxable","12":"shipping-taxable","13":"purchasable","14":"product-type-simple"},"acf":{"autor":"HENN , CARSTEN","codart":"841963850","libros-coleccion":"\u00c9xitos literarios","ediciones":"1","encuadernacion":"R\u00fastica","fecha_de_publicacion":"01\/01\/2024","novedad":"1","paginas":"224","subtitulo":"","orden":"0","portada":"0","idioma":"spa","editorial":[{"ID":6297,"post_author":"3","post_date":"2022-07-28 17:49:10","post_date_gmt":"2022-07-28 15:49:10","post_content":"","post_title":"Maeva Ediciones","post_excerpt":"","post_status":"publish","comment_status":"closed","ping_status":"closed","post_password":"","post_name":"maeva-ediciones","to_ping":"","pinged":"","post_modified":"2022-07-28 17:49:10","post_modified_gmt":"2022-07-28 15:49:10","post_content_filtered":"","post_parent":0,"guid":"http:\/\/dev.claret.cat\/editorial\/maeva-ediciones\/","menu_order":0,"post_type":"editorial","post_mime_type":"","comment_count":"0","filter":"raw"}],"autores-libros":[{"ID":152530,"post_author":"3","post_date":"2022-10-14 14:49:30","post_date_gmt":"2022-10-14 12:49:30","post_content":"","post_title":"CARSTEN HENN","post_excerpt":"","post_status":"publish","comment_status":"closed","ping_status":"closed","post_password":"","post_name":"carsten-henn","to_ping":"","pinged":"","post_modified":"2022-10-14 14:49:30","post_modified_gmt":"2022-10-14 12:49:30","post_content_filtered":"","post_parent":0,"guid":"http:\/\/dev.claret.cat\/autor\/carsten-henn\/","menu_order":0,"post_type":"autor","post_mime_type":"","comment_count":"0","filter":"raw"}]},"aioseo_notices":[],"_links":{"self":[{"href":"https:\/\/www.claret.cat\/es\/wp-json\/wp\/v2\/product\/948534","targetHints":{"allow":["GET"]}}],"collection":[{"href":"https:\/\/www.claret.cat\/es\/wp-json\/wp\/v2\/product"}],"about":[{"href":"https:\/\/www.claret.cat\/es\/wp-json\/wp\/v2\/types\/product"}],"wp:featuredmedia":[{"embeddable":true,"href":"https:\/\/www.claret.cat\/es\/wp-json\/wp\/v2\/media\/948535"}],"wp:attachment":[{"href":"https:\/\/www.claret.cat\/es\/wp-json\/wp\/v2\/media?parent=948534"}],"wp:term":[{"taxonomy":"product_brand","embeddable":true,"href":"https:\/\/www.claret.cat\/es\/wp-json\/wp\/v2\/product_brand?post=948534"},{"taxonomy":"product_cat","embeddable":true,"href":"https:\/\/www.claret.cat\/es\/wp-json\/wp\/v2\/product_cat?post=948534"},{"taxonomy":"product_tag","embeddable":true,"href":"https:\/\/www.claret.cat\/es\/wp-json\/wp\/v2\/product_tag?post=948534"}],"curies":[{"name":"wp","href":"https:\/\/api.w.org\/{rel}","templated":true}]}}