{"id":948544,"date":"2024-01-23T14:21:03","date_gmt":"2024-01-23T13:21:03","guid":{"rendered":"https:\/\/www.claret.cat\/llibre\/hasta-el-error-es-divertido-9788410079106\/"},"modified":"2024-01-23T16:31:07","modified_gmt":"2024-01-23T15:31:07","slug":"hasta-el-error-es-divertido-9788410079106","status":"publish","type":"product","link":"https:\/\/www.claret.cat\/es\/libro\/hasta-el-error-es-divertido-9788410079106\/","title":{"rendered":"HASTA EL ERROR ES DIVERTIDO"},"content":{"rendered":"<p>\u00abProfe Danny\u00bb es un profesor de Educaci\u00f3n Infantil muy conocido en Instagram \u2014cuenta con 90.300 seguidores\u2014 y en TikTok \u2014\u00a1300.100 seguidores!\u2014 porque explica con claridad las realidades del d\u00eda a d\u00eda de la Educaci\u00f3n Infantil y ofrece explicaciones, consejos, ejercicios, manualidades y todo tipo de tips sobre c\u00f3mo abordar de una manera sana, igualitaria y divertida esta etapa intensa y crucial para los ni\u00f1os y sus familias.<br \/> La llegada al cole, los primeros retos, la adaptaci\u00f3n y el adquirir nuevas habilidades sociales no siempre es f\u00e1cil, pero tambi\u00e9n es un periodo muy gratificante, lleno de imaginaci\u00f3n y fantas\u00eda. Una etapa en la que es fundamental que padres y profesores est\u00e9n implicados y acepten que el di\u00e1logo, la empat\u00eda y la comprensi\u00f3n son esenciales.<\/p>\n","protected":false},"excerpt":{"rendered":"<p>L\u00d3PEZ ORTEGA, DANIEL<\/p>\n","protected":false},"featured_media":948674,"template":"","meta":{"_acf_changed":false,"om_disable_all_campaigns":false,"rs_blank_template":"","rs_page_bg_color":"","slide_template_v7":"","inline_featured_image":false,"_monsterinsights_skip_tracking":false,"_monsterinsights_sitenote_active":false,"_monsterinsights_sitenote_note":"","_monsterinsights_sitenote_category":0},"product_brand":[],"product_cat":[451,186],"product_tag":[],"class_list":{"0":"post-948544","1":"product","2":"type-product","3":"status-publish","4":"has-post-thumbnail","6":"product_cat-estudios-e-investigacion-pedagogia-2_humanidades","7":"product_cat-estudis-i-investigacio-pedagogia-2_humanitats","9":"first","10":"instock","11":"taxable","12":"shipping-taxable","13":"purchasable","14":"product-type-simple"},"acf":{"autor":"L\u00d3PEZ ORTEGA, DANIEL","codart":"8410079106","libros-coleccion":"ACTUAL","ediciones":"1","encuadernacion":"R\u00fastica","fecha_de_publicacion":"01\/01\/2024","novedad":"1","paginas":"202","subtitulo":"LA REALIDAD DE LA EDUCACI\u00d3N INFANTIL SIN FILTROS NI PURPURINA","orden":"0","portada":"0","idioma":"spa","editorial":[{"ID":148249,"post_author":"3","post_date":"2022-10-14 11:56:47","post_date_gmt":"2022-10-14 09:56:47","post_content":"","post_title":"HarperCollins","post_excerpt":"","post_status":"publish","comment_status":"closed","ping_status":"closed","post_password":"","post_name":"harpercollins","to_ping":"","pinged":"","post_modified":"2022-10-14 11:56:47","post_modified_gmt":"2022-10-14 09:56:47","post_content_filtered":"","post_parent":0,"guid":"http:\/\/dev.claret.cat\/editorial\/harpercollins\/","menu_order":0,"post_type":"editorial","post_mime_type":"","comment_count":"0","filter":"raw"}],"autores-libros":[{"ID":452184,"post_author":"3","post_date":"2023-07-17 12:12:24","post_date_gmt":"2023-07-17 10:12:24","post_content":"","post_title":"DANIEL L\u00d3PEZ ORTEGA","post_excerpt":"","post_status":"publish","comment_status":"closed","ping_status":"closed","post_password":"","post_name":"daniel-lopez-ortega","to_ping":"","pinged":"","post_modified":"2023-07-17 12:12:24","post_modified_gmt":"2023-07-17 10:12:24","post_content_filtered":"","post_parent":0,"guid":"https:\/\/www.claret.cat\/autor\/daniel-lopez-ortega\/","menu_order":0,"post_type":"autor","post_mime_type":"","comment_count":"0","filter":"raw"}]},"aioseo_notices":[],"_links":{"self":[{"href":"https:\/\/www.claret.cat\/es\/wp-json\/wp\/v2\/product\/948544","targetHints":{"allow":["GET"]}}],"collection":[{"href":"https:\/\/www.claret.cat\/es\/wp-json\/wp\/v2\/product"}],"about":[{"href":"https:\/\/www.claret.cat\/es\/wp-json\/wp\/v2\/types\/product"}],"wp:featuredmedia":[{"embeddable":true,"href":"https:\/\/www.claret.cat\/es\/wp-json\/wp\/v2\/media\/948674"}],"wp:attachment":[{"href":"https:\/\/www.claret.cat\/es\/wp-json\/wp\/v2\/media?parent=948544"}],"wp:term":[{"taxonomy":"product_brand","embeddable":true,"href":"https:\/\/www.claret.cat\/es\/wp-json\/wp\/v2\/product_brand?post=948544"},{"taxonomy":"product_cat","embeddable":true,"href":"https:\/\/www.claret.cat\/es\/wp-json\/wp\/v2\/product_cat?post=948544"},{"taxonomy":"product_tag","embeddable":true,"href":"https:\/\/www.claret.cat\/es\/wp-json\/wp\/v2\/product_tag?post=948544"}],"curies":[{"name":"wp","href":"https:\/\/api.w.org\/{rel}","templated":true}]}}