{"id":94859,"date":"2022-10-12T06:36:44","date_gmt":"2022-10-12T04:36:44","guid":{"rendered":"http:\/\/dev.claret.cat\/producte\/libertad-de-los-renacidos\/"},"modified":"2024-05-02T16:12:15","modified_gmt":"2024-05-02T14:12:15","slug":"libertad-de-los-renacidos-9788418303371","status":"publish","type":"product","link":"https:\/\/www.claret.cat\/es\/libro\/libertad-de-los-renacidos-9788418303371\/","title":{"rendered":"LIBERTAD DE LOS RENACIDOS"},"content":{"rendered":"<p>La mayor\u00eda de las personas en camino de oraci\u00f3n est\u00e1n contentas con la pr\u00e1ctica de la meditaci\u00f3n, y muchos no son conscientes de que hay algo m\u00e1s en la oraci\u00f3n, y ese \u201calgo m\u00e1s\u201d es la dimensi\u00f3n contemplativa. La contemplaci\u00f3n es un \u201cFuego Divino\u201d que quema directamente el alma y la santifica y el prop\u00f3sito del autor de este libro es encender ese Fuego Divino. El autor explica c\u00f3mo la persona puede recibir la oraci\u00f3n como un regalo, porque la contemplaci\u00f3n es la \u201ccomunicaci\u00f3n directa y pasiva de la amorosa presencia de Dios al n\u00facleo del esp\u00edritu humano\u201d. Adem\u00e1s \u201ces una experiencia pasiva, porque la persona recibe pasivamente esta comunicaci\u00f3n sin su esfuerzo\u201d. Y ese regalo de la contemplaci\u00f3n le da la \u201clibertad de los renacidos\u201d.<\/p>\n","protected":false},"excerpt":{"rendered":"<p>FERNANDES DE SAN JOS\u00c9, ALVITO; OCD<\/p>\n","protected":false},"featured_media":451422,"template":"","meta":{"_acf_changed":false,"om_disable_all_campaigns":false,"rs_blank_template":"","rs_page_bg_color":"","slide_template_v7":"","inline_featured_image":false,"_monsterinsights_skip_tracking":false,"_monsterinsights_sitenote_active":false,"_monsterinsights_sitenote_note":"","_monsterinsights_sitenote_category":0},"product_brand":[],"product_cat":[497,248,396,247,491,241],"product_tag":[],"class_list":{"0":"post-94859","1":"product","2":"type-product","3":"status-publish","4":"has-post-thumbnail","6":"product_cat-meditaciones","7":"product_cat-meditacions","8":"product_cat-oracion","9":"product_cat-pregaria","10":"product_cat-testimonios","11":"product_cat-testimonis","13":"first","14":"instock","15":"taxable","16":"shipping-taxable","17":"purchasable","18":"product-type-simple"},"acf":{"editorial":[{"ID":6309,"post_author":"3","post_date":"2022-07-28 17:49:25","post_date_gmt":"2022-07-28 15:49:25","post_content":"","post_title":"Monte Carmelo","post_excerpt":"","post_status":"publish","comment_status":"closed","ping_status":"closed","post_password":"","post_name":"monte-carmelo","to_ping":"","pinged":"","post_modified":"2022-07-28 17:49:25","post_modified_gmt":"2022-07-28 15:49:25","post_content_filtered":"","post_parent":0,"guid":"http:\/\/dev.claret.cat\/editorial\/monte-carmelo\/","menu_order":0,"post_type":"editorial","post_mime_type":"","comment_count":"0","filter":"raw"}],"autor":"FERNANDES DE SAN JOS\u00c9, ALVITO; OCD","codart":"841830337","libros-coleccion":"ESP\u00cdRITU NORTE","ediciones":"1","encuadernacion":"R\u00fastica","fecha_de_publicacion":"05\/03\/2021","novedad":"1","paginas":"242","subtitulo":"UNA GU\u00cdA PARA LA CONTEMPLACI\u00d3N","orden":"0","portada":"0","idioma":"spa","autores-libros":[{"ID":166086,"post_author":"3","post_date":"2022-10-14 18:00:19","post_date_gmt":"2022-10-14 16:00:19","post_content":"","post_title":"OCD","post_excerpt":"","post_status":"publish","comment_status":"closed","ping_status":"closed","post_password":"","post_name":"ocd","to_ping":"","pinged":"","post_modified":"2022-10-14 18:00:19","post_modified_gmt":"2022-10-14 16:00:19","post_content_filtered":"","post_parent":0,"guid":"http:\/\/dev.claret.cat\/autor\/ocd\/","menu_order":0,"post_type":"autor","post_mime_type":"","comment_count":"0","filter":"raw"},{"ID":149953,"post_author":"3","post_date":"2022-10-14 14:29:03","post_date_gmt":"2022-10-14 12:29:03","post_content":"","post_title":"ALVITO FERNANDES DE SAN JOS\u00c9","post_excerpt":"","post_status":"publish","comment_status":"closed","ping_status":"closed","post_password":"","post_name":"alvito-fernandes-de-san-jose","to_ping":"","pinged":"","post_modified":"2022-10-14 14:29:03","post_modified_gmt":"2022-10-14 12:29:03","post_content_filtered":"","post_parent":0,"guid":"http:\/\/dev.claret.cat\/autor\/alvito-fernandes-de-san-jose\/","menu_order":0,"post_type":"autor","post_mime_type":"","comment_count":"0","filter":"raw"}]},"aioseo_notices":[],"_links":{"self":[{"href":"https:\/\/www.claret.cat\/es\/wp-json\/wp\/v2\/product\/94859","targetHints":{"allow":["GET"]}}],"collection":[{"href":"https:\/\/www.claret.cat\/es\/wp-json\/wp\/v2\/product"}],"about":[{"href":"https:\/\/www.claret.cat\/es\/wp-json\/wp\/v2\/types\/product"}],"wp:featuredmedia":[{"embeddable":true,"href":"https:\/\/www.claret.cat\/es\/wp-json\/wp\/v2\/media\/451422"}],"wp:attachment":[{"href":"https:\/\/www.claret.cat\/es\/wp-json\/wp\/v2\/media?parent=94859"}],"wp:term":[{"taxonomy":"product_brand","embeddable":true,"href":"https:\/\/www.claret.cat\/es\/wp-json\/wp\/v2\/product_brand?post=94859"},{"taxonomy":"product_cat","embeddable":true,"href":"https:\/\/www.claret.cat\/es\/wp-json\/wp\/v2\/product_cat?post=94859"},{"taxonomy":"product_tag","embeddable":true,"href":"https:\/\/www.claret.cat\/es\/wp-json\/wp\/v2\/product_tag?post=94859"}],"curies":[{"name":"wp","href":"https:\/\/api.w.org\/{rel}","templated":true}]}}