{"id":948615,"date":"2024-01-23T15:50:24","date_gmt":"2024-01-23T14:50:24","guid":{"rendered":"https:\/\/www.claret.cat\/llibre\/hi-havia-una-vegada-laneguet-lleig-9789403211527\/"},"modified":"2024-01-23T16:22:10","modified_gmt":"2024-01-23T15:22:10","slug":"hi-havia-una-vegada-laneguet-lleig-9789403211527","status":"publish","type":"product","link":"https:\/\/www.claret.cat\/es\/libro\/hi-havia-una-vegada-laneguet-lleig-9789403211527\/","title":{"rendered":"HI HAVIA UNA VEGADA &#8211; L&#8221;ANEGUET LLEIG"},"content":{"rendered":"<p>Una bonica col\u00b7lecci\u00f3 dels contes cl\u00e0ssics que han fet les del\u00edcies de totes les generacions, ara adaptats als joves lectors d?avui. Amb un llenguatge \u00e0gil i desenfadat i unes il\u00b7lustracions fresques i alegres, aquests llibres seran una manera fant\u00e0stica d?endinsar-se i gaudir de les hist\u00f2ries de tota la vida!<\/p>\n","protected":false},"excerpt":{"rendered":"<p>PUT, KATLEEN<\/p>\n","protected":false},"featured_media":948616,"template":"","meta":{"_acf_changed":false,"om_disable_all_campaigns":false,"rs_blank_template":"","rs_page_bg_color":"","slide_template_v7":"","inline_featured_image":false,"_monsterinsights_skip_tracking":false,"_monsterinsights_sitenote_active":false,"_monsterinsights_sitenote_note":"","_monsterinsights_sitenote_category":0},"product_brand":[],"product_cat":[131,361],"product_tag":[],"class_list":{"0":"post-948615","1":"product","2":"type-product","3":"status-publish","4":"has-post-thumbnail","6":"product_cat-contes-per-infants-0-6-anys","7":"product_cat-cuentos-para-ninos-0-6-anos","9":"first","10":"instock","11":"taxable","12":"shipping-taxable","13":"purchasable","14":"product-type-simple"},"acf":{"autor":"PUT, KATLEEN","codart":"940321152","libros-coleccion":"FORA DE COL.LECCI\u00d3","ediciones":"1","encuadernacion":"Carton\u00e9","fecha_de_publicacion":"01\/03\/2019","novedad":"1","paginas":"45","subtitulo":"","orden":"0","portada":"0","idioma":"cat","editorial":[{"ID":6169,"post_author":"3","post_date":"2022-07-28 17:46:22","post_date_gmt":"2022-07-28 15:46:22","post_content":"","post_title":"Contenido en Movimiento","post_excerpt":"","post_status":"publish","comment_status":"closed","ping_status":"closed","post_password":"","post_name":"contenido-en-movimiento","to_ping":"","pinged":"","post_modified":"2022-07-28 17:46:22","post_modified_gmt":"2022-07-28 15:46:22","post_content_filtered":"","post_parent":0,"guid":"http:\/\/dev.claret.cat\/editorial\/contenido-en-movimiento\/","menu_order":0,"post_type":"editorial","post_mime_type":"","comment_count":"0","filter":"raw"}],"autores-libros":[{"ID":948614,"post_author":"3","post_date":"2024-01-23 15:50:16","post_date_gmt":"2024-01-23 14:50:16","post_content":"","post_title":"KATLEEN PUT","post_excerpt":"","post_status":"publish","comment_status":"closed","ping_status":"closed","post_password":"","post_name":"katleen-put","to_ping":"","pinged":"","post_modified":"2024-01-23 15:50:16","post_modified_gmt":"2024-01-23 14:50:16","post_content_filtered":"","post_parent":0,"guid":"https:\/\/www.claret.cat\/autor\/katleen-put\/","menu_order":0,"post_type":"autor","post_mime_type":"","comment_count":"0","filter":"raw"}]},"aioseo_notices":[],"_links":{"self":[{"href":"https:\/\/www.claret.cat\/es\/wp-json\/wp\/v2\/product\/948615","targetHints":{"allow":["GET"]}}],"collection":[{"href":"https:\/\/www.claret.cat\/es\/wp-json\/wp\/v2\/product"}],"about":[{"href":"https:\/\/www.claret.cat\/es\/wp-json\/wp\/v2\/types\/product"}],"wp:featuredmedia":[{"embeddable":true,"href":"https:\/\/www.claret.cat\/es\/wp-json\/wp\/v2\/media\/948616"}],"wp:attachment":[{"href":"https:\/\/www.claret.cat\/es\/wp-json\/wp\/v2\/media?parent=948615"}],"wp:term":[{"taxonomy":"product_brand","embeddable":true,"href":"https:\/\/www.claret.cat\/es\/wp-json\/wp\/v2\/product_brand?post=948615"},{"taxonomy":"product_cat","embeddable":true,"href":"https:\/\/www.claret.cat\/es\/wp-json\/wp\/v2\/product_cat?post=948615"},{"taxonomy":"product_tag","embeddable":true,"href":"https:\/\/www.claret.cat\/es\/wp-json\/wp\/v2\/product_tag?post=948615"}],"curies":[{"name":"wp","href":"https:\/\/api.w.org\/{rel}","templated":true}]}}