{"id":94862,"date":"2022-10-12T06:36:46","date_gmt":"2022-10-12T04:36:46","guid":{"rendered":"http:\/\/dev.claret.cat\/producte\/celosias-y-ventanas-del-alma\/"},"modified":"2025-07-10T13:16:17","modified_gmt":"2025-07-10T11:16:17","slug":"celosias-y-ventanas-del-alma-9788418303432","status":"publish","type":"product","link":"https:\/\/www.claret.cat\/es\/libro\/celosias-y-ventanas-del-alma-9788418303432\/","title":{"rendered":"CELOS\u00cdAS Y VENTANAS DEL ALMA"},"content":{"rendered":"<p>Por medio de nuestros sentidos nos asomamos al escenario en que vivimos. De ellos depende la idea que nos hacemos de la creaci\u00f3n, de los dem\u00e1s y de nosotros mismos. Los sentidos son las herramientas del lenguaje. Hacen posible la oferta y el encuentro, la percepci\u00f3n del sentido y la elecci\u00f3n, de la celebraci\u00f3n y la gracia. Se dice que por esas ventanas la persona se asoma a lo peor de este mundo. Por ellas pueden entrar todas las tentaciones. Pero la fe nos ayuda a ver los sentidos como las celos\u00edas a trav\u00e9s de las cuales vislumbramos la presencia de Dios en el mundo. Las reflexiones contenidas en este libro quiz\u00e1 puedan servir como base para una catequesis sobre los sentidos. Con esa intenci\u00f3n han nacido<\/p>\n","protected":false},"excerpt":{"rendered":"<p>FLECHA ANDR\u00c9S, JOS\u00c9-ROM\u00c1N<\/p>\n","protected":false},"featured_media":451466,"template":"","meta":{"_acf_changed":false,"om_disable_all_campaigns":false,"rs_blank_template":"","rs_page_bg_color":"","slide_template_v7":"","inline_featured_image":false,"_monsterinsights_skip_tracking":false,"_monsterinsights_sitenote_active":false,"_monsterinsights_sitenote_note":"","_monsterinsights_sitenote_category":0},"product_brand":[],"product_cat":[225,483,221,480],"product_tag":[],"class_list":{"0":"post-94862","1":"product","2":"type-product","3":"status-publish","4":"has-post-thumbnail","6":"product_cat-catecismes","7":"product_cat-catecismos","8":"product_cat-dadults","9":"product_cat-de-adultos","11":"first","12":"instock","13":"taxable","14":"shipping-taxable","15":"purchasable","16":"product-type-simple"},"acf":{"editorial":[{"ID":6309,"post_author":"3","post_date":"2022-07-28 17:49:25","post_date_gmt":"2022-07-28 15:49:25","post_content":"","post_title":"Monte Carmelo","post_excerpt":"","post_status":"publish","comment_status":"closed","ping_status":"closed","post_password":"","post_name":"monte-carmelo","to_ping":"","pinged":"","post_modified":"2022-07-28 17:49:25","post_modified_gmt":"2022-07-28 15:49:25","post_content_filtered":"","post_parent":0,"guid":"http:\/\/dev.claret.cat\/editorial\/monte-carmelo\/","menu_order":0,"post_type":"editorial","post_mime_type":"","comment_count":"0","filter":"raw"}],"autor":"FLECHA ANDR\u00c9S, JOS\u00c9-ROM\u00c1N","codart":"841830343","libros-coleccion":"","ediciones":"1","encuadernacion":"R\u00fastica","fecha_de_publicacion":"05\/03\/2021","novedad":"1","paginas":"152","subtitulo":"PARA UNA CATEQUESIS DE LOS SENTIDOS CORPORALES","orden":"0","portada":"0","idioma":"spa","autores-libros":[{"ID":160886,"post_author":"3","post_date":"2022-10-14 15:56:40","post_date_gmt":"2022-10-14 13:56:40","post_content":"","post_title":"JOS\u00c9-ROM\u00c1N FLECHA ANDR\u00c9S","post_excerpt":"","post_status":"publish","comment_status":"closed","ping_status":"closed","post_password":"","post_name":"jose-roman-flecha-andres-2","to_ping":"","pinged":"","post_modified":"2022-10-14 15:56:40","post_modified_gmt":"2022-10-14 13:56:40","post_content_filtered":"","post_parent":0,"guid":"http:\/\/dev.claret.cat\/autor\/jose-roman-flecha-andres-2\/","menu_order":0,"post_type":"autor","post_mime_type":"","comment_count":"0","filter":"raw"}],"booktrailer":"","resenas":""},"aioseo_notices":[],"_links":{"self":[{"href":"https:\/\/www.claret.cat\/es\/wp-json\/wp\/v2\/product\/94862","targetHints":{"allow":["GET"]}}],"collection":[{"href":"https:\/\/www.claret.cat\/es\/wp-json\/wp\/v2\/product"}],"about":[{"href":"https:\/\/www.claret.cat\/es\/wp-json\/wp\/v2\/types\/product"}],"wp:featuredmedia":[{"embeddable":true,"href":"https:\/\/www.claret.cat\/es\/wp-json\/wp\/v2\/media\/451466"}],"wp:attachment":[{"href":"https:\/\/www.claret.cat\/es\/wp-json\/wp\/v2\/media?parent=94862"}],"wp:term":[{"taxonomy":"product_brand","embeddable":true,"href":"https:\/\/www.claret.cat\/es\/wp-json\/wp\/v2\/product_brand?post=94862"},{"taxonomy":"product_cat","embeddable":true,"href":"https:\/\/www.claret.cat\/es\/wp-json\/wp\/v2\/product_cat?post=94862"},{"taxonomy":"product_tag","embeddable":true,"href":"https:\/\/www.claret.cat\/es\/wp-json\/wp\/v2\/product_tag?post=94862"}],"curies":[{"name":"wp","href":"https:\/\/api.w.org\/{rel}","templated":true}]}}