{"id":948748,"date":"2024-01-24T12:20:20","date_gmt":"2024-01-24T11:20:20","guid":{"rendered":"https:\/\/www.claret.cat\/llibre\/per-que-pensar-9788429781663\/"},"modified":"2025-08-27T10:30:48","modified_gmt":"2025-08-27T08:30:48","slug":"per-que-pensar-9788429781663","status":"publish","type":"product","link":"https:\/\/www.claret.cat\/es\/libro\/per-que-pensar-9788429781663\/","title":{"rendered":"PER QU\u00c8 PENSAR?"},"content":{"rendered":"<p>\u201cCal &#8221;buidar&#8221; el ritme del m\u00f3n per fer lloc al pensar.\u201d escriu Marta Jorba. Pensar \u00e9s la facultat m\u00e9s intr\u00ednseca de la filosofia i dels humans. Cap intel\u00b7lig\u00e8ncia artificial pot substituir el pensament individual. Per aix\u00f2 hem demanat a sis reconeguts pensadors actuals, d&#8217;edats i proced\u00e8ncies ben diferents \u2014Fina Birul\u00e9s, Jaume Casals, Ra\u00fcl Garrigasait, Marta Jorba, Josep Ramoneda i Xita Rubert Vent\u00f3s\u2014 que reflexionin\u00a0sobre\u00a0qu\u00e8 implica pensar\u00a0avui dia. El resultat \u00e9s aquest llibre divers: un mosaic representatiu del pensament a casa nostra en qu\u00e8 els autors aporten idees l\u00facides i estimulants sobre qu\u00e8 suposa i qu\u00e8 comporta pensar avui.<br \/> \u00a0<br \/> \u00abQuan pensem, descobrim una de\u00a0les formes de moure&#8217;ns lliurement en el m\u00f3n. Pensar \u00e9s sortir del cercle tra\u00e7at, gosar anar m\u00e9s enll\u00e0, transgredir les lleis del discurs dominant\u00bb. Fina Birul\u00e9s<br \/> \u00abEl pensament, com les mans, t\u00e9 els seus gestos. N&#8217;hi ha d&#8217;amicals i n&#8217;hi ha que delimiten un territori i s&#8221;afirmen a si mateixos. N&#8217;hi ha que rebutgen alguna cosa, per defensar-se d&#8217;una amena\u00e7a o per simple angoixa davant el m\u00f3n\u00bb. Ra\u00fcl Garrigasait<br \/> \u00abCal \u201cbuidar\u201d el ritme del m\u00f3n per fer lloc al pensar. Pensar requereix un fer reposat que permeti reflexionar sobre les q\u00fcestions i tornar-hi una vegada i una altra\u00bb. Marta Jorba<\/p>\n","protected":false},"excerpt":{"rendered":"<p>BIRUL\u00c9S BERTRAN, FINA \/ CASALS PONS, JAUME \/ GARRIGASAIT COLOM\u00c9S, RA\u00dcL \/ JORBA<\/p>\n","protected":false},"featured_media":948819,"template":"","meta":{"_acf_changed":false,"om_disable_all_campaigns":false,"rs_blank_template":"","rs_page_bg_color":"","slide_template_v7":"","inline_featured_image":false,"_monsterinsights_skip_tracking":false,"_monsterinsights_sitenote_active":false,"_monsterinsights_sitenote_note":"","_monsterinsights_sitenote_category":0},"product_brand":[],"product_cat":[90,373,166,540],"product_tag":[],"class_list":{"0":"post-948748","1":"product","2":"type-product","3":"status-publish","4":"has-post-thumbnail","6":"product_cat-altres","7":"product_cat-autores","8":"product_cat-autors-filosofia","9":"product_cat-otros","11":"first","12":"instock","13":"taxable","14":"shipping-taxable","15":"purchasable","16":"product-type-simple"},"acf":{"autor":"BIRUL\u00c9S BERTRAN, FINA \/ CASALS PONS, JAUME \/ GARRIGASAIT COLOM\u00c9S, RA\u00dcL \/ JORBA","codart":"842978166","libros-coleccion":"FORA DE COL.LECCI\u00d3","ediciones":"1","encuadernacion":"R\u00fastica","fecha_de_publicacion":"01\/01\/2024","novedad":"1","paginas":"160","subtitulo":"","orden":"0","portada":"0","idioma":"cat","editorial":[{"ID":6210,"post_author":"3","post_date":"2022-07-28 17:47:13","post_date_gmt":"2022-07-28 15:47:13","post_content":"","post_title":"Edicions 62","post_excerpt":"","post_status":"publish","comment_status":"closed","ping_status":"closed","post_password":"","post_name":"edicions-62","to_ping":"","pinged":"","post_modified":"2022-07-28 17:47:13","post_modified_gmt":"2022-07-28 15:47:13","post_content_filtered":"","post_parent":0,"guid":"http:\/\/dev.claret.cat\/editorial\/edicions-62\/","menu_order":0,"post_type":"editorial","post_mime_type":"","comment_count":"0","filter":"raw"}],"autores-libros":[{"ID":368235,"post_author":"3","post_date":"2023-01-15 23:00:54","post_date_gmt":"2023-01-15 22:00:54","post_content":"","post_title":"JORBA","post_excerpt":"","post_status":"publish","comment_status":"closed","ping_status":"closed","post_password":"","post_name":"jorba","to_ping":"","pinged":"","post_modified":"2023-01-15 23:00:54","post_modified_gmt":"2023-01-15 22:00:54","post_content_filtered":"","post_parent":0,"guid":"https:\/\/www.claret.cat\/autor\/jorba\/","menu_order":0,"post_type":"autor","post_mime_type":"","comment_count":"0","filter":"raw"},{"ID":167841,"post_author":"3","post_date":"2022-10-14 18:14:26","post_date_gmt":"2022-10-14 16:14:26","post_content":"","post_title":"RA\u00dcL GARRIGASAIT COLOM\u00c9S","post_excerpt":"","post_status":"publish","comment_status":"closed","ping_status":"closed","post_password":"","post_name":"raul-garrigasait-colomes","to_ping":"","pinged":"","post_modified":"2022-10-14 18:14:26","post_modified_gmt":"2022-10-14 16:14:26","post_content_filtered":"","post_parent":0,"guid":"http:\/\/dev.claret.cat\/autor\/raul-garrigasait-colomes\/","menu_order":0,"post_type":"autor","post_mime_type":"","comment_count":"0","filter":"raw"},{"ID":948747,"post_author":"3","post_date":"2024-01-24 12:20:15","post_date_gmt":"2024-01-24 11:20:15","post_content":"","post_title":"JAUME CASALS PONS","post_excerpt":"","post_status":"publish","comment_status":"closed","ping_status":"closed","post_password":"","post_name":"jaume-casals-pons","to_ping":"","pinged":"","post_modified":"2024-01-24 12:20:15","post_modified_gmt":"2024-01-24 11:20:15","post_content_filtered":"","post_parent":0,"guid":"https:\/\/www.claret.cat\/autor\/jaume-casals-pons\/","menu_order":0,"post_type":"autor","post_mime_type":"","comment_count":"0","filter":"raw"},{"ID":155937,"post_author":"3","post_date":"2022-10-14 15:16:49","post_date_gmt":"2022-10-14 13:16:49","post_content":"","post_title":"FINA BIRUL\u00c9S BERTR\u00c1N","post_excerpt":"","post_status":"publish","comment_status":"closed","ping_status":"closed","post_password":"","post_name":"fina-birules-bertran","to_ping":"","pinged":"","post_modified":"2022-10-14 15:16:49","post_modified_gmt":"2022-10-14 13:16:49","post_content_filtered":"","post_parent":0,"guid":"http:\/\/dev.claret.cat\/autor\/fina-birules-bertran\/","menu_order":0,"post_type":"autor","post_mime_type":"","comment_count":"0","filter":"raw"}],"booktrailer":"","resenas":""},"aioseo_notices":[],"_links":{"self":[{"href":"https:\/\/www.claret.cat\/es\/wp-json\/wp\/v2\/product\/948748","targetHints":{"allow":["GET"]}}],"collection":[{"href":"https:\/\/www.claret.cat\/es\/wp-json\/wp\/v2\/product"}],"about":[{"href":"https:\/\/www.claret.cat\/es\/wp-json\/wp\/v2\/types\/product"}],"wp:featuredmedia":[{"embeddable":true,"href":"https:\/\/www.claret.cat\/es\/wp-json\/wp\/v2\/media\/948819"}],"wp:attachment":[{"href":"https:\/\/www.claret.cat\/es\/wp-json\/wp\/v2\/media?parent=948748"}],"wp:term":[{"taxonomy":"product_brand","embeddable":true,"href":"https:\/\/www.claret.cat\/es\/wp-json\/wp\/v2\/product_brand?post=948748"},{"taxonomy":"product_cat","embeddable":true,"href":"https:\/\/www.claret.cat\/es\/wp-json\/wp\/v2\/product_cat?post=948748"},{"taxonomy":"product_tag","embeddable":true,"href":"https:\/\/www.claret.cat\/es\/wp-json\/wp\/v2\/product_tag?post=948748"}],"curies":[{"name":"wp","href":"https:\/\/api.w.org\/{rel}","templated":true}]}}