{"id":948760,"date":"2024-01-24T12:26:01","date_gmt":"2024-01-24T11:26:01","guid":{"rendered":"https:\/\/www.claret.cat\/llibre\/temps-enrere-9788419107954\/"},"modified":"2025-02-22T11:55:23","modified_gmt":"2025-02-22T10:55:23","slug":"temps-enrere-9788419107954","status":"publish","type":"product","link":"https:\/\/www.claret.cat\/es\/libro\/temps-enrere-9788419107954\/","title":{"rendered":"TEMPS ENRERE"},"content":{"rendered":"<p>La gran novel\u00b7la de Ramon Solsona, entre l&#8221;Alemanya de l&#8221;emigraci\u00f3 i les vinyes del Priorat.L&#8221;Elvira i el Tom\u00e0s passen pel t\u00fanel del temps cap enrere. Van del m\u00f2bil als primers televisors en blanc i negre, de la plenitud professional als or\u00edgens humils. Travessen l&#8221;amor i el desamor, la salut i la malaltia, afronten cru\u00eflles que canvien el curs de les seves vides, descobreixen el sexe, cada vegada s\u00f3n m\u00e9s joves, fins que tenen tot el futur per escriure. El temps passa per tothom. Per l&#8221;Elvira, que neix al Priorat inclement d&#8221;abans de la revoluci\u00f3 del vi. Pel Tom\u00e0s, fill d&#8221;una portera que viu en un semisoterrani. El temps passa tamb\u00e9 per la corrua de fam\u00edlies emigrades a Alemanya als anys seixanta. I passa per un teixit de personatges carregats d&#8221;hist\u00f2ries i d&#8221;humanitat. Quan, al cap dels anys, l&#8221;Elvira es retroba amb les amigues, \u00abentre totes formaven una enciclop\u00e8dia de la vida viscuda\u00bb. La trobada es converteix llavors en \u00abun mirall vera\u00e7, potser cruel, del pas pel t\u00fanel del temps\u00bb.<\/p>\n","protected":false},"excerpt":{"rendered":"<p>SOLSONA, RAMON<\/p>\n","protected":false},"featured_media":948761,"template":"","meta":{"_acf_changed":false,"om_disable_all_campaigns":false,"rs_blank_template":"","rs_page_bg_color":"","slide_template_v7":"","inline_featured_image":false,"_monsterinsights_skip_tracking":false,"_monsterinsights_sitenote_active":false,"_monsterinsights_sitenote_note":"","_monsterinsights_sitenote_category":0},"product_brand":[],"product_cat":[127,357],"product_tag":[],"class_list":{"0":"post-948760","1":"product","2":"type-product","3":"status-publish","4":"has-post-thumbnail","6":"product_cat-novella-contemporania","7":"product_cat-novela-contemporanea","9":"first","10":"instock","11":"taxable","12":"shipping-taxable","13":"purchasable","14":"product-type-simple"},"acf":{"autor":"SOLSONA, RAMON","codart":"841910795","libros-coleccion":"LABUTXACA","ediciones":"1","encuadernacion":"R\u00fastica","fecha_de_publicacion":"01\/01\/2024","novedad":"1","paginas":"700","subtitulo":"","orden":"0","portada":"0","idioma":"cat","editorial":[{"ID":6281,"post_author":"3","post_date":"2022-07-28 17:48:50","post_date_gmt":"2022-07-28 15:48:50","post_content":"","post_title":"LABUTXACA","post_excerpt":"","post_status":"publish","comment_status":"closed","ping_status":"closed","post_password":"","post_name":"labutxaca","to_ping":"","pinged":"","post_modified":"2022-07-28 17:48:50","post_modified_gmt":"2022-07-28 15:48:50","post_content_filtered":"","post_parent":0,"guid":"http:\/\/dev.claret.cat\/editorial\/labutxaca\/","menu_order":0,"post_type":"editorial","post_mime_type":"","comment_count":"0","filter":"raw"}],"autores-libros":[{"ID":167758,"post_author":"3","post_date":"2022-10-14 18:13:47","post_date_gmt":"2022-10-14 16:13:47","post_content":"","post_title":"RAMON SOLSONA","post_excerpt":"","post_status":"publish","comment_status":"closed","ping_status":"closed","post_password":"","post_name":"ramon-solsona","to_ping":"","pinged":"","post_modified":"2022-10-14 18:13:47","post_modified_gmt":"2022-10-14 16:13:47","post_content_filtered":"","post_parent":0,"guid":"http:\/\/dev.claret.cat\/autor\/ramon-solsona\/","menu_order":0,"post_type":"autor","post_mime_type":"","comment_count":"0","filter":"raw"}]},"aioseo_notices":[],"_links":{"self":[{"href":"https:\/\/www.claret.cat\/es\/wp-json\/wp\/v2\/product\/948760","targetHints":{"allow":["GET"]}}],"collection":[{"href":"https:\/\/www.claret.cat\/es\/wp-json\/wp\/v2\/product"}],"about":[{"href":"https:\/\/www.claret.cat\/es\/wp-json\/wp\/v2\/types\/product"}],"wp:featuredmedia":[{"embeddable":true,"href":"https:\/\/www.claret.cat\/es\/wp-json\/wp\/v2\/media\/948761"}],"wp:attachment":[{"href":"https:\/\/www.claret.cat\/es\/wp-json\/wp\/v2\/media?parent=948760"}],"wp:term":[{"taxonomy":"product_brand","embeddable":true,"href":"https:\/\/www.claret.cat\/es\/wp-json\/wp\/v2\/product_brand?post=948760"},{"taxonomy":"product_cat","embeddable":true,"href":"https:\/\/www.claret.cat\/es\/wp-json\/wp\/v2\/product_cat?post=948760"},{"taxonomy":"product_tag","embeddable":true,"href":"https:\/\/www.claret.cat\/es\/wp-json\/wp\/v2\/product_tag?post=948760"}],"curies":[{"name":"wp","href":"https:\/\/api.w.org\/{rel}","templated":true}]}}