{"id":948814,"date":"2024-01-24T12:55:49","date_gmt":"2024-01-24T11:55:49","guid":{"rendered":"https:\/\/www.claret.cat\/llibre\/la-calcotada-9788413563350\/"},"modified":"2024-01-24T12:56:23","modified_gmt":"2024-01-24T11:56:23","slug":"la-calcotada-9788413563350","status":"publish","type":"product","link":"https:\/\/www.claret.cat\/es\/libro\/la-calcotada-9788413563350\/","title":{"rendered":"LA CAL\u00c7OTADA"},"content":{"rendered":"<p>AMB AQUEST CONTE, ELS M\u00c9S PETITS DESCOBRIRAN TOT ALL\u00d2 QUE T\u00c9 A VEURE AMB LA CAL\u00c7OTADA 3A EDICI\u00d3  \u00a0  IL\u00b7LUSTRACIONS D&#8221;HUGO PRADES  En aquest conte el Patufet ens acompanya en la descoberta d&#8221;una tradici\u00f3 culin\u00e0ria molt arrelada al nostre pa\u00eds: la cal\u00e7otada. Els nens i nenes de la colla s&#8221;ho passaran pipa mentre aprenen a conrear els cal\u00e7ots, a coure&#8221;ls sobre les flames del foc i a menjar-se&#8221;ls seguint tot un ritual. Quina gana&#8230;!   * Una col\u00b7lecci\u00f3 que aposta per ensenyar les tradicions catalanes als nens i nenes amb un to tendre i divertit.<\/p>\n","protected":false},"excerpt":{"rendered":"<p>ROIG C\u00c9SAR, ROGER<\/p>\n","protected":false},"featured_media":948815,"template":"","meta":{"_acf_changed":false,"om_disable_all_campaigns":false,"rs_blank_template":"","rs_page_bg_color":"","slide_template_v7":"","inline_featured_image":false,"_monsterinsights_skip_tracking":false,"_monsterinsights_sitenote_active":false,"_monsterinsights_sitenote_note":"","_monsterinsights_sitenote_category":0},"product_brand":[],"product_cat":[131,361],"product_tag":[],"class_list":{"0":"post-948814","1":"product","2":"type-product","3":"status-publish","4":"has-post-thumbnail","6":"product_cat-contes-per-infants-0-6-anys","7":"product_cat-cuentos-para-ninos-0-6-anos","9":"first","10":"instock","11":"taxable","12":"shipping-taxable","13":"purchasable","14":"product-type-simple"},"acf":{"autor":"ROIG C\u00c9SAR, ROGER","codart":"841356335","libros-coleccion":"El Patufet","ediciones":"1","encuadernacion":"R\u00fastica","fecha_de_publicacion":"01\/01\/2024","novedad":"1","paginas":"24","subtitulo":"","orden":"0","portada":"0","idioma":"spa","editorial":[{"ID":6171,"post_author":"3","post_date":"2022-07-28 17:46:25","post_date_gmt":"2022-07-28 15:46:25","post_content":"","post_title":"COSSETANIA EDICIONS","post_excerpt":"","post_status":"publish","comment_status":"closed","ping_status":"closed","post_password":"","post_name":"cossetania-edicions","to_ping":"","pinged":"","post_modified":"2022-07-28 17:46:25","post_modified_gmt":"2022-07-28 15:46:25","post_content_filtered":"","post_parent":0,"guid":"http:\/\/dev.claret.cat\/editorial\/cossetania-edicions\/","menu_order":0,"post_type":"editorial","post_mime_type":"","comment_count":"0","filter":"raw"}],"autores-libros":[{"ID":168382,"post_author":"3","post_date":"2022-10-14 18:18:47","post_date_gmt":"2022-10-14 16:18:47","post_content":"","post_title":"ROGER ROIG C\u00c9SAR","post_excerpt":"","post_status":"publish","comment_status":"closed","ping_status":"closed","post_password":"","post_name":"roger-roig-cesar","to_ping":"","pinged":"","post_modified":"2022-10-14 18:18:47","post_modified_gmt":"2022-10-14 16:18:47","post_content_filtered":"","post_parent":0,"guid":"http:\/\/dev.claret.cat\/autor\/roger-roig-cesar\/","menu_order":0,"post_type":"autor","post_mime_type":"","comment_count":"0","filter":"raw"}]},"aioseo_notices":[],"_links":{"self":[{"href":"https:\/\/www.claret.cat\/es\/wp-json\/wp\/v2\/product\/948814","targetHints":{"allow":["GET"]}}],"collection":[{"href":"https:\/\/www.claret.cat\/es\/wp-json\/wp\/v2\/product"}],"about":[{"href":"https:\/\/www.claret.cat\/es\/wp-json\/wp\/v2\/types\/product"}],"wp:featuredmedia":[{"embeddable":true,"href":"https:\/\/www.claret.cat\/es\/wp-json\/wp\/v2\/media\/948815"}],"wp:attachment":[{"href":"https:\/\/www.claret.cat\/es\/wp-json\/wp\/v2\/media?parent=948814"}],"wp:term":[{"taxonomy":"product_brand","embeddable":true,"href":"https:\/\/www.claret.cat\/es\/wp-json\/wp\/v2\/product_brand?post=948814"},{"taxonomy":"product_cat","embeddable":true,"href":"https:\/\/www.claret.cat\/es\/wp-json\/wp\/v2\/product_cat?post=948814"},{"taxonomy":"product_tag","embeddable":true,"href":"https:\/\/www.claret.cat\/es\/wp-json\/wp\/v2\/product_tag?post=948814"}],"curies":[{"name":"wp","href":"https:\/\/api.w.org\/{rel}","templated":true}]}}