{"id":948856,"date":"2024-01-24T13:35:16","date_gmt":"2024-01-24T12:35:16","guid":{"rendered":"https:\/\/www.claret.cat\/llibre\/el-caracol-en-la-pendiente-9788412786811\/"},"modified":"2024-01-24T19:25:41","modified_gmt":"2024-01-24T18:25:41","slug":"el-caracol-en-la-pendiente-9788412786811","status":"publish","type":"product","link":"https:\/\/www.claret.cat\/es\/libro\/el-caracol-en-la-pendiente-9788412786811\/","title":{"rendered":"EL CARACOL EN LA PENDIENTE"},"content":{"rendered":"<p>El caracol en la pendiente es reconocida por la cr\u00edtica como la novela m\u00e1s enigm\u00e1tica de los hermanos StrugatskiLos geniales Arkadi y Bor\u00eds Strugatski consideraban esta novela como la m\u00e1s lograda y relevante de su carrera. Fue dividida en dos l\u00edneas narrativas: la Administraci\u00f3n y el Bosque. El protagonista de la primera, el ling\u00fcista Perets, sue\u00f1a desde la infancia con el Bosque. Trabaja en la Administraci\u00f3n de Asuntos del Bosque, aunque no lo permiten entrar en \u00e9l. Tambi\u00e9n quiere abandonar la Administraci\u00f3n, y tampoco se lo permiten. Ante tal situaci\u00f3n, no le queda sino observar abismado desde la altura de un precipicio c\u00f3mo transcurre esa extra\u00f1a vida en el lugar de sus sue\u00f1os. All\u00ed dictan \u00f3rdenes disparatadas, hacen c\u00e1lculos con m\u00e1quinas estropeadas y obedecen a un director al que solo oyen por tel\u00e9fono.&nbsp;<\/p>\n","protected":false},"excerpt":{"rendered":"<p>STRUGATSKI, ARKADI Y BOR\u00cdS<\/p>\n","protected":false},"featured_media":948857,"template":"","meta":{"_acf_changed":false,"om_disable_all_campaigns":false,"rs_blank_template":"","rs_page_bg_color":"","slide_template_v7":"","inline_featured_image":false,"_monsterinsights_skip_tracking":false,"_monsterinsights_sitenote_active":false,"_monsterinsights_sitenote_note":"","_monsterinsights_sitenote_category":0},"product_brand":[],"product_cat":[127,357],"product_tag":[],"class_list":{"0":"post-948856","1":"product","2":"type-product","3":"status-publish","4":"has-post-thumbnail","6":"product_cat-novella-contemporania","7":"product_cat-novela-contemporanea","9":"first","10":"instock","11":"taxable","12":"shipping-taxable","13":"purchasable","14":"product-type-simple"},"acf":{"autor":"STRUGATSKI, ARKADI Y BOR\u00cdS","codart":"841278681","libros-coleccion":"FORA DE COL.LECCI\u00d3","ediciones":"1","encuadernacion":"R\u00fastica","fecha_de_publicacion":"01\/01\/2024","novedad":"1","paginas":"262","subtitulo":"","orden":"0","portada":"0","idioma":"spa","editorial":[{"ID":148257,"post_author":"3","post_date":"2022-10-14 11:56:50","post_date_gmt":"2022-10-14 09:56:50","post_content":"","post_title":"HERMIDA EDITORES, S.L","post_excerpt":"","post_status":"publish","comment_status":"closed","ping_status":"closed","post_password":"","post_name":"hermida-editores-s-l","to_ping":"","pinged":"","post_modified":"2022-10-14 11:56:50","post_modified_gmt":"2022-10-14 09:56:50","post_content_filtered":"","post_parent":0,"guid":"http:\/\/dev.claret.cat\/editorial\/hermida-editores-s-l\/","menu_order":0,"post_type":"editorial","post_mime_type":"","comment_count":"0","filter":"raw"}],"autores-libros":[{"ID":948877,"post_author":"3","post_date":"2024-01-24 14:00:54","post_date_gmt":"2024-01-24 13:00:54","post_content":"","post_title":"ARKADI Y BOR\u00cdS STRUGATSKI","post_excerpt":"","post_status":"publish","comment_status":"closed","ping_status":"closed","post_password":"","post_name":"arkadi-y-boris-strugatski","to_ping":"","pinged":"","post_modified":"2024-01-24 14:00:54","post_modified_gmt":"2024-01-24 13:00:54","post_content_filtered":"","post_parent":0,"guid":"https:\/\/www.claret.cat\/autor\/arkadi-y-boris-strugatski\/","menu_order":0,"post_type":"autor","post_mime_type":"","comment_count":"0","filter":"raw"}]},"aioseo_notices":[],"_links":{"self":[{"href":"https:\/\/www.claret.cat\/es\/wp-json\/wp\/v2\/product\/948856","targetHints":{"allow":["GET"]}}],"collection":[{"href":"https:\/\/www.claret.cat\/es\/wp-json\/wp\/v2\/product"}],"about":[{"href":"https:\/\/www.claret.cat\/es\/wp-json\/wp\/v2\/types\/product"}],"wp:featuredmedia":[{"embeddable":true,"href":"https:\/\/www.claret.cat\/es\/wp-json\/wp\/v2\/media\/948857"}],"wp:attachment":[{"href":"https:\/\/www.claret.cat\/es\/wp-json\/wp\/v2\/media?parent=948856"}],"wp:term":[{"taxonomy":"product_brand","embeddable":true,"href":"https:\/\/www.claret.cat\/es\/wp-json\/wp\/v2\/product_brand?post=948856"},{"taxonomy":"product_cat","embeddable":true,"href":"https:\/\/www.claret.cat\/es\/wp-json\/wp\/v2\/product_cat?post=948856"},{"taxonomy":"product_tag","embeddable":true,"href":"https:\/\/www.claret.cat\/es\/wp-json\/wp\/v2\/product_tag?post=948856"}],"curies":[{"name":"wp","href":"https:\/\/api.w.org\/{rel}","templated":true}]}}