{"id":949048,"date":"2024-01-25T13:10:25","date_gmt":"2024-01-25T12:10:25","guid":{"rendered":"https:\/\/www.claret.cat\/llibre\/el-hombre-que-paseaba-con-libros-9788418185618\/"},"modified":"2024-03-20T11:25:19","modified_gmt":"2024-03-20T10:25:19","slug":"el-hombre-que-paseaba-con-libros-9788418185618","status":"publish","type":"product","link":"https:\/\/www.claret.cat\/es\/libro\/el-hombre-que-paseaba-con-libros-9788418185618\/","title":{"rendered":"EL HOMBRE QUE PASEABA CON LIBROS"},"content":{"rendered":"<p>Un inesperado best seller, con m\u00e1s de 150.000 ejemplares vendidos en Alemania, y de pr\u00f3xima publicaci\u00f3n en toda Europa \u00a0A pesar de tener setenta y un a\u00f1os, todas las tardes despu\u00e9s del\u00a0trabajo, el librero Carl Kollhoff entrega personalmente los libros que\u00a0le han encargado los clientes m\u00e1s especiales. As\u00ed, cada d\u00eda da un\u00a0agradable paseo por las pintorescas calles de la ciudad, ve c\u00f3mo\u00a0transcurre la vida fuera de la librer\u00eda y visita a los lectores voraces\u00a0que se han convertido en amigos para \u00e9l.Incluso los compara con personajes de grandes cl\u00e1sicos de la\u00a0literatura y les ha asignado un apodo muy novelesco. Por ejemplo,\u00a0un cliente mayor que vive solo en una gran mansi\u00f3n es\u00a0mister\u00a0Darcy, y otro que solo lee ensayos hist\u00f3ricos, el doctor Fausto.Cuando pierde su trabajo de forma inesperada, ser\u00e1 necesario\u00a0el poder de los libros y el de una ni\u00f1a de nueve a\u00f1os para que\u00a0todos, incluido el propio Carl, encuentren el coraje para superar sus\u00a0problemas y acercarse unos a otros.<\/p>\n","protected":false},"excerpt":{"rendered":"<p>HENN , CARSTEN<\/p>\n","protected":false},"featured_media":949119,"template":"","meta":{"_acf_changed":false,"om_disable_all_campaigns":false,"rs_blank_template":"","rs_page_bg_color":"","slide_template_v7":"","inline_featured_image":false,"_monsterinsights_skip_tracking":false,"_monsterinsights_sitenote_active":false,"_monsterinsights_sitenote_note":"","_monsterinsights_sitenote_category":0},"product_brand":[],"product_cat":[127,357],"product_tag":[],"class_list":{"0":"post-949048","1":"product","2":"type-product","3":"status-publish","4":"has-post-thumbnail","6":"product_cat-novella-contemporania","7":"product_cat-novela-contemporanea","9":"first","10":"instock","11":"taxable","12":"shipping-taxable","13":"purchasable","14":"product-type-simple"},"acf":{"autor":"HENN , CARSTEN","codart":"841818561","libros-coleccion":"EMBOLSILLO","ediciones":"1","encuadernacion":"R\u00fastica","fecha_de_publicacion":"01\/01\/2024","novedad":"1","paginas":"222","subtitulo":"UNA ENCANTADORA NOVELA FEEL-GOOD SOBRE EL PODER DE LOS LIBROS PARA CONECTAR A LA","orden":"0","portada":"0","idioma":"spa","editorial":[{"ID":148087,"post_author":"3","post_date":"2022-10-14 11:55:32","post_date_gmt":"2022-10-14 09:55:32","post_content":"","post_title":"EMBOLSILLO","post_excerpt":"","post_status":"publish","comment_status":"closed","ping_status":"closed","post_password":"","post_name":"embolsillo","to_ping":"","pinged":"","post_modified":"2022-10-14 11:55:32","post_modified_gmt":"2022-10-14 09:55:32","post_content_filtered":"","post_parent":0,"guid":"http:\/\/dev.claret.cat\/editorial\/embolsillo\/","menu_order":0,"post_type":"editorial","post_mime_type":"","comment_count":"0","filter":"raw"}],"autores-libros":[{"ID":152530,"post_author":"3","post_date":"2022-10-14 14:49:30","post_date_gmt":"2022-10-14 12:49:30","post_content":"","post_title":"CARSTEN HENN","post_excerpt":"","post_status":"publish","comment_status":"closed","ping_status":"closed","post_password":"","post_name":"carsten-henn","to_ping":"","pinged":"","post_modified":"2022-10-14 14:49:30","post_modified_gmt":"2022-10-14 12:49:30","post_content_filtered":"","post_parent":0,"guid":"http:\/\/dev.claret.cat\/autor\/carsten-henn\/","menu_order":0,"post_type":"autor","post_mime_type":"","comment_count":"0","filter":"raw"}]},"aioseo_notices":[],"_links":{"self":[{"href":"https:\/\/www.claret.cat\/es\/wp-json\/wp\/v2\/product\/949048","targetHints":{"allow":["GET"]}}],"collection":[{"href":"https:\/\/www.claret.cat\/es\/wp-json\/wp\/v2\/product"}],"about":[{"href":"https:\/\/www.claret.cat\/es\/wp-json\/wp\/v2\/types\/product"}],"wp:featuredmedia":[{"embeddable":true,"href":"https:\/\/www.claret.cat\/es\/wp-json\/wp\/v2\/media\/949119"}],"wp:attachment":[{"href":"https:\/\/www.claret.cat\/es\/wp-json\/wp\/v2\/media?parent=949048"}],"wp:term":[{"taxonomy":"product_brand","embeddable":true,"href":"https:\/\/www.claret.cat\/es\/wp-json\/wp\/v2\/product_brand?post=949048"},{"taxonomy":"product_cat","embeddable":true,"href":"https:\/\/www.claret.cat\/es\/wp-json\/wp\/v2\/product_cat?post=949048"},{"taxonomy":"product_tag","embeddable":true,"href":"https:\/\/www.claret.cat\/es\/wp-json\/wp\/v2\/product_tag?post=949048"}],"curies":[{"name":"wp","href":"https:\/\/api.w.org\/{rel}","templated":true}]}}