{"id":949182,"date":"2024-01-26T11:51:00","date_gmt":"2024-01-26T10:51:00","guid":{"rendered":"https:\/\/www.claret.cat\/llibre\/yo-soy-el-erizo-9788412668551\/"},"modified":"2024-01-26T12:36:45","modified_gmt":"2024-01-26T11:36:45","slug":"yo-soy-el-erizo-9788412668551","status":"publish","type":"product","link":"https:\/\/www.claret.cat\/es\/libro\/yo-soy-el-erizo-9788412668551\/","title":{"rendered":"YO SOY EL ERIZO"},"content":{"rendered":"<p>En tono conversacional, el erizo nos habla de sus escondites secretos, de lo que le gusta comer, de c\u00f3mo cr\u00eda a sus beb\u00e9s y por qu\u00e9 hiberna durante la estaci\u00f3n fr\u00eda. <br \/> En claras y c\u00e1lidas im\u00e1genes, el erizo nos revela muchos detalles de su vida, que sorprenden incluso a los que les encanta leer en voz alta. Informativo y muy ameno.<\/p>\n","protected":false},"excerpt":{"rendered":"<p>WIEHLE, KATRIN \/ WIEHLE, KATRIN<\/p>\n","protected":false},"featured_media":949207,"template":"","meta":{"_acf_changed":false,"om_disable_all_campaigns":false,"rs_blank_template":"","rs_page_bg_color":"","slide_template_v7":"","inline_featured_image":false,"_monsterinsights_skip_tracking":false,"_monsterinsights_sitenote_active":false,"_monsterinsights_sitenote_note":"","_monsterinsights_sitenote_category":0},"product_brand":[],"product_cat":[131,361],"product_tag":[],"class_list":{"0":"post-949182","1":"product","2":"type-product","3":"status-publish","4":"has-post-thumbnail","6":"product_cat-contes-per-infants-0-6-anys","7":"product_cat-cuentos-para-ninos-0-6-anos","9":"first","10":"instock","11":"taxable","12":"shipping-taxable","13":"purchasable","14":"product-type-simple"},"acf":{"autor":"WIEHLE, KATRIN \/ WIEHLE, KATRIN","codart":"841266855","libros-coleccion":"EcoL\u00f3guez","ediciones":"1","encuadernacion":"Carpeta","fecha_de_publicacion":"01\/11\/2023","novedad":"1","paginas":"16","subtitulo":"","orden":"0","portada":"0","idioma":"spa","editorial":[{"ID":148459,"post_author":"3","post_date":"2022-10-14 11:58:24","post_date_gmt":"2022-10-14 09:58:24","post_content":"","post_title":"LOGUEZ EDICIONES","post_excerpt":"","post_status":"publish","comment_status":"closed","ping_status":"closed","post_password":"","post_name":"loguez-ediciones","to_ping":"","pinged":"","post_modified":"2022-10-14 11:58:24","post_modified_gmt":"2022-10-14 09:58:24","post_content_filtered":"","post_parent":0,"guid":"http:\/\/dev.claret.cat\/editorial\/loguez-ediciones\/","menu_order":0,"post_type":"editorial","post_mime_type":"","comment_count":"0","filter":"raw"}],"autores-libros":[{"ID":161562,"post_author":"3","post_date":"2022-10-14 17:19:12","post_date_gmt":"2022-10-14 15:19:12","post_content":"","post_title":"KATRIN WIEHLE","post_excerpt":"","post_status":"publish","comment_status":"closed","ping_status":"closed","post_password":"","post_name":"katrin-wiehle","to_ping":"","pinged":"","post_modified":"2022-10-14 17:19:12","post_modified_gmt":"2022-10-14 15:19:12","post_content_filtered":"","post_parent":0,"guid":"http:\/\/dev.claret.cat\/autor\/katrin-wiehle\/","menu_order":0,"post_type":"autor","post_mime_type":"","comment_count":"0","filter":"raw"}]},"aioseo_notices":[],"_links":{"self":[{"href":"https:\/\/www.claret.cat\/es\/wp-json\/wp\/v2\/product\/949182","targetHints":{"allow":["GET"]}}],"collection":[{"href":"https:\/\/www.claret.cat\/es\/wp-json\/wp\/v2\/product"}],"about":[{"href":"https:\/\/www.claret.cat\/es\/wp-json\/wp\/v2\/types\/product"}],"wp:featuredmedia":[{"embeddable":true,"href":"https:\/\/www.claret.cat\/es\/wp-json\/wp\/v2\/media\/949207"}],"wp:attachment":[{"href":"https:\/\/www.claret.cat\/es\/wp-json\/wp\/v2\/media?parent=949182"}],"wp:term":[{"taxonomy":"product_brand","embeddable":true,"href":"https:\/\/www.claret.cat\/es\/wp-json\/wp\/v2\/product_brand?post=949182"},{"taxonomy":"product_cat","embeddable":true,"href":"https:\/\/www.claret.cat\/es\/wp-json\/wp\/v2\/product_cat?post=949182"},{"taxonomy":"product_tag","embeddable":true,"href":"https:\/\/www.claret.cat\/es\/wp-json\/wp\/v2\/product_tag?post=949182"}],"curies":[{"name":"wp","href":"https:\/\/api.w.org\/{rel}","templated":true}]}}