{"id":94937,"date":"2022-10-12T06:37:45","date_gmt":"2022-10-12T04:37:45","guid":{"rendered":"http:\/\/dev.claret.cat\/producte\/un-mes-con-san-jose\/"},"modified":"2023-07-13T19:47:15","modified_gmt":"2023-07-13T17:47:15","slug":"un-mes-con-san-jose-9788417398682","status":"publish","type":"product","link":"https:\/\/www.claret.cat\/es\/libro\/un-mes-con-san-jose-9788417398682\/","title":{"rendered":"UN MES CON SAN JOS\u00c9"},"content":{"rendered":"<p>D\u00eda a d\u00eda, durante todo un mes, sea el de Marzo o cualquier otro del a\u00f1o, para conocer mejor a san Jos\u00e9 y orar con \u00e9l.<\/p>\n","protected":false},"excerpt":{"rendered":"<p>EQUIPO PAULINAS<\/p>\n","protected":false},"featured_media":451573,"template":"","meta":{"_acf_changed":false,"om_disable_all_campaigns":false,"rs_blank_template":"","rs_page_bg_color":"","slide_template_v7":"","inline_featured_image":false,"_monsterinsights_skip_tracking":false,"_monsterinsights_sitenote_active":false,"_monsterinsights_sitenote_note":"","_monsterinsights_sitenote_category":0},"product_brand":[],"product_cat":[542,92],"product_tag":[],"class_list":{"0":"post-94937","1":"product","2":"type-product","3":"status-publish","4":"has-post-thumbnail","6":"product_cat-vida-religiosa-1_espiritualidad-spa","7":"product_cat-vida-religiosa","9":"first","10":"instock","11":"taxable","12":"shipping-taxable","13":"purchasable","14":"product-type-simple"},"acf":{"autor":"EQUIPO PAULINAS","codart":"841739868","libros-coleccion":"","ediciones":"1","encuadernacion":"Grapado","fecha_de_publicacion":"01\/02\/2021","novedad":"1","paginas":"56","subtitulo":"","orden":"0","portada":"0","idioma":"spa","editorial":[{"ID":148016,"post_author":"3","post_date":"2022-10-14 11:54:59","post_date_gmt":"2022-10-14 09:54:59","post_content":"","post_title":"Editorial Paulinas","post_excerpt":"","post_status":"publish","comment_status":"closed","ping_status":"closed","post_password":"","post_name":"editorial-paulinas","to_ping":"","pinged":"","post_modified":"2022-10-14 11:54:59","post_modified_gmt":"2022-10-14 09:54:59","post_content_filtered":"","post_parent":0,"guid":"http:\/\/dev.claret.cat\/editorial\/editorial-paulinas\/","menu_order":0,"post_type":"editorial","post_mime_type":"","comment_count":"0","filter":"raw"}],"autores-libros":[{"ID":155231,"post_author":"3","post_date":"2022-10-14 15:11:11","post_date_gmt":"2022-10-14 13:11:11","post_content":"","post_title":"EQUIPO PAULINAS","post_excerpt":"","post_status":"publish","comment_status":"closed","ping_status":"closed","post_password":"","post_name":"equipo-paulinas","to_ping":"","pinged":"","post_modified":"2022-10-14 15:11:11","post_modified_gmt":"2022-10-14 13:11:11","post_content_filtered":"","post_parent":0,"guid":"http:\/\/dev.claret.cat\/autor\/equipo-paulinas\/","menu_order":0,"post_type":"autor","post_mime_type":"","comment_count":"0","filter":"raw"}]},"aioseo_notices":[],"_links":{"self":[{"href":"https:\/\/www.claret.cat\/es\/wp-json\/wp\/v2\/product\/94937","targetHints":{"allow":["GET"]}}],"collection":[{"href":"https:\/\/www.claret.cat\/es\/wp-json\/wp\/v2\/product"}],"about":[{"href":"https:\/\/www.claret.cat\/es\/wp-json\/wp\/v2\/types\/product"}],"wp:featuredmedia":[{"embeddable":true,"href":"https:\/\/www.claret.cat\/es\/wp-json\/wp\/v2\/media\/451573"}],"wp:attachment":[{"href":"https:\/\/www.claret.cat\/es\/wp-json\/wp\/v2\/media?parent=94937"}],"wp:term":[{"taxonomy":"product_brand","embeddable":true,"href":"https:\/\/www.claret.cat\/es\/wp-json\/wp\/v2\/product_brand?post=94937"},{"taxonomy":"product_cat","embeddable":true,"href":"https:\/\/www.claret.cat\/es\/wp-json\/wp\/v2\/product_cat?post=94937"},{"taxonomy":"product_tag","embeddable":true,"href":"https:\/\/www.claret.cat\/es\/wp-json\/wp\/v2\/product_tag?post=94937"}],"curies":[{"name":"wp","href":"https:\/\/api.w.org\/{rel}","templated":true}]}}