{"id":949648,"date":"2024-01-30T16:15:16","date_gmt":"2024-01-30T15:15:16","guid":{"rendered":"https:\/\/www.claret.cat\/llibre\/familias-mi-primer-libro-de-pegatinas-9781805316060\/"},"modified":"2024-02-15T11:10:44","modified_gmt":"2024-02-15T10:10:44","slug":"familias-mi-primer-libro-de-pegatinas-9781805316060","status":"publish","type":"product","link":"https:\/\/www.claret.cat\/es\/libro\/familias-mi-primer-libro-de-pegatinas-9781805316060\/","title":{"rendered":"FAMILIAS. MI PRIMER LIBRO DE PEGATINAS"},"content":{"rendered":"<p>Los ni\u00f1os disfrutar\u00e1n no s\u00f3lo identificando familias como la suya propia sino aprendiendo que familias hay muchas y son todas diferentes. Explica el concepto de \u00e1rbol geneal\u00f3gico y presenta mucho vocabulario relacionado con la diversidad familiar.<\/p>\n","protected":false},"excerpt":{"rendered":"<p>BATHIE, HOLLY \/ BEECHAM, ALICE<\/p>\n","protected":false},"featured_media":949649,"template":"","meta":{"_acf_changed":false,"om_disable_all_campaigns":false,"rs_blank_template":"","rs_page_bg_color":"","slide_template_v7":"","inline_featured_image":false,"_monsterinsights_skip_tracking":false,"_monsterinsights_sitenote_active":false,"_monsterinsights_sitenote_note":"","_monsterinsights_sitenote_category":0},"product_brand":[],"product_cat":[131,361,135,365],"product_tag":[],"class_list":{"0":"post-949648","1":"product","2":"type-product","3":"status-publish","4":"has-post-thumbnail","6":"product_cat-contes-per-infants-0-6-anys","7":"product_cat-cuentos-para-ninos-0-6-anos","8":"product_cat-entreteniment","9":"product_cat-entretenimientos","11":"first","12":"instock","13":"taxable","14":"shipping-taxable","15":"purchasable","16":"product-type-simple"},"acf":{"autor":"BATHIE, HOLLY \/ BEECHAM, ALICE","codart":"180531606","libros-coleccion":"Mi primer libro de pegatinas","ediciones":"1","encuadernacion":"R\u00fastica","fecha_de_publicacion":"01\/01\/2024","novedad":"1","paginas":"16","subtitulo":"","orden":"0","portada":"0","idioma":"spa","editorial":[{"ID":148939,"post_author":"3","post_date":"2022-10-14 12:02:11","post_date_gmt":"2022-10-14 10:02:11","post_content":"","post_title":"USBORNE","post_excerpt":"","post_status":"publish","comment_status":"closed","ping_status":"closed","post_password":"","post_name":"usborne","to_ping":"","pinged":"","post_modified":"2022-10-14 12:02:11","post_modified_gmt":"2022-10-14 10:02:11","post_content_filtered":"","post_parent":0,"guid":"http:\/\/dev.claret.cat\/editorial\/usborne\/","menu_order":0,"post_type":"editorial","post_mime_type":"","comment_count":"0","filter":"raw"}]},"aioseo_notices":[],"_links":{"self":[{"href":"https:\/\/www.claret.cat\/es\/wp-json\/wp\/v2\/product\/949648","targetHints":{"allow":["GET"]}}],"collection":[{"href":"https:\/\/www.claret.cat\/es\/wp-json\/wp\/v2\/product"}],"about":[{"href":"https:\/\/www.claret.cat\/es\/wp-json\/wp\/v2\/types\/product"}],"wp:featuredmedia":[{"embeddable":true,"href":"https:\/\/www.claret.cat\/es\/wp-json\/wp\/v2\/media\/949649"}],"wp:attachment":[{"href":"https:\/\/www.claret.cat\/es\/wp-json\/wp\/v2\/media?parent=949648"}],"wp:term":[{"taxonomy":"product_brand","embeddable":true,"href":"https:\/\/www.claret.cat\/es\/wp-json\/wp\/v2\/product_brand?post=949648"},{"taxonomy":"product_cat","embeddable":true,"href":"https:\/\/www.claret.cat\/es\/wp-json\/wp\/v2\/product_cat?post=949648"},{"taxonomy":"product_tag","embeddable":true,"href":"https:\/\/www.claret.cat\/es\/wp-json\/wp\/v2\/product_tag?post=949648"}],"curies":[{"name":"wp","href":"https:\/\/api.w.org\/{rel}","templated":true}]}}