{"id":94976,"date":"2022-10-12T06:38:17","date_gmt":"2022-10-12T04:38:17","guid":{"rendered":"http:\/\/dev.claret.cat\/producte\/meva-exbarcelona-la\/"},"modified":"2023-01-28T03:35:07","modified_gmt":"2023-01-28T02:35:07","slug":"meva-exbarcelona-la-9788418292262","status":"publish","type":"product","link":"https:\/\/www.claret.cat\/es\/libro\/meva-exbarcelona-la-9788418292262\/","title":{"rendered":"MEVA EXBARCELONA, LA"},"content":{"rendered":"<p>Recordo que en un dinar amb Joan de Sagarra li vaig comentar que volia  escriure sobre la Barcelona dels anys 80. I em va dir: per qu\u00e8 no fas un Je  me souviens, com Georges Perec?  Aix\u00ed va sorgir aquest inventari de records i evocacions d?una Barcelona  que vaig con\u00e8ixer, que vaig gaudir i que ja no existeix.  Records de bars, botigues, restaurants, dissenyadors, pol\u00edtics, artistes,  amics, i tamb\u00e9 de persones que vaig tractar o, simplement, em vaig trobar  algunes vegades.  Records sense una seq\u00fc\u00e8ncia cronol\u00f2gica per\u00f2 que despertaran en els qui  van viure aquella Barcelona els seus propis records.  Un exercici de mem\u00f2ria i, per qu\u00e8 no, de certa nost\u00e0lgia, sobre una  ciutat inquieta, efervescent i creativa en la qual les agendes estaven cada dia  plenes de festes, inauguracions i concerts.  Una ciutat que realment s\u00ed, s\u00ed va ser m\u00e9s que mai.    AUTOR  Josep Roca (Barcelona, 1963) \u00e9s creatiu publicitari. Ha publicat un  centenar de contes er\u00f2tics a revistes com Playboy, Penthouse i Kiss Comix,  les novel.les No me digas nada m\u00e1s, Aix\u00f2 \u00e9s R\u00e0dio Pica, Potser i Diario del  chuloplaya (Laertes), Levon y sus inst<\/p>\n","protected":false},"excerpt":{"rendered":"<p>ROCA, JOSEP<\/p>\n","protected":false},"featured_media":94977,"template":"","meta":{"_acf_changed":false,"om_disable_all_campaigns":false,"rs_blank_template":"","rs_page_bg_color":"","slide_template_v7":"","inline_featured_image":false,"_monsterinsights_skip_tracking":false,"_monsterinsights_sitenote_active":false,"_monsterinsights_sitenote_note":"","_monsterinsights_sitenote_category":0},"product_brand":[],"product_cat":[16],"product_tag":[],"class_list":{"0":"post-94976","1":"product","2":"type-product","3":"status-publish","4":"has-post-thumbnail","6":"product_cat-sense-categoria","8":"first","9":"instock","10":"taxable","11":"shipping-taxable","12":"purchasable","13":"product-type-simple"},"acf":{"editorial":[{"ID":6282,"post_author":"3","post_date":"2022-07-28 17:48:51","post_date_gmt":"2022-07-28 15:48:51","post_content":"","post_title":"Laertes editorial","post_excerpt":"","post_status":"publish","comment_status":"closed","ping_status":"closed","post_password":"","post_name":"laertes-editorial","to_ping":"","pinged":"","post_modified":"2022-07-28 17:48:51","post_modified_gmt":"2022-07-28 15:48:51","post_content_filtered":"","post_parent":0,"guid":"http:\/\/dev.claret.cat\/editorial\/laertes-editorial\/","menu_order":0,"post_type":"editorial","post_mime_type":"","comment_count":"0","filter":"raw"}],"autor":"ROCA, JOSEP","codart":"841829226","libros-coleccion":"CATALAN LAERTES","ediciones":"1","encuadernacion":"Carpeta","fecha_de_publicacion":"01\/03\/2021","novedad":"1","paginas":"68","subtitulo":"","orden":"0","portada":"0","idioma":"cat","autores-libros":[{"ID":160820,"post_author":"3","post_date":"2022-10-14 15:56:09","post_date_gmt":"2022-10-14 13:56:09","post_content":"","post_title":"JOSEP ROCA","post_excerpt":"","post_status":"publish","comment_status":"closed","ping_status":"closed","post_password":"","post_name":"josep-roca","to_ping":"","pinged":"","post_modified":"2022-10-14 15:56:09","post_modified_gmt":"2022-10-14 13:56:09","post_content_filtered":"","post_parent":0,"guid":"http:\/\/dev.claret.cat\/autor\/josep-roca\/","menu_order":0,"post_type":"autor","post_mime_type":"","comment_count":"0","filter":"raw"}]},"aioseo_notices":[],"_links":{"self":[{"href":"https:\/\/www.claret.cat\/es\/wp-json\/wp\/v2\/product\/94976","targetHints":{"allow":["GET"]}}],"collection":[{"href":"https:\/\/www.claret.cat\/es\/wp-json\/wp\/v2\/product"}],"about":[{"href":"https:\/\/www.claret.cat\/es\/wp-json\/wp\/v2\/types\/product"}],"wp:featuredmedia":[{"embeddable":true,"href":"https:\/\/www.claret.cat\/es\/wp-json\/wp\/v2\/media\/94977"}],"wp:attachment":[{"href":"https:\/\/www.claret.cat\/es\/wp-json\/wp\/v2\/media?parent=94976"}],"wp:term":[{"taxonomy":"product_brand","embeddable":true,"href":"https:\/\/www.claret.cat\/es\/wp-json\/wp\/v2\/product_brand?post=94976"},{"taxonomy":"product_cat","embeddable":true,"href":"https:\/\/www.claret.cat\/es\/wp-json\/wp\/v2\/product_cat?post=94976"},{"taxonomy":"product_tag","embeddable":true,"href":"https:\/\/www.claret.cat\/es\/wp-json\/wp\/v2\/product_tag?post=94976"}],"curies":[{"name":"wp","href":"https:\/\/api.w.org\/{rel}","templated":true}]}}