{"id":94991,"date":"2022-10-12T06:38:28","date_gmt":"2022-10-12T04:38:28","guid":{"rendered":"http:\/\/dev.claret.cat\/producte\/els-robots-prefereixen-el-jazz\/"},"modified":"2025-02-10T13:13:33","modified_gmt":"2025-02-10T12:13:33","slug":"els-robots-prefereixen-el-jazz-9788412147940","status":"publish","type":"product","link":"https:\/\/www.claret.cat\/es\/libro\/els-robots-prefereixen-el-jazz-9788412147940\/","title":{"rendered":"ELS ROBOTS PREFEREIXEN EL JAZZ"},"content":{"rendered":"<p>\u00abSOC UN ALGORITME. UN CONJUNT D&#8217;INSTRUCCIONS GRAVADES EN UN XIP DE SILICI [&#8230;]. SOC EN LARRY STEM. SOC EL TEU PARE. SOC EL COMPANY DE LA MEGAN. L&#8217;AMIC D&#8217;EN FRANKIE. EL FILL DE L&#8217;ELAINE I EN CLIFFORD.\u00bb  Larry Stem i el seu soci, Frank Soto, desenvolupen tecnologies capdavanteres sobre la mem\u00f2ria i la conducta humanes: algoritmes, \u00f2rgans bi\u00f2nics, hologrames&#8230; Quan en Larry pateix un accident i queda en estat vegetatiu, tot est\u00e0 prou avan\u00e7at per intentar que torni a la \u00abvida\u00bb, a una ins\u00f2lita forma d&#8217;exist\u00e8ncia digital. La seva dona Megan i la filla dels dos, Janis, hauran d&#8217;enfrontar-se a la nova realitat, al \u00abnou Larry\u00bb. Narrada des d&#8217;una mirada coral, la novel\u00b7la d&#8217;Ignasi Llorente ens transporta a un futur proper en qu\u00e8 els canvis tecnol\u00f2gics transformaran la manera com els humans afrontem les malalties i, fins i tot la mort, dels nostres \u00e9ssers m\u00e9s estimats. Potser caldr\u00e0 assumir que la \u00abvida\u00bb i les relacions personals poden continuar despr\u00e9s d&#8217;all\u00f2 que, ara, anomenem \u00abmort\u00bb.<\/p>\n","protected":false},"excerpt":{"rendered":"<p>LLORENTE BRIONES, IGNASI<\/p>\n","protected":false},"featured_media":316361,"template":"","meta":{"_acf_changed":false,"om_disable_all_campaigns":false,"rs_blank_template":"","rs_page_bg_color":"","slide_template_v7":"","inline_featured_image":false,"_monsterinsights_skip_tracking":false,"_monsterinsights_sitenote_active":false,"_monsterinsights_sitenote_note":"","_monsterinsights_sitenote_category":0},"product_brand":[],"product_cat":[127,357],"product_tag":[],"class_list":{"0":"post-94991","1":"product","2":"type-product","3":"status-publish","4":"has-post-thumbnail","6":"product_cat-novella-contemporania","7":"product_cat-novela-contemporanea","9":"first","10":"instock","11":"taxable","12":"shipping-taxable","13":"purchasable","14":"product-type-simple"},"acf":{"editorial":[{"ID":147590,"post_author":"3","post_date":"2022-10-14 11:51:45","post_date_gmt":"2022-10-14 09:51:45","post_content":"","post_title":"CAPITAL BOOKS","post_excerpt":"","post_status":"publish","comment_status":"closed","ping_status":"closed","post_password":"","post_name":"capital-books","to_ping":"","pinged":"","post_modified":"2022-10-14 11:51:45","post_modified_gmt":"2022-10-14 09:51:45","post_content_filtered":"","post_parent":0,"guid":"http:\/\/dev.claret.cat\/editorial\/capital-books\/","menu_order":0,"post_type":"editorial","post_mime_type":"","comment_count":"0","filter":"raw"}],"autores-libros":[{"ID":157804,"post_author":"3","post_date":"2022-10-14 15:31:46","post_date_gmt":"2022-10-14 13:31:46","post_content":"","post_title":"IGNASI LLORENTE BRIONES","post_excerpt":"","post_status":"publish","comment_status":"closed","ping_status":"closed","post_password":"","post_name":"ignasi-llorente-briones","to_ping":"","pinged":"","post_modified":"2022-10-14 15:31:46","post_modified_gmt":"2022-10-14 13:31:46","post_content_filtered":"","post_parent":0,"guid":"http:\/\/dev.claret.cat\/autor\/ignasi-llorente-briones\/","menu_order":0,"post_type":"autor","post_mime_type":"","comment_count":"0","filter":"raw"}],"autor":"LLORENTE BRIONES, IGNASI","codart":"841214794","libros-coleccion":"Capital Books","ediciones":"1","encuadernacion":"R\u00fastica","fecha_de_publicacion":"01\/03\/2021","novedad":"1","paginas":"158","subtitulo":"","orden":"0","portada":"0","idioma":"cat"},"aioseo_notices":[],"_links":{"self":[{"href":"https:\/\/www.claret.cat\/es\/wp-json\/wp\/v2\/product\/94991","targetHints":{"allow":["GET"]}}],"collection":[{"href":"https:\/\/www.claret.cat\/es\/wp-json\/wp\/v2\/product"}],"about":[{"href":"https:\/\/www.claret.cat\/es\/wp-json\/wp\/v2\/types\/product"}],"wp:featuredmedia":[{"embeddable":true,"href":"https:\/\/www.claret.cat\/es\/wp-json\/wp\/v2\/media\/316361"}],"wp:attachment":[{"href":"https:\/\/www.claret.cat\/es\/wp-json\/wp\/v2\/media?parent=94991"}],"wp:term":[{"taxonomy":"product_brand","embeddable":true,"href":"https:\/\/www.claret.cat\/es\/wp-json\/wp\/v2\/product_brand?post=94991"},{"taxonomy":"product_cat","embeddable":true,"href":"https:\/\/www.claret.cat\/es\/wp-json\/wp\/v2\/product_cat?post=94991"},{"taxonomy":"product_tag","embeddable":true,"href":"https:\/\/www.claret.cat\/es\/wp-json\/wp\/v2\/product_tag?post=94991"}],"curies":[{"name":"wp","href":"https:\/\/api.w.org\/{rel}","templated":true}]}}