{"id":950,"date":"2022-07-27T15:40:38","date_gmt":"2022-07-27T13:40:38","guid":{"rendered":"http:\/\/dev.claret.cat\/producto\/senderisme-a-catalunya-ii-9788480909297\/"},"modified":"2023-10-06T08:46:46","modified_gmt":"2023-10-06T06:46:46","slug":"senderisme-a-catalunya-ii-9788480909297","status":"publish","type":"product","link":"https:\/\/www.claret.cat\/es\/libro\/senderisme-a-catalunya-ii-9788480909297\/","title":{"rendered":"SENDERISME A CATALUNYA II"},"content":{"rendered":"<p>El senderisme \u00e9s una activitat f\u00edsica a l\u2019abast de tothom que es realitza en el medi natural. Consisteix a caminar per l\u2019aire lliure seguint camins o corriols marcats. Permet con\u00e8ixer un pa\u00eds, la seva cultura, la seva hist\u00f2ria i el seu paisatge natural i hum\u00e0. La FEEC, a trav\u00e9s dels seus clubs i ent&#8230;<\/p>\n","protected":false},"excerpt":{"rendered":"<p>LLUS\u00c0 ROCA, JOSEP<\/p>\n","protected":false},"featured_media":52587,"template":"","meta":{"_acf_changed":false,"om_disable_all_campaigns":false,"rs_blank_template":"","rs_page_bg_color":"","slide_template_v7":"","inline_featured_image":false,"_monsterinsights_skip_tracking":false,"_monsterinsights_sitenote_active":false,"_monsterinsights_sitenote_note":"","_monsterinsights_sitenote_category":0},"product_brand":[],"product_cat":[107],"product_tag":[],"class_list":{"0":"post-950","1":"product","2":"type-product","3":"status-publish","4":"has-post-thumbnail","6":"product_cat-guies-de-viatge","8":"first","9":"instock","10":"taxable","11":"shipping-taxable","12":"purchasable","13":"product-type-simple"},"acf":{"autor":"LLUS\u00c0 ROCA, JOSEP","codart":"848090929","ediciones":"1","encuadernacion":"R\u00fastica","fecha_de_publicacion":"01\/06\/2022","novedad":"1","paginas":"40","subtitulo":"","orden":"0","portada":"0","idioma":"cat","libros-coleccion":"FORA DE COL.LECCI\u00d3","autores-libros":[{"ID":5663,"post_author":"3","post_date":"2022-07-28 17:28:49","post_date_gmt":"2022-07-28 15:28:49","post_content":"","post_title":"JOSEP LLUS\u00c0 ROCA","post_excerpt":"","post_status":"publish","comment_status":"closed","ping_status":"closed","post_password":"","post_name":"josep-llusa-roca","to_ping":"","pinged":"","post_modified":"2022-07-28 17:28:49","post_modified_gmt":"2022-07-28 15:28:49","post_content_filtered":"","post_parent":0,"guid":"http:\/\/dev.claret.cat\/autor\/josep-llusa-roca\/","menu_order":0,"post_type":"autor","post_mime_type":"","comment_count":"0","filter":"raw"}],"editorial":[{"ID":6217,"post_author":"3","post_date":"2022-07-28 17:47:23","post_date_gmt":"2022-07-28 15:47:23","post_content":"","post_title":"EDITORIAL ALPINA","post_excerpt":"","post_status":"publish","comment_status":"closed","ping_status":"closed","post_password":"","post_name":"editorial-alpina","to_ping":"","pinged":"","post_modified":"2022-07-28 17:47:23","post_modified_gmt":"2022-07-28 15:47:23","post_content_filtered":"","post_parent":0,"guid":"http:\/\/dev.claret.cat\/editorial\/editorial-alpina\/","menu_order":0,"post_type":"editorial","post_mime_type":"","comment_count":"0","filter":"raw"}]},"aioseo_notices":[],"_links":{"self":[{"href":"https:\/\/www.claret.cat\/es\/wp-json\/wp\/v2\/product\/950","targetHints":{"allow":["GET"]}}],"collection":[{"href":"https:\/\/www.claret.cat\/es\/wp-json\/wp\/v2\/product"}],"about":[{"href":"https:\/\/www.claret.cat\/es\/wp-json\/wp\/v2\/types\/product"}],"wp:featuredmedia":[{"embeddable":true,"href":"https:\/\/www.claret.cat\/es\/wp-json\/wp\/v2\/media\/52587"}],"wp:attachment":[{"href":"https:\/\/www.claret.cat\/es\/wp-json\/wp\/v2\/media?parent=950"}],"wp:term":[{"taxonomy":"product_brand","embeddable":true,"href":"https:\/\/www.claret.cat\/es\/wp-json\/wp\/v2\/product_brand?post=950"},{"taxonomy":"product_cat","embeddable":true,"href":"https:\/\/www.claret.cat\/es\/wp-json\/wp\/v2\/product_cat?post=950"},{"taxonomy":"product_tag","embeddable":true,"href":"https:\/\/www.claret.cat\/es\/wp-json\/wp\/v2\/product_tag?post=950"}],"curies":[{"name":"wp","href":"https:\/\/api.w.org\/{rel}","templated":true}]}}