{"id":95006,"date":"2022-10-12T06:38:41","date_gmt":"2022-10-12T04:38:41","guid":{"rendered":"http:\/\/dev.claret.cat\/producte\/100-grans-dones-de-la-historia\/"},"modified":"2023-01-28T19:36:32","modified_gmt":"2023-01-28T18:36:32","slug":"100-grans-dones-de-la-historia-9788413560298","status":"publish","type":"product","link":"https:\/\/www.claret.cat\/es\/libro\/100-grans-dones-de-la-historia-9788413560298\/","title":{"rendered":"100 GRANS DONES DE LA HIST\u00d2RIA"},"content":{"rendered":"<p>LLIBRE QUE RET HOMENATGE I RECLAMA VISIBILITAT PER AQUELLES DONES QUE HAN SIGUT CLAUS EN LA HIST\u00d2RIA DE LA HUMANITAT.  Les dones s\u00f3n aqu\u00ed des dels inicis de la humanitat, per\u00f2 la seva visibilitat ha estat inversament proporcional a l&#8217;excessiva visibilitat dels homes. Aquest mal invent anomenat patriarcat, encara ben viu, les ha condemnat als espais privats. Per sort, les dones s\u00f3n desobedients i, amb no poc esfor\u00e7, han ocupat progressivament els llocs que se&#8217;ls negaven. De manera que, a banda d&#8217;escriure la hist\u00f2ria en min\u00fascula, han acabat escrivint tamb\u00e9 la Hist\u00f2ria amb maj\u00fascula. Aquest llibre recull les vides de 100 grans dones que han fet de la Hist\u00f2ria un lloc una mica m\u00e9s femen\u00ed del que el patriarcat hauria volgut. Dones de la pol\u00edtica, la m\u00fasica, les arts pl\u00e0stiques, la literatura, la filosofia, la ci\u00e8ncia, el cinema&#8230; Dones privilegiades i dones humils, heroiques en les seves hist\u00f2ries de superaci\u00f3. Dones que han deixat empremta. Dones, en definitiva, que avui s\u00f3n referents per a moltes altres dones.<\/p>\n","protected":false},"excerpt":{"rendered":"<p>CABR\u00c9 CASTELLS , MARIA \u00c0NGELS<\/p>\n","protected":false},"featured_media":315691,"template":"","meta":{"_acf_changed":false,"om_disable_all_campaigns":false,"rs_blank_template":"","rs_page_bg_color":"","slide_template_v7":"","inline_featured_image":false,"_monsterinsights_skip_tracking":false,"_monsterinsights_sitenote_active":false,"_monsterinsights_sitenote_note":"","_monsterinsights_sitenote_category":0},"product_brand":[],"product_cat":[434,159],"product_tag":[],"class_list":{"0":"post-95006","1":"product","2":"type-product","3":"status-publish","4":"has-post-thumbnail","6":"product_cat-autores-sociologia-2_humanidades","7":"product_cat-autors","9":"first","10":"instock","11":"taxable","12":"shipping-taxable","13":"purchasable","14":"product-type-simple"},"acf":{"editorial":[{"ID":6171,"post_author":"3","post_date":"2022-07-28 17:46:25","post_date_gmt":"2022-07-28 15:46:25","post_content":"","post_title":"COSSETANIA EDICIONS","post_excerpt":"","post_status":"publish","comment_status":"closed","ping_status":"closed","post_password":"","post_name":"cossetania-edicions","to_ping":"","pinged":"","post_modified":"2022-07-28 17:46:25","post_modified_gmt":"2022-07-28 15:46:25","post_content_filtered":"","post_parent":0,"guid":"http:\/\/dev.claret.cat\/editorial\/cossetania-edicions\/","menu_order":0,"post_type":"editorial","post_mime_type":"","comment_count":"0","filter":"raw"}],"autores-libros":[{"ID":163522,"post_author":"3","post_date":"2022-10-14 17:39:43","post_date_gmt":"2022-10-14 15:39:43","post_content":"","post_title":"MARIA \u00c0NGELS CABR\u00c9 CASTELLS","post_excerpt":"","post_status":"publish","comment_status":"closed","ping_status":"closed","post_password":"","post_name":"maria-angels-cabre-castells","to_ping":"","pinged":"","post_modified":"2022-10-14 17:39:43","post_modified_gmt":"2022-10-14 15:39:43","post_content_filtered":"","post_parent":0,"guid":"http:\/\/dev.claret.cat\/autor\/maria-angels-cabre-castells\/","menu_order":0,"post_type":"autor","post_mime_type":"","comment_count":"0","filter":"raw"}],"autor":"CABR\u00c9 CASTELLS , MARIA \u00c0NGELS","codart":"841356029","libros-coleccion":"De 100 en 100","ediciones":"1","encuadernacion":"R\u00fastica","fecha_de_publicacion":"01\/03\/2021","novedad":"1","paginas":"216","subtitulo":"","orden":"0","portada":"0","idioma":"cat"},"aioseo_notices":[],"_links":{"self":[{"href":"https:\/\/www.claret.cat\/es\/wp-json\/wp\/v2\/product\/95006","targetHints":{"allow":["GET"]}}],"collection":[{"href":"https:\/\/www.claret.cat\/es\/wp-json\/wp\/v2\/product"}],"about":[{"href":"https:\/\/www.claret.cat\/es\/wp-json\/wp\/v2\/types\/product"}],"wp:featuredmedia":[{"embeddable":true,"href":"https:\/\/www.claret.cat\/es\/wp-json\/wp\/v2\/media\/315691"}],"wp:attachment":[{"href":"https:\/\/www.claret.cat\/es\/wp-json\/wp\/v2\/media?parent=95006"}],"wp:term":[{"taxonomy":"product_brand","embeddable":true,"href":"https:\/\/www.claret.cat\/es\/wp-json\/wp\/v2\/product_brand?post=95006"},{"taxonomy":"product_cat","embeddable":true,"href":"https:\/\/www.claret.cat\/es\/wp-json\/wp\/v2\/product_cat?post=95006"},{"taxonomy":"product_tag","embeddable":true,"href":"https:\/\/www.claret.cat\/es\/wp-json\/wp\/v2\/product_tag?post=95006"}],"curies":[{"name":"wp","href":"https:\/\/api.w.org\/{rel}","templated":true}]}}