{"id":950222,"date":"2024-02-03T11:10:32","date_gmt":"2024-02-03T10:10:32","guid":{"rendered":"https:\/\/www.claret.cat\/llibre\/tres-mujeres-judias-repiensan-a-dios-edith-stein-simone-weil-y-etty-hillesum-9788433032478\/"},"modified":"2026-03-05T10:25:35","modified_gmt":"2026-03-05T09:25:35","slug":"tres-mujeres-judias-repiensan-a-dios-edith-stein-simone-weil-y-etty-hillesum-9788433032478","status":"publish","type":"product","link":"https:\/\/www.claret.cat\/es\/libro\/tres-mujeres-judias-repiensan-a-dios-edith-stein-simone-weil-y-etty-hillesum-9788433032478\/","title":{"rendered":"TRES MUJERES JUD\u00cdAS REPIENSAN A DIOS. EDITH STEIN, SIMONE WEIL Y ETTY HILLESUM"},"content":{"rendered":"<p>Edith Stein, Simone Weil y Etty Hillesum son tres mujeres jud\u00edas, v\u00edctimas del Holocausto que, por caminos muy diferentes, pero con el mismo origen \u00e9tnico y final tr\u00e1gico, nos aparecen como testigos de una fe inquebrantable y de unos procesos de transformaci\u00f3n personal absolutamente \u00fanicos.<br \/> En la presente obra se procura un acercamiento a ellas que, eludiendo tentaciones hagiogr\u00e1ficas, intenta poner de manifiesto c\u00f3mo esos procesos de transformaci\u00f3n personal y de conversi\u00f3n a la fe traen consigo un obligado replanteamiento de la imagen de Dios. Tras el final tr\u00e1gico de las tres, v\u00edctimas de una exaltaci\u00f3n fan\u00e1tica del poder nazi, ya no era posible seguir pensando a Dios en la clave del omnipotente. El poder se ha manifestado con toda su fuerza mort\u00edfera y Dios, entonces, tan solo cabe ser concebido como un amor que se ofrece y que se puede ver reducido a la m\u00e1s extrema debilidad.<br \/> El Dios crucificado de Edith Stein, el Dios desdichado de Simone Weil y el Dios indefenso de Etty Hillesum se nos presentan as\u00ed como un modo de reconducirnos al Dios manifestado en Jes\u00fas, cuyo \u00fanico poder es el del amor que se expone y no el del poder que se impone.<\/p>\n<p> Carlos Dom\u00ednguez(Huelva, 1946) es doctor en Teolog\u00eda, doctor en Filosof\u00eda y Ciencias de la Educaci\u00f3n y licenciado en Psicolog\u00eda. Posee una formaci\u00f3n psicoanal\u00edtica en centros de Par\u00eds y Madrid. Es profe-sor em\u00e9rito de la Facultad de Teolog\u00eda de Granada y psicoterapeuta. Su actividad en cursos y conferencias se extiende por varios pa\u00edses de Am\u00e9rica Latina. Entre sus publicaciones cabe destacar El psicoan\u00e1lisis freudiano de la religi\u00f3n (1991), Creer despu\u00e9s de Freud (1992), Psicoan\u00e1lisis y religi\u00f3n: di\u00e1logo interminable (2000), Los registros del deseo (Descl\u00e9e De Brouwer, 2001), Psicodin\u00e1mica de los Ejercicios ignacianos (2003) y M\u00edstica y psicoan\u00e1lisis (2020).<\/p>\n","protected":false},"excerpt":{"rendered":"<p>DOM\u00cdNGUEZ MORANO, CARLOS<\/p>\n","protected":false},"featured_media":1088051,"template":"","meta":{"_acf_changed":false,"om_disable_all_campaigns":false,"rs_blank_template":"","rs_page_bg_color":"","slide_template_v7":"","inline_featured_image":false,"_monsterinsights_skip_tracking":false,"_monsterinsights_sitenote_active":false,"_monsterinsights_sitenote_note":"","_monsterinsights_sitenote_category":0},"product_brand":[],"product_cat":[89,308,542,92],"product_tag":[],"class_list":{"0":"post-950222","1":"product","2":"type-product","3":"status-publish","4":"has-post-thumbnail","6":"product_cat-els-mes-venuts","7":"product_cat-castella","8":"product_cat-vida-religiosa-1_espiritualidad-spa","9":"product_cat-vida-religiosa","11":"first","12":"instock","13":"taxable","14":"shipping-taxable","15":"purchasable","16":"product-type-simple"},"acf":{"autor":"DOM\u00cdNGUEZ MORANO, CARLOS","codart":"843303247","libros-coleccion":"Biblioteca Manual Descl\u00e9e","ediciones":"1","encuadernacion":"R\u00fastica","fecha_de_publicacion":"01\/01\/2024","novedad":"1","paginas":"416","subtitulo":"","orden":"8","portada":"1","idioma":"spa","editorial":[{"ID":6179,"post_author":"3","post_date":"2022-07-28 17:46:36","post_date_gmt":"2022-07-28 15:46:36","post_content":"","post_title":"DESCLEE DE BROUWER","post_excerpt":"","post_status":"publish","comment_status":"closed","ping_status":"closed","post_password":"","post_name":"desclee-de-brouwer","to_ping":"","pinged":"","post_modified":"2022-07-28 17:46:36","post_modified_gmt":"2022-07-28 15:46:36","post_content_filtered":"","post_parent":0,"guid":"http:\/\/dev.claret.cat\/editorial\/desclee-de-brouwer\/","menu_order":0,"post_type":"editorial","post_mime_type":"","comment_count":"0","filter":"raw"}],"booktrailer":"","linkebook":"","ficha":"","muestra":"","precioebook":"0","presentacion":"","resenas":""},"aioseo_notices":[],"_links":{"self":[{"href":"https:\/\/www.claret.cat\/es\/wp-json\/wp\/v2\/product\/950222","targetHints":{"allow":["GET"]}}],"collection":[{"href":"https:\/\/www.claret.cat\/es\/wp-json\/wp\/v2\/product"}],"about":[{"href":"https:\/\/www.claret.cat\/es\/wp-json\/wp\/v2\/types\/product"}],"wp:featuredmedia":[{"embeddable":true,"href":"https:\/\/www.claret.cat\/es\/wp-json\/wp\/v2\/media\/1088051"}],"wp:attachment":[{"href":"https:\/\/www.claret.cat\/es\/wp-json\/wp\/v2\/media?parent=950222"}],"wp:term":[{"taxonomy":"product_brand","embeddable":true,"href":"https:\/\/www.claret.cat\/es\/wp-json\/wp\/v2\/product_brand?post=950222"},{"taxonomy":"product_cat","embeddable":true,"href":"https:\/\/www.claret.cat\/es\/wp-json\/wp\/v2\/product_cat?post=950222"},{"taxonomy":"product_tag","embeddable":true,"href":"https:\/\/www.claret.cat\/es\/wp-json\/wp\/v2\/product_tag?post=950222"}],"curies":[{"name":"wp","href":"https:\/\/api.w.org\/{rel}","templated":true}]}}