{"id":950374,"date":"2024-02-05T16:40:12","date_gmt":"2024-02-05T15:40:12","guid":{"rendered":"https:\/\/www.claret.cat\/llibre\/iuvenescit-ecclesia-9788417728793\/"},"modified":"2024-04-24T18:40:28","modified_gmt":"2024-04-24T16:40:28","slug":"iuvenescit-ecclesia-9788417728793","status":"publish","type":"product","link":"https:\/\/www.claret.cat\/es\/libro\/iuvenescit-ecclesia-9788417728793\/","title":{"rendered":"IUVENESCIT ECCLESIA"},"content":{"rendered":"<p>Iuvenescit Ecclesia (la Iglesia rejuvenece) es el t\u00edtulo que da nombre a la Carta de la Congregaci\u00f3n para la Doctrina de la Fe sobre la relaci\u00f3n entre los dones jer\u00e1rquicos y carism\u00e1ticos para la vida y misi\u00f3n de la Iglesia. Resultado de a\u00f1os de elaboraci\u00f3n, profundiza desde un punto de vista teol\u00f3gico y de manera expresa en esta mutua relaci\u00f3n. Se le presenta a la Iglesia el desaf\u00edo de mantenerse joven y vivir renovada, y en este sentido el Evangelio menciona un \u00abvino nuevo\u00bb, que debe estar \u00aben odres nuevos\u00bb. El Esp\u00edritu Santo acoge y custodia la fe de la Iglesia y la hace capaz de rejuvenecer en cada momento de la historia. La complementariedad de los dones embellece la Iglesia, gui\u00e1ndola hacia la verdad, hacia la uni\u00f3n consumada con su Esposo. As\u00ed responde el Esp\u00edritu al anhelo del hombre: su comuni\u00f3n con Cristo, y la santidad como plenitud de su vida. Esperamos poder contribuir, dando luz a este documento, a reforzar la misi\u00f3n que tenemos todos los cristianos de colaborar juntos en el deseo del Padre de que todos se salven. Cada uno desde nuestro lugar, podemos mostrar la belleza de la Iglesia en su diversidad, \u00abcon vistas a una comuni\u00f3n y a una unidad eclesial siempre m\u00e1s profunda\u00bb (IE 18f).<\/p>\n","protected":false},"excerpt":{"rendered":"<p>PAPA FRANCISCO<\/p>\n","protected":false},"featured_media":950388,"template":"","meta":{"_acf_changed":false,"om_disable_all_campaigns":false,"rs_blank_template":"","rs_page_bg_color":"","slide_template_v7":"","inline_featured_image":false,"_monsterinsights_skip_tracking":false,"_monsterinsights_sitenote_active":false,"_monsterinsights_sitenote_note":"","_monsterinsights_sitenote_category":0},"product_brand":[],"product_cat":[93,543],"product_tag":[],"class_list":{"0":"post-950374","1":"product","2":"type-product","3":"status-publish","4":"has-post-thumbnail","6":"product_cat-eclesiologia","7":"product_cat-eclesiologia-es","9":"first","10":"instock","11":"taxable","12":"shipping-taxable","13":"purchasable","14":"product-type-simple"},"acf":{"autor":"PAPA FRANCISCO","codart":"841772879","libros-coleccion":"","ediciones":"1","encuadernacion":"R\u00fastica","fecha_de_publicacion":"05\/02\/2024","novedad":"1","paginas":"80","subtitulo":"","orden":"0","portada":"1","idioma":"spa","editorial":[{"ID":147681,"post_author":"3","post_date":"2022-10-14 11:52:26","post_date_gmt":"2022-10-14 09:52:26","post_content":"","post_title":"CTEA - CON TODA EL ALMA","post_excerpt":"","post_status":"publish","comment_status":"closed","ping_status":"closed","post_password":"","post_name":"ctea-con-toda-el-alma","to_ping":"","pinged":"","post_modified":"2022-10-14 11:52:26","post_modified_gmt":"2022-10-14 09:52:26","post_content_filtered":"","post_parent":0,"guid":"http:\/\/dev.claret.cat\/editorial\/ctea-con-toda-el-alma\/","menu_order":0,"post_type":"editorial","post_mime_type":"","comment_count":"0","filter":"raw"}]},"aioseo_notices":[],"_links":{"self":[{"href":"https:\/\/www.claret.cat\/es\/wp-json\/wp\/v2\/product\/950374","targetHints":{"allow":["GET"]}}],"collection":[{"href":"https:\/\/www.claret.cat\/es\/wp-json\/wp\/v2\/product"}],"about":[{"href":"https:\/\/www.claret.cat\/es\/wp-json\/wp\/v2\/types\/product"}],"wp:featuredmedia":[{"embeddable":true,"href":"https:\/\/www.claret.cat\/es\/wp-json\/wp\/v2\/media\/950388"}],"wp:attachment":[{"href":"https:\/\/www.claret.cat\/es\/wp-json\/wp\/v2\/media?parent=950374"}],"wp:term":[{"taxonomy":"product_brand","embeddable":true,"href":"https:\/\/www.claret.cat\/es\/wp-json\/wp\/v2\/product_brand?post=950374"},{"taxonomy":"product_cat","embeddable":true,"href":"https:\/\/www.claret.cat\/es\/wp-json\/wp\/v2\/product_cat?post=950374"},{"taxonomy":"product_tag","embeddable":true,"href":"https:\/\/www.claret.cat\/es\/wp-json\/wp\/v2\/product_tag?post=950374"}],"curies":[{"name":"wp","href":"https:\/\/api.w.org\/{rel}","templated":true}]}}