{"id":95048,"date":"2022-10-12T06:39:15","date_gmt":"2022-10-12T04:39:15","guid":{"rendered":"http:\/\/dev.claret.cat\/producte\/cuerpo-y-espiritualidad\/"},"modified":"2026-03-03T16:45:24","modified_gmt":"2026-03-03T15:45:24","slug":"cuerpo-y-espiritualidad-9788427145832","status":"publish","type":"product","link":"https:\/\/www.claret.cat\/es\/libro\/cuerpo-y-espiritualidad-9788427145832\/","title":{"rendered":"CUERPO Y ESPIRITUALIDAD"},"content":{"rendered":"<p>Cuando el esp\u00edritu se une al cuerpo y el cuerpo al esp\u00edritu, el yo se completa y el ser humano se hace m\u00e1s capaz de vivir la sacralidad de todas las cosas y encontrar a Dios en todas ellas, porque comienza a encontrarlo en s\u00ed mismo.<br \/> Este libro quiere ayudar a descubrir c\u00f3mo integrar la dimensi\u00f3n intangible y sutil del esp\u00edritu con la inmediata y tangible dimensi\u00f3n del cuerpo.<\/p>\n","protected":false},"excerpt":{"rendered":"<p>L\u00d3PEZ GONZ\u00c1LEZ, LUIS; SANTAMAR\u00cdA, TXEMI<\/p>\n","protected":false},"featured_media":1087342,"template":"","meta":{"_acf_changed":false,"om_disable_all_campaigns":false,"rs_blank_template":"","rs_page_bg_color":"","slide_template_v7":"","inline_featured_image":false,"_monsterinsights_skip_tracking":false,"_monsterinsights_sitenote_active":false,"_monsterinsights_sitenote_note":"","_monsterinsights_sitenote_category":0},"product_brand":[],"product_cat":[485,232],"product_tag":[],"class_list":{"0":"post-95048","1":"product","2":"type-product","3":"status-publish","4":"has-post-thumbnail","6":"product_cat-autores-espiritualidad-1_espiritualidad","7":"product_cat-autors-espiritualitat","9":"first","10":"instock","11":"taxable","12":"shipping-taxable","13":"purchasable","14":"product-type-simple"},"acf":{"editorial":[{"ID":8258,"post_author":"3","post_date":"2022-09-30 09:21:32","post_date_gmt":"2022-09-30 07:21:32","post_content":"","post_title":"MENSAJERO","post_excerpt":"","post_status":"publish","comment_status":"closed","ping_status":"closed","post_password":"","post_name":"mensajero","to_ping":"","pinged":"","post_modified":"2022-09-30 09:21:32","post_modified_gmt":"2022-09-30 07:21:32","post_content_filtered":"","post_parent":0,"guid":"http:\/\/dev.claret.cat\/editorial\/mensajero\/","menu_order":0,"post_type":"editorial","post_mime_type":"","comment_count":"0","filter":"raw"}],"autor":"L\u00d3PEZ GONZ\u00c1LEZ, LUIS; SANTAMAR\u00cdA, TXEMI","codart":"842714583","libros-coleccion":"Espiritualidad","ediciones":"1","encuadernacion":"R\u00fastica","fecha_de_publicacion":"04\/03\/2021","novedad":"1","paginas":"208","subtitulo":"","orden":"0","portada":"0","idioma":"spa","autores-libros":[{"ID":162737,"post_author":"3","post_date":"2022-10-14 17:33:24","post_date_gmt":"2022-10-14 15:33:24","post_content":"","post_title":"LUIS L\u00d3PEZ GONZ\u00c1LEZ","post_excerpt":"","post_status":"publish","comment_status":"closed","ping_status":"closed","post_password":"","post_name":"luis-lopez-gonzalez","to_ping":"","pinged":"","post_modified":"2022-10-14 17:33:24","post_modified_gmt":"2022-10-14 15:33:24","post_content_filtered":"","post_parent":0,"guid":"http:\/\/dev.claret.cat\/autor\/luis-lopez-gonzalez\/","menu_order":0,"post_type":"autor","post_mime_type":"","comment_count":"0","filter":"raw"},{"ID":170667,"post_author":"3","post_date":"2022-10-14 22:37:12","post_date_gmt":"2022-10-14 20:37:12","post_content":"","post_title":"TXEMI SANTAMAR\u00cdA","post_excerpt":"","post_status":"publish","comment_status":"closed","ping_status":"closed","post_password":"","post_name":"txemi-santamaria","to_ping":"","pinged":"","post_modified":"2022-10-14 22:37:12","post_modified_gmt":"2022-10-14 20:37:12","post_content_filtered":"","post_parent":0,"guid":"http:\/\/dev.claret.cat\/autor\/txemi-santamaria\/","menu_order":0,"post_type":"autor","post_mime_type":"","comment_count":"0","filter":"raw"}],"booktrailer":"","resenas":""},"aioseo_notices":[],"_links":{"self":[{"href":"https:\/\/www.claret.cat\/es\/wp-json\/wp\/v2\/product\/95048","targetHints":{"allow":["GET"]}}],"collection":[{"href":"https:\/\/www.claret.cat\/es\/wp-json\/wp\/v2\/product"}],"about":[{"href":"https:\/\/www.claret.cat\/es\/wp-json\/wp\/v2\/types\/product"}],"wp:featuredmedia":[{"embeddable":true,"href":"https:\/\/www.claret.cat\/es\/wp-json\/wp\/v2\/media\/1087342"}],"wp:attachment":[{"href":"https:\/\/www.claret.cat\/es\/wp-json\/wp\/v2\/media?parent=95048"}],"wp:term":[{"taxonomy":"product_brand","embeddable":true,"href":"https:\/\/www.claret.cat\/es\/wp-json\/wp\/v2\/product_brand?post=95048"},{"taxonomy":"product_cat","embeddable":true,"href":"https:\/\/www.claret.cat\/es\/wp-json\/wp\/v2\/product_cat?post=95048"},{"taxonomy":"product_tag","embeddable":true,"href":"https:\/\/www.claret.cat\/es\/wp-json\/wp\/v2\/product_tag?post=95048"}],"curies":[{"name":"wp","href":"https:\/\/api.w.org\/{rel}","templated":true}]}}