{"id":950518,"date":"2024-02-06T13:36:31","date_gmt":"2024-02-06T12:36:31","guid":{"rendered":"https:\/\/www.claret.cat\/llibre\/tractat-dels-pirineus-i-els-seus-antecedents-el-9788423202744\/"},"modified":"2025-02-21T09:30:25","modified_gmt":"2025-02-21T08:30:25","slug":"tractat-dels-pirineus-i-els-seus-antecedents-el-9788423202744","status":"publish","type":"product","link":"https:\/\/www.claret.cat\/es\/libro\/tractat-dels-pirineus-i-els-seus-antecedents-el-9788423202744\/","title":{"rendered":"TRACTAT DELS PIRINEUS I ELS SEUS ANTECEDENTS, EL"},"content":{"rendered":"<p>Despr\u00e9s del Tractat de Westf\u00e0lia i de la Guerra dels Segadors, l\u2019any 1659, se sign\u00e0 el Tractat dels Pirineus. En els 124 articles del redactat es decid\u00ed el futur pol\u00edtic de diversos territoris europeus. Catalunya en sort\u00ed mutilada: Fran\u00e7a s\u2019incorpor\u00e0 el Rossell\u00f3, els comptats de Conflent i Vallespir, la Costa vermella, el Capcir i part de la Cerdanya.\u00abUna vegada constitu\u00efda la unitat pol\u00edtica del Principat de Catalunya presidida per la Casa comtal de Barcelona, i particularment la Corona d\u2019Arag\u00f3, Fran\u00e7a no par\u00e0 en els seus intents d\u2019arrencar de Catalunya les terres situades entre les Alberes i les Corberes.\u00bb&#8230;<\/p>\n","protected":false},"excerpt":{"rendered":"<p>SANABRE, JOSEP<\/p>\n","protected":false},"featured_media":1007074,"template":"","meta":{"_acf_changed":false,"om_disable_all_campaigns":false,"rs_blank_template":"","rs_page_bg_color":"","slide_template_v7":"","inline_featured_image":false,"_monsterinsights_skip_tracking":false,"_monsterinsights_sitenote_active":false,"_monsterinsights_sitenote_note":"","_monsterinsights_sitenote_category":0},"product_brand":[],"product_cat":[430,153],"product_tag":[],"class_list":{"0":"post-950518","1":"product","2":"type-product","3":"status-publish","4":"has-post-thumbnail","6":"product_cat-cataluna","7":"product_cat-catalunya","9":"first","10":"instock","11":"taxable","12":"shipping-taxable","13":"purchasable","14":"product-type-simple"},"acf":{"autor":"SANABRE, JOSEP","codart":"842320274","libros-coleccion":"FORA DE COL.LECCI\u00d3","ediciones":"1","encuadernacion":"[Vac\u00edo]","fecha_de_publicacion":"01\/09\/1995","novedad":"0","paginas":"59","subtitulo":"","orden":"999","portada":"0","idioma":"cat","editorial":[{"ID":147695,"post_author":"3","post_date":"2022-10-14 11:52:32","post_date_gmt":"2022-10-14 09:52:32","post_content":"","post_title":"DALMAU, RAFAEL EDITOR","post_excerpt":"","post_status":"publish","comment_status":"closed","ping_status":"closed","post_password":"","post_name":"dalmau-rafael-editor","to_ping":"","pinged":"","post_modified":"2022-10-14 11:52:32","post_modified_gmt":"2022-10-14 09:52:32","post_content_filtered":"","post_parent":0,"guid":"http:\/\/dev.claret.cat\/editorial\/dalmau-rafael-editor\/","menu_order":0,"post_type":"editorial","post_mime_type":"","comment_count":"0","filter":"raw"}],"autores-libros":[{"ID":950517,"post_author":"3","post_date":"2024-02-06 13:36:27","post_date_gmt":"2024-02-06 12:36:27","post_content":"","post_title":"JOSEP SANABRE","post_excerpt":"","post_status":"publish","comment_status":"closed","ping_status":"closed","post_password":"","post_name":"josep-sanabre","to_ping":"","pinged":"","post_modified":"2024-02-06 13:36:27","post_modified_gmt":"2024-02-06 12:36:27","post_content_filtered":"","post_parent":0,"guid":"https:\/\/www.claret.cat\/autor\/josep-sanabre\/","menu_order":0,"post_type":"autor","post_mime_type":"","comment_count":"0","filter":"raw"}]},"aioseo_notices":[],"_links":{"self":[{"href":"https:\/\/www.claret.cat\/es\/wp-json\/wp\/v2\/product\/950518","targetHints":{"allow":["GET"]}}],"collection":[{"href":"https:\/\/www.claret.cat\/es\/wp-json\/wp\/v2\/product"}],"about":[{"href":"https:\/\/www.claret.cat\/es\/wp-json\/wp\/v2\/types\/product"}],"wp:featuredmedia":[{"embeddable":true,"href":"https:\/\/www.claret.cat\/es\/wp-json\/wp\/v2\/media\/1007074"}],"wp:attachment":[{"href":"https:\/\/www.claret.cat\/es\/wp-json\/wp\/v2\/media?parent=950518"}],"wp:term":[{"taxonomy":"product_brand","embeddable":true,"href":"https:\/\/www.claret.cat\/es\/wp-json\/wp\/v2\/product_brand?post=950518"},{"taxonomy":"product_cat","embeddable":true,"href":"https:\/\/www.claret.cat\/es\/wp-json\/wp\/v2\/product_cat?post=950518"},{"taxonomy":"product_tag","embeddable":true,"href":"https:\/\/www.claret.cat\/es\/wp-json\/wp\/v2\/product_tag?post=950518"}],"curies":[{"name":"wp","href":"https:\/\/api.w.org\/{rel}","templated":true}]}}