{"id":950552,"date":"2024-02-06T13:42:06","date_gmt":"2024-02-06T12:42:06","guid":{"rendered":"https:\/\/www.claret.cat\/llibre\/salses-i-salsetes-fredes-tradicionals-catalanes-9788417116804\/"},"modified":"2024-02-06T13:56:05","modified_gmt":"2024-02-06T12:56:05","slug":"salses-i-salsetes-fredes-tradicionals-catalanes-9788417116804","status":"publish","type":"product","link":"https:\/\/www.claret.cat\/es\/libro\/salses-i-salsetes-fredes-tradicionals-catalanes-9788417116804\/","title":{"rendered":"SALSES I SALSETES FREDES TRADICIONALS CATALANES"},"content":{"rendered":"<p>Amb aquest llibre volem transmetre una visi\u00f3 \u00e0mplia de les diferents salses de la cultura gastron\u00f2mica tradicional del nostre pa\u00eds. Les nostres salses s\u00f3n un immens est\u00edmul que activen paladars, engalanen aliments i gaudeixen d\u2019un indiscutible ress\u00f2 internacional, l\u2019allioli i el romesco en s\u00f3n testimoni.<br \/>En la nostra cuina hi ha molts talls que acompanyen les salses i no al rev\u00e9s, perqu\u00e8 elles s\u00f3n l\u2019excel\u00b7l\u00e8ncia de la cuina mediterr\u00e0nia, que t\u00e9 molt a veure amb la gran quantitat d\u2019ingredients que les formen.<br \/>Les salses han de tenir una consist\u00e8ncia m\u00e9s o menys cremosa, depenent de per a qu\u00e8 vagin destinades o del gust de la persona que les prepara. En totes elles hi ha un greix que embolcalla els altres ingredients que les componen per a fer-les m\u00e9s saboroses, suaus i tendres. Entre aquests elements hi trobem condiments i esp\u00e8cies que conferiran<\/p>\n","protected":false},"excerpt":{"rendered":"<p>DAVID SOL\u00c9 I TORN\u00c9<\/p>\n","protected":false},"featured_media":950553,"template":"","meta":{"_acf_changed":false,"om_disable_all_campaigns":false,"rs_blank_template":"","rs_page_bg_color":"","slide_template_v7":"","inline_featured_image":false,"_monsterinsights_skip_tracking":false,"_monsterinsights_sitenote_active":false,"_monsterinsights_sitenote_note":"","_monsterinsights_sitenote_category":0},"product_brand":[],"product_cat":[553,103],"product_tag":[],"class_list":{"0":"post-950552","1":"product","2":"type-product","3":"status-publish","4":"has-post-thumbnail","6":"product_cat-cocina","7":"product_cat-cuina","9":"first","10":"instock","11":"taxable","12":"shipping-taxable","13":"purchasable","14":"product-type-simple"},"acf":{"autor":"DAVID SOL\u00c9 I TORN\u00c9","codart":"841711680","libros-coleccion":"","ediciones":"1","encuadernacion":"Carpeta","fecha_de_publicacion":"01\/02\/2024","novedad":"1","paginas":"123","subtitulo":"","orden":"0","portada":"0","idioma":"cat","editorial":[{"ID":6255,"post_author":"3","post_date":"2022-07-28 17:48:16","post_date_gmt":"2022-07-28 15:48:16","post_content":"","post_title":"FARELL EDITORS I DISSENYADORS","post_excerpt":"","post_status":"publish","comment_status":"closed","ping_status":"closed","post_password":"","post_name":"farell-editors-i-dissenyadors","to_ping":"","pinged":"","post_modified":"2022-07-28 17:48:16","post_modified_gmt":"2022-07-28 15:48:16","post_content_filtered":"","post_parent":0,"guid":"http:\/\/dev.claret.cat\/editorial\/farell-editors-i-dissenyadors\/","menu_order":0,"post_type":"editorial","post_mime_type":"","comment_count":"0","filter":"raw"}]},"aioseo_notices":[],"_links":{"self":[{"href":"https:\/\/www.claret.cat\/es\/wp-json\/wp\/v2\/product\/950552","targetHints":{"allow":["GET"]}}],"collection":[{"href":"https:\/\/www.claret.cat\/es\/wp-json\/wp\/v2\/product"}],"about":[{"href":"https:\/\/www.claret.cat\/es\/wp-json\/wp\/v2\/types\/product"}],"wp:featuredmedia":[{"embeddable":true,"href":"https:\/\/www.claret.cat\/es\/wp-json\/wp\/v2\/media\/950553"}],"wp:attachment":[{"href":"https:\/\/www.claret.cat\/es\/wp-json\/wp\/v2\/media?parent=950552"}],"wp:term":[{"taxonomy":"product_brand","embeddable":true,"href":"https:\/\/www.claret.cat\/es\/wp-json\/wp\/v2\/product_brand?post=950552"},{"taxonomy":"product_cat","embeddable":true,"href":"https:\/\/www.claret.cat\/es\/wp-json\/wp\/v2\/product_cat?post=950552"},{"taxonomy":"product_tag","embeddable":true,"href":"https:\/\/www.claret.cat\/es\/wp-json\/wp\/v2\/product_tag?post=950552"}],"curies":[{"name":"wp","href":"https:\/\/api.w.org\/{rel}","templated":true}]}}