{"id":950609,"date":"2024-02-06T14:06:07","date_gmt":"2024-02-06T13:06:07","guid":{"rendered":"https:\/\/www.claret.cat\/llibre\/animales-de-la-granja-9788467795363\/"},"modified":"2024-02-08T17:26:22","modified_gmt":"2024-02-08T16:26:22","slug":"animales-de-la-granja-9788467795363","status":"publish","type":"product","link":"https:\/\/www.claret.cat\/es\/libro\/animales-de-la-granja-9788467795363\/","title":{"rendered":"ANIMALES DE LA GRANJA"},"content":{"rendered":"<p>Un fant\u00e1stico libro para los m\u00e1s peque\u00f1os de la casa, que podr\u00e1n extraer las grandes piezas de animales de la granja y luego encajarlas unas en otras para formar una serie. Los simp\u00e1ticos y breves textos junto con unas ilustraciones llenas de color ayudar\u00e1n a los lectores a disfrutar del libro durante horas.<\/p>\n","protected":false},"excerpt":{"rendered":"<p>MART\u00cdNEZ, EMMA<\/p>\n","protected":false},"featured_media":950610,"template":"","meta":{"_acf_changed":false,"om_disable_all_campaigns":false,"rs_blank_template":"","rs_page_bg_color":"","slide_template_v7":"","inline_featured_image":false,"_monsterinsights_skip_tracking":false,"_monsterinsights_sitenote_active":false,"_monsterinsights_sitenote_note":"","_monsterinsights_sitenote_category":0},"product_brand":[],"product_cat":[131,361],"product_tag":[],"class_list":{"0":"post-950609","1":"product","2":"type-product","3":"status-publish","4":"has-post-thumbnail","6":"product_cat-contes-per-infants-0-6-anys","7":"product_cat-cuentos-para-ninos-0-6-anos","9":"first","10":"instock","11":"taxable","12":"shipping-taxable","13":"purchasable","14":"product-type-simple"},"acf":{"autor":"MART\u00cdNEZ, EMMA","codart":"846779536","libros-coleccion":"FORA DE COL.LECCI\u00d3","ediciones":"1","encuadernacion":"Carpeta","fecha_de_publicacion":"01\/01\/2024","novedad":"1","paginas":"10","subtitulo":"","orden":"0","portada":"0","idioma":"spa","editorial":[{"ID":148846,"post_author":"3","post_date":"2022-10-14 12:01:27","post_date_gmt":"2022-10-14 10:01:27","post_content":"","post_title":"SUSAETA EDICIONES","post_excerpt":"","post_status":"publish","comment_status":"closed","ping_status":"closed","post_password":"","post_name":"susaeta-ediciones","to_ping":"","pinged":"","post_modified":"2022-10-14 12:01:27","post_modified_gmt":"2022-10-14 10:01:27","post_content_filtered":"","post_parent":0,"guid":"http:\/\/dev.claret.cat\/editorial\/susaeta-ediciones\/","menu_order":0,"post_type":"editorial","post_mime_type":"","comment_count":"0","filter":"raw"}]},"aioseo_notices":[],"_links":{"self":[{"href":"https:\/\/www.claret.cat\/es\/wp-json\/wp\/v2\/product\/950609","targetHints":{"allow":["GET"]}}],"collection":[{"href":"https:\/\/www.claret.cat\/es\/wp-json\/wp\/v2\/product"}],"about":[{"href":"https:\/\/www.claret.cat\/es\/wp-json\/wp\/v2\/types\/product"}],"wp:featuredmedia":[{"embeddable":true,"href":"https:\/\/www.claret.cat\/es\/wp-json\/wp\/v2\/media\/950610"}],"wp:attachment":[{"href":"https:\/\/www.claret.cat\/es\/wp-json\/wp\/v2\/media?parent=950609"}],"wp:term":[{"taxonomy":"product_brand","embeddable":true,"href":"https:\/\/www.claret.cat\/es\/wp-json\/wp\/v2\/product_brand?post=950609"},{"taxonomy":"product_cat","embeddable":true,"href":"https:\/\/www.claret.cat\/es\/wp-json\/wp\/v2\/product_cat?post=950609"},{"taxonomy":"product_tag","embeddable":true,"href":"https:\/\/www.claret.cat\/es\/wp-json\/wp\/v2\/product_tag?post=950609"}],"curies":[{"name":"wp","href":"https:\/\/api.w.org\/{rel}","templated":true}]}}