{"id":950776,"date":"2024-02-06T16:40:26","date_gmt":"2024-02-06T15:40:26","guid":{"rendered":"https:\/\/www.claret.cat\/llibre\/els-nostres-objectes-de-cada-dia-9788419657565\/"},"modified":"2026-01-30T16:53:53","modified_gmt":"2026-01-30T15:53:53","slug":"els-nostres-objectes-de-cada-dia-9788419657565","status":"publish","type":"product","link":"https:\/\/www.claret.cat\/es\/libro\/els-nostres-objectes-de-cada-dia-9788419657565\/","title":{"rendered":"ELS NOSTRES OBJECTES DE CADA DIA"},"content":{"rendered":"<p>Un dels dels llibres m\u00e9s estimats per Josep Maria Espin\u00e0s.Si hagu\u00e9ssim de triar els millors llibres de Josep Maria Espin\u00e0s, hi comptar\u00edem sens dubte Els nostres objectes de cada dia, que publiquem en una versi\u00f3 que el mateix Espin\u00e0s va deixar llesta el 2011, trenta anys despr\u00e9s de la primera edici\u00f3 \u2014quan llibres tan lliures eren una aut\u00e8ntica novetat\u2014. Els protagonistes d&#8217;aquestes p\u00e0gines s\u00f3n els objectes quotidians, els de cada dia, que l&#8217;autor contempla amb una mirada d&#8217;admiraci\u00f3 i humor i els descobreix de nou gr\u00e0cies a l&#8217;enginy i la sensibilitat. El resultat \u00e9s un llibre delici\u00f3s que, d&#8217;una banda, constitueix el retrat d&#8217;una \u00e8poca, i de l&#8217;altra, fa que el lector es miri amb uns ulls diferents el cintur\u00f3, les claus, la tauleta de nit, el term\u00f2metre, el raspall de dents i tants altres companys de viatge. En paraules de l&#8217;autor: \u201cParlant d&#8217;aquests objectes tan quotidians s\u00e9 que parlo de mi mateix i, penso, tamb\u00e9 de molts lectors\u201d.<br \/> \u00abL\u00facid, exacte i transparent. Ens ajuda a percebre la realitat quotidiana i a redescobrir l&#8221;existir senzill. I a m\u00e9s amb bon humor. Amb certa ironia\u00bb. Jaume Arias<br \/> \u00abUna petita obra mestra. Escrit per un gran observador, amb facilitat ling\u00fc\u00edstica i sensibilitat evocadora. Una hist\u00f2ria ir\u00f2nica i sentimental de les \u00faltimes d\u00e8cades\u00bb. Josep Faul\u00ed<\/p>\n<p>\u00abEn clau d&#8217;humor, una divertida petita com\u00e8dia humana d&#8217;aix\u00f2 tan seri\u00f3s que \u00e9s la vida de cada dia\u00bb. Jordi Sarsanedas<\/p>\n","protected":false},"excerpt":{"rendered":"<p>ESPIN\u00c0S MASIP, JOSEP M.<\/p>\n","protected":false},"featured_media":950900,"template":"","meta":{"_acf_changed":false,"om_disable_all_campaigns":false,"rs_blank_template":"","rs_page_bg_color":"","slide_template_v7":"","inline_featured_image":false,"_monsterinsights_skip_tracking":false,"_monsterinsights_sitenote_active":false,"_monsterinsights_sitenote_note":"","_monsterinsights_sitenote_category":0},"product_brand":[],"product_cat":[90,540],"product_tag":[],"class_list":{"0":"post-950776","1":"product","2":"type-product","3":"status-publish","4":"has-post-thumbnail","6":"product_cat-altres","7":"product_cat-otros","9":"first","10":"instock","11":"taxable","12":"shipping-taxable","13":"purchasable","14":"product-type-simple"},"acf":{"autor":"ESPIN\u00c0S MASIP, JOSEP M.","codart":"841965756","libros-coleccion":"A TOT VENT","ediciones":"1","encuadernacion":"R\u00fastica","fecha_de_publicacion":"01\/02\/2024","novedad":"1","paginas":"212","subtitulo":"","orden":"0","portada":"0","idioma":"cat","editorial":[{"ID":6336,"post_author":"3","post_date":"2022-07-28 17:50:00","post_date_gmt":"2022-07-28 15:50:00","post_content":"","post_title":"Proa","post_excerpt":"","post_status":"publish","comment_status":"closed","ping_status":"closed","post_password":"","post_name":"proa","to_ping":"","pinged":"","post_modified":"2022-07-28 17:50:00","post_modified_gmt":"2022-07-28 15:50:00","post_content_filtered":"","post_parent":0,"guid":"http:\/\/dev.claret.cat\/editorial\/proa\/","menu_order":0,"post_type":"editorial","post_mime_type":"","comment_count":"0","filter":"raw"}],"booktrailer":"","resenas":""},"aioseo_notices":[],"_links":{"self":[{"href":"https:\/\/www.claret.cat\/es\/wp-json\/wp\/v2\/product\/950776","targetHints":{"allow":["GET"]}}],"collection":[{"href":"https:\/\/www.claret.cat\/es\/wp-json\/wp\/v2\/product"}],"about":[{"href":"https:\/\/www.claret.cat\/es\/wp-json\/wp\/v2\/types\/product"}],"wp:featuredmedia":[{"embeddable":true,"href":"https:\/\/www.claret.cat\/es\/wp-json\/wp\/v2\/media\/950900"}],"wp:attachment":[{"href":"https:\/\/www.claret.cat\/es\/wp-json\/wp\/v2\/media?parent=950776"}],"wp:term":[{"taxonomy":"product_brand","embeddable":true,"href":"https:\/\/www.claret.cat\/es\/wp-json\/wp\/v2\/product_brand?post=950776"},{"taxonomy":"product_cat","embeddable":true,"href":"https:\/\/www.claret.cat\/es\/wp-json\/wp\/v2\/product_cat?post=950776"},{"taxonomy":"product_tag","embeddable":true,"href":"https:\/\/www.claret.cat\/es\/wp-json\/wp\/v2\/product_tag?post=950776"}],"curies":[{"name":"wp","href":"https:\/\/api.w.org\/{rel}","templated":true}]}}