{"id":950951,"date":"2024-02-07T13:15:02","date_gmt":"2024-02-07T12:15:02","guid":{"rendered":"https:\/\/www.claret.cat\/llibre\/la-pasion-por-la-evangelizacion-9788419240125\/"},"modified":"2025-09-16T12:30:52","modified_gmt":"2025-09-16T10:30:52","slug":"la-pasion-por-la-evangelizacion-9788419240125","status":"publish","type":"product","link":"https:\/\/www.claret.cat\/es\/libro\/la-pasion-por-la-evangelizacion-9788419240125\/","title":{"rendered":"LA PASI\u00d3N POR LA EVANGELIZACI\u00d3N"},"content":{"rendered":"<p>Romana presenta con L.E.V. el nuevo t\u00edtulo de la catequesis del Papa Francisco, dedicada a la pasi\u00f3n por evangelizar y al celo apost\u00f3lico del cristiano, a partir de la catequesis predicada por el Papa en el marco de la Audiencia general de los mi\u00e9rcoles. El volumen continua la serie Las palabras del Papa Francisco como instrumento \u00fatil para seguir la actividad del Pont\u00edfice y apreciar reposadamente sus intervenciones, en las que se contiene el Magisterio Petrino y en las que el Santo Padre Francisco habla al coraz\u00f3n de los fieles. En particular, el Papa Francisco analiza y desarrolla la pasi\u00f3n por la evangelizaci\u00f3n, en un ciclo completo y sistem\u00e1tico de catequesis. Parte de la llamada al apostolado, el primer apostolado, Jes\u00fas como modelo y maestro del anuncio y el Esp\u00edritu Santo protagonista del anuncio. Recorre el itinerario del Concilio Vaticano II que presenta la evangelizaci\u00f3n como servicio eclesial para ser &#8216;ap\u00f3stoles en una Iglesia apost\u00f3lica&#8217;, para llegar a los testigos de la evangelizaci\u00f3n: San Pablo, los m\u00e1rtires y los santos, como San Francisco Javier, el venerable Mateo Ricci y Santa Teresita del Ni\u00f1o Jes\u00fas, patrona de las misiones. La evangelizaci\u00f3n es &#8216;un tema urgente y decisivo para la vida cristiana: la pasi\u00f3n por la evangelizaci\u00f3n, es decir, el celo apost\u00f3lico. Se trata de una dimensi\u00f3n vital para la Iglesia: la comunidad de los disc\u00edpulos de Jes\u00fas de hecho nace apost\u00f3lica, nace misionera, no proselitista y desde el principio deb\u00edamos distinguir esto: ser misionero, ser apost\u00f3lico, evangelizar no es lo mismo que hacer proselitismo, no tiene nada que ver una cosa con la otra. &#8216;As\u00ed, en palabras de Francisco: \u00abla misi\u00f3n es el ox\u00edgeno de la vida cristiana: la tonifica y la purifica. Emprendemos, pues, un camino al descubrimiento de la pasi\u00f3n evangelizadora, empezando por las Escrituras y la ense\u00f1anza de la Iglesia, para obtener de las fuentes el celo apost\u00f3lico. Despu\u00e9s nos acercaremos a algunas fuentes vivas, a algunos testimonios que han encendido de nuevo en la Iglesia la pasi\u00f3n por el Evangelio, para que nos ayuden a reavivar el fuego que el Esp\u00edritu Santo quiere hacer arder siempre en nosotros. \u00bbUna nueva obra con las palabras del Papa Francisco acerca de la catequesis de la evangelizaci\u00f3n, con el horizonte del Jubileo 2025, con un estudio sistem\u00e1tico y completo sobre un tema capital en la vida cristiana.<\/p>\n","protected":false},"excerpt":{"rendered":"<p>PAPA FRANCISCO<\/p>\n","protected":false},"featured_media":951805,"template":"","meta":{"_acf_changed":false,"om_disable_all_campaigns":false,"rs_blank_template":"","rs_page_bg_color":"","slide_template_v7":"","inline_featured_image":false,"_monsterinsights_skip_tracking":false,"_monsterinsights_sitenote_active":false,"_monsterinsights_sitenote_note":"","_monsterinsights_sitenote_category":0},"product_brand":[],"product_cat":[285,419],"product_tag":[],"class_list":{"0":"post-950951","1":"product","2":"type-product","3":"status-publish","4":"has-post-thumbnail","6":"product_cat-pastoral-teologia","7":"product_cat-pastoral-teologia-1_espiritualidad","9":"first","10":"instock","11":"taxable","12":"shipping-taxable","13":"purchasable","14":"product-type-simple"},"acf":{"autor":"PAPA FRANCISCO","codart":"841924012","libros-coleccion":"","ediciones":"1","encuadernacion":"R\u00fastica","fecha_de_publicacion":"01\/01\/2024","novedad":"1","paginas":"144","subtitulo":"EL CELO APOST\u00d3LICO DEL CREYENTE","orden":"0","portada":"1","idioma":"spa","editorial":[{"ID":148758,"post_author":"3","post_date":"2022-10-14 12:00:45","post_date_gmt":"2022-10-14 10:00:45","post_content":"","post_title":"ROMANA","post_excerpt":"","post_status":"publish","comment_status":"closed","ping_status":"closed","post_password":"","post_name":"romana","to_ping":"","pinged":"","post_modified":"2022-10-14 12:00:45","post_modified_gmt":"2022-10-14 10:00:45","post_content_filtered":"","post_parent":0,"guid":"http:\/\/dev.claret.cat\/editorial\/romana\/","menu_order":0,"post_type":"editorial","post_mime_type":"","comment_count":"0","filter":"raw"}],"booktrailer":"","resenas":""},"aioseo_notices":[],"_links":{"self":[{"href":"https:\/\/www.claret.cat\/es\/wp-json\/wp\/v2\/product\/950951","targetHints":{"allow":["GET"]}}],"collection":[{"href":"https:\/\/www.claret.cat\/es\/wp-json\/wp\/v2\/product"}],"about":[{"href":"https:\/\/www.claret.cat\/es\/wp-json\/wp\/v2\/types\/product"}],"wp:featuredmedia":[{"embeddable":true,"href":"https:\/\/www.claret.cat\/es\/wp-json\/wp\/v2\/media\/951805"}],"wp:attachment":[{"href":"https:\/\/www.claret.cat\/es\/wp-json\/wp\/v2\/media?parent=950951"}],"wp:term":[{"taxonomy":"product_brand","embeddable":true,"href":"https:\/\/www.claret.cat\/es\/wp-json\/wp\/v2\/product_brand?post=950951"},{"taxonomy":"product_cat","embeddable":true,"href":"https:\/\/www.claret.cat\/es\/wp-json\/wp\/v2\/product_cat?post=950951"},{"taxonomy":"product_tag","embeddable":true,"href":"https:\/\/www.claret.cat\/es\/wp-json\/wp\/v2\/product_tag?post=950951"}],"curies":[{"name":"wp","href":"https:\/\/api.w.org\/{rel}","templated":true}]}}