{"id":950963,"date":"2024-02-07T13:21:10","date_gmt":"2024-02-07T12:21:10","guid":{"rendered":"https:\/\/www.claret.cat\/llibre\/100-coses-del-mon-coral-9788413563312\/"},"modified":"2024-02-07T17:31:14","modified_gmt":"2024-02-07T16:31:14","slug":"100-coses-del-mon-coral-9788413563312","status":"publish","type":"product","link":"https:\/\/www.claret.cat\/es\/libro\/100-coses-del-mon-coral-9788413563312\/","title":{"rendered":"100 COSES DEL M\u00d3N CORAL"},"content":{"rendered":"<p>UN LLIBRE PER APRENDRE SOBRE EL M\u00d3N DE LES CORALS, DES DE TOTS ELS SEUS VESSANTS.  \u00a0 \u00c9s veritat que cantar ens fa m\u00e9s feli\u00e7os? Com s&#8217;organitza un concert? Per qu\u00e8 sempre hi ha alg\u00fa que arriba tard als assaigs? Ets dels m\u00e9s actius al grup de WhatsApp de l&#8217;orfe\u00f3? Aquestes nom\u00e9s s\u00f3n algunes de les preguntes que es plantegen al llarg d&#8217;aquest llibre escrit des de l&#8217;experi\u00e8ncia, des de dintre del cor mateix, en qu\u00e8 les viv\u00e8ncies personals i el coneixement t\u00e8cnic ens condueixen fins als racons m\u00e9s inh\u00f2spits dels cors amateurs de Catalunya. L&#8217;objectiu \u00e9s clar: descobrir tot all\u00f2 que s&#8217;amaga dintre d&#8217;un cor i donar quatre idees que potser ens ajudaran a con\u00e8ixer i millorar la nostra experi\u00e8ncia coral.<\/p>\n","protected":false},"excerpt":{"rendered":"<p>TARRAG\u00d3 CRUET, MERITXELL \/ PUERTAS ESTEVE, DAVID<\/p>\n","protected":false},"featured_media":951050,"template":"","meta":{"_acf_changed":false,"om_disable_all_campaigns":false,"rs_blank_template":"","rs_page_bg_color":"","slide_template_v7":"","inline_featured_image":false,"_monsterinsights_skip_tracking":false,"_monsterinsights_sitenote_active":false,"_monsterinsights_sitenote_note":"","_monsterinsights_sitenote_category":0},"product_brand":[],"product_cat":[111,332],"product_tag":[],"class_list":{"0":"post-950963","1":"product","2":"type-product","3":"status-publish","4":"has-post-thumbnail","6":"product_cat-musica","7":"product_cat-musica-4_escolar-spa","9":"first","10":"instock","11":"taxable","12":"shipping-taxable","13":"purchasable","14":"product-type-simple"},"acf":{"autor":"TARRAG\u00d3 CRUET, MERITXELL \/ PUERTAS ESTEVE, DAVID","codart":"841356331","libros-coleccion":"De 100 en 100","ediciones":"1","encuadernacion":"R\u00fastica","fecha_de_publicacion":"01\/02\/2024","novedad":"1","paginas":"304","subtitulo":"UNA VISI\u00d3 DE LA VIDA DELS CORS ESCRITA DES DEL COR","orden":"0","portada":"0","idioma":"cat","editorial":[{"ID":6171,"post_author":"3","post_date":"2022-07-28 17:46:25","post_date_gmt":"2022-07-28 15:46:25","post_content":"","post_title":"COSSETANIA EDICIONS","post_excerpt":"","post_status":"publish","comment_status":"closed","ping_status":"closed","post_password":"","post_name":"cossetania-edicions","to_ping":"","pinged":"","post_modified":"2022-07-28 17:46:25","post_modified_gmt":"2022-07-28 15:46:25","post_content_filtered":"","post_parent":0,"guid":"http:\/\/dev.claret.cat\/editorial\/cossetania-edicions\/","menu_order":0,"post_type":"editorial","post_mime_type":"","comment_count":"0","filter":"raw"}]},"aioseo_notices":[],"_links":{"self":[{"href":"https:\/\/www.claret.cat\/es\/wp-json\/wp\/v2\/product\/950963","targetHints":{"allow":["GET"]}}],"collection":[{"href":"https:\/\/www.claret.cat\/es\/wp-json\/wp\/v2\/product"}],"about":[{"href":"https:\/\/www.claret.cat\/es\/wp-json\/wp\/v2\/types\/product"}],"wp:featuredmedia":[{"embeddable":true,"href":"https:\/\/www.claret.cat\/es\/wp-json\/wp\/v2\/media\/951050"}],"wp:attachment":[{"href":"https:\/\/www.claret.cat\/es\/wp-json\/wp\/v2\/media?parent=950963"}],"wp:term":[{"taxonomy":"product_brand","embeddable":true,"href":"https:\/\/www.claret.cat\/es\/wp-json\/wp\/v2\/product_brand?post=950963"},{"taxonomy":"product_cat","embeddable":true,"href":"https:\/\/www.claret.cat\/es\/wp-json\/wp\/v2\/product_cat?post=950963"},{"taxonomy":"product_tag","embeddable":true,"href":"https:\/\/www.claret.cat\/es\/wp-json\/wp\/v2\/product_tag?post=950963"}],"curies":[{"name":"wp","href":"https:\/\/api.w.org\/{rel}","templated":true}]}}